{"id":1075,"date":"2023-05-30T19:28:20","date_gmt":"2023-05-30T22:28:20","guid":{"rendered":"https:\/\/depex.com.uy\/?post_type=product&#038;p=1075"},"modified":"2025-02-18T16:12:56","modified_gmt":"2025-02-18T19:12:56","slug":"recipiente-hermetico-organizador-340ml-ou-block-gris","status":"publish","type":"product","link":"https:\/\/depex.com.uy\/?product=recipiente-hermetico-organizador-340ml-ou-block-gris","title":{"rendered":"Recipiente Herm\u00e9tico Organizador 340ml OU \u00abBlock\u00bb (Gris)"},"content":{"rendered":"<p><strong data-redactor-tag=\"strong\">Caracter\u00edsticas:<\/strong><\/p>\n<p>El Recipiente Herm\u00e9tico Organizador Block de 340 ml es perfecto para ayudar a organizar tu hogar, ya que almacena diferentes tipos de alimentos secos y condimentos. Apile, anide y visualice f\u00e1cilmente el contenido, manteniendo todo en orden. Su dise\u00f1o fue pensado para que los recipientes puedan apilarse y abrirse f\u00e1cilmente, con esquinas redondeadas que brindan un manejo c\u00f3modo y ergon\u00f3mico. Adem\u00e1s de contar con un anillo de sellado fabricado en silicona con tecnolog\u00eda que permite una apertura suave y un sellado perfecto. Pr\u00e1cticos, herm\u00e9ticos y modulares, los organizadores de bloques son esenciales para ayudarte a organizar tu cocina.<\/p>\n<p><strong data-redactor-tag=\"strong\">Dimensiones:\u00a0<\/strong>140x66x66mm<\/p>\n","protected":false},"excerpt":{"rendered":"<p>Caracter\u00edsticas: El Recipiente Herm\u00e9tico Organizador Block de 340 ml es perfecto para ayudar a organizar tu hogar, ya que almacena diferentes tipos de alimentos secos y condimentos. Apile, anide y visualice f\u00e1cilmente el contenido, manteniendo todo en orden. Su dise\u00f1o fue pensado para que los recipientes puedan apilarse y abrirse f\u00e1cilmente, con esquinas redondeadas que [&#8230;]\n","protected":false},"featured_media":1076,"template":"","meta":[],"product_brand":[63],"product_cat":[26,53],"product_tag":[],"class_list":{"0":"post-1075","1":"product","2":"type-product","3":"status-publish","4":"has-post-thumbnail","6":"product_brand-ou","7":"product_cat-ou","8":"product_cat-recipientes","10":"first","11":"instock","12":"taxable","13":"shipping-taxable","14":"purchasable","15":"product-type-simple"},"jetpack-related-posts":[],"jetpack_sharing_enabled":true,"_links":{"self":[{"href":"https:\/\/depex.com.uy\/index.php?rest_route=\/wp\/v2\/product\/1075","targetHints":{"allow":["GET"]}}],"collection":[{"href":"https:\/\/depex.com.uy\/index.php?rest_route=\/wp\/v2\/product"}],"about":[{"href":"https:\/\/depex.com.uy\/index.php?rest_route=\/wp\/v2\/types\/product"}],"wp:featuredmedia":[{"embeddable":true,"href":"https:\/\/depex.com.uy\/index.php?rest_route=\/wp\/v2\/media\/1076"}],"wp:attachment":[{"href":"https:\/\/depex.com.uy\/index.php?rest_route=%2Fwp%2Fv2%2Fmedia&parent=1075"}],"wp:term":[{"taxonomy":"product_brand","embeddable":true,"href":"https:\/\/depex.com.uy\/index.php?rest_route=%2Fwp%2Fv2%2Fproduct_brand&post=1075"},{"taxonomy":"product_cat","embeddable":true,"href":"https:\/\/depex.com.uy\/index.php?rest_route=%2Fwp%2Fv2%2Fproduct_cat&post=1075"},{"taxonomy":"product_tag","embeddable":true,"href":"https:\/\/depex.com.uy\/index.php?rest_route=%2Fwp%2Fv2%2Fproduct_tag&post=1075"}],"curies":[{"name":"wp","href":"https:\/\/api.w.org\/{rel}","templated":true}]}}