{"id":1089,"date":"2023-05-31T09:18:12","date_gmt":"2023-05-31T12:18:12","guid":{"rendered":"https:\/\/depex.com.uy\/?post_type=product&#038;p=1089"},"modified":"2025-02-18T16:12:56","modified_gmt":"2025-02-18T19:12:56","slug":"organizador-apilable-con-tapa-30x15x7cm-ou-clear-natural","status":"publish","type":"product","link":"https:\/\/depex.com.uy\/?product=organizador-apilable-con-tapa-30x15x7cm-ou-clear-natural","title":{"rendered":"Organizador Apilable con Tapa 30x15x7cm OU \u00abClear\u00bb (Natural)"},"content":{"rendered":"<p><strong data-redactor-tag=\"strong\">Caracter\u00edsticas:<\/strong><\/p>\n<p>El organizador de armario transparente de 30x15x7cm es el nuevo est\u00e1ndar en organizaci\u00f3n. Apile, anide y visualice f\u00e1cilmente el contenido, manteniendo todo en orden. Su dise\u00f1o fue pensado para permitir diferentes composiciones y brindar el m\u00e1ximo aprovechamiento del espacio en los ambientes. Producido en material resistente, el organizador posee c\u00f3modas asas que facilitan el transporte. En la despensa o en la cocina, en el dormitorio o en el lavadero, la l\u00ednea clear es esencial para ayudarte a organizar tu hogar.<\/p>\n<p><strong data-redactor-tag=\"strong\">Dimensiones:\u00a0<\/strong>300x150x70mm<\/p>\n","protected":false},"excerpt":{"rendered":"<p>Caracter\u00edsticas: El organizador de armario transparente de 30x15x7cm es el nuevo est\u00e1ndar en organizaci\u00f3n. Apile, anide y visualice f\u00e1cilmente el contenido, manteniendo todo en orden. Su dise\u00f1o fue pensado para permitir diferentes composiciones y brindar el m\u00e1ximo aprovechamiento del espacio en los ambientes. Producido en material resistente, el organizador posee c\u00f3modas asas que facilitan el [&#8230;]\n","protected":false},"featured_media":1090,"template":"","meta":[],"product_brand":[63],"product_cat":[20,26],"product_tag":[],"class_list":{"0":"post-1089","1":"product","2":"type-product","3":"status-publish","4":"has-post-thumbnail","6":"product_brand-ou","7":"product_cat-organizacion","8":"product_cat-ou","10":"first","11":"instock","12":"taxable","13":"shipping-taxable","14":"purchasable","15":"product-type-simple"},"jetpack-related-posts":[],"jetpack_sharing_enabled":true,"_links":{"self":[{"href":"https:\/\/depex.com.uy\/index.php?rest_route=\/wp\/v2\/product\/1089","targetHints":{"allow":["GET"]}}],"collection":[{"href":"https:\/\/depex.com.uy\/index.php?rest_route=\/wp\/v2\/product"}],"about":[{"href":"https:\/\/depex.com.uy\/index.php?rest_route=\/wp\/v2\/types\/product"}],"wp:featuredmedia":[{"embeddable":true,"href":"https:\/\/depex.com.uy\/index.php?rest_route=\/wp\/v2\/media\/1090"}],"wp:attachment":[{"href":"https:\/\/depex.com.uy\/index.php?rest_route=%2Fwp%2Fv2%2Fmedia&parent=1089"}],"wp:term":[{"taxonomy":"product_brand","embeddable":true,"href":"https:\/\/depex.com.uy\/index.php?rest_route=%2Fwp%2Fv2%2Fproduct_brand&post=1089"},{"taxonomy":"product_cat","embeddable":true,"href":"https:\/\/depex.com.uy\/index.php?rest_route=%2Fwp%2Fv2%2Fproduct_cat&post=1089"},{"taxonomy":"product_tag","embeddable":true,"href":"https:\/\/depex.com.uy\/index.php?rest_route=%2Fwp%2Fv2%2Fproduct_tag&post=1089"}],"curies":[{"name":"wp","href":"https:\/\/api.w.org\/{rel}","templated":true}]}}