{"id":1165,"date":"2023-05-31T14:44:46","date_gmt":"2023-05-31T17:44:46","guid":{"rendered":"https:\/\/depex.com.uy\/?post_type=product&#038;p=1165"},"modified":"2025-02-18T16:13:00","modified_gmt":"2025-02-18T19:13:00","slug":"cubiertero-organizador-expandible-ou-logic-gris","status":"publish","type":"product","link":"https:\/\/depex.com.uy\/?product=cubiertero-organizador-expandible-ou-logic-gris","title":{"rendered":"Cubiertera Expandible 6 Divisiones OU \u00abLogic\u00bb (Gris)"},"content":{"rendered":"<p><strong data-redactor-tag=\"strong\">Caracter\u00edsticas:<\/strong><\/p>\n<p>El Organizador de Cubiertos con Extensor Logic 28 x 36 x 6 cm es perfecto para organizar sus cajones de cubiertos. Con 5 segmentos y un prolongador, el producto permite segmentar los cubiertos de forma visual, sencilla y pr\u00e1ctica, manteni\u00e9ndolos limpios y protegidos.<\/p>\n<div>La l\u00ednea trae diferentes tama\u00f1os y colores que son f\u00e1ciles de combinar y tienen modularidad entre s\u00ed permitiendo diferentes soluciones de organizaci\u00f3n seg\u00fan su necesidad y creatividad. Los productos est\u00e1n fabricados en material texturizado (Polipropileno) reduciendo la apariencia de rayones y rayones. Adem\u00e1s de tener esquinas redondeadas que no acumulan suciedad y facilitan la higiene.<\/div>\n<div>Almacena, segmenta, organiza tus cubiertos seg\u00fan tu creatividad, la l\u00ednea Logic llega para ayudarte en la organizaci\u00f3n de tu cocina, a trav\u00e9s de accesorios que aportan funcionalidad y cuidado a tu d\u00eda a d\u00eda.<\/div>\n<div><\/div>\n<div><iframe src=\"https:\/\/player.vimeo.com\/video\/515434963\" frameborder=\"0\" allowfullscreen=\"allowfullscreen\" data-mce-fragment=\"1\"><\/iframe><\/div>\n<div><\/div>\n<p><strong data-redactor-tag=\"strong\">Dimensiones:<\/strong>\u00a0280x360x60mm<\/p>\n","protected":false},"excerpt":{"rendered":"<p>Caracter\u00edsticas: El Organizador de Cubiertos con Extensor Logic 28 x 36 x 6 cm es perfecto para organizar sus cajones de cubiertos. Con 5 segmentos y un prolongador, el producto permite segmentar los cubiertos de forma visual, sencilla y pr\u00e1ctica, manteni\u00e9ndolos limpios y protegidos. La l\u00ednea trae diferentes tama\u00f1os y colores que son f\u00e1ciles de [&#8230;]\n","protected":false},"featured_media":1166,"template":"","meta":[],"product_brand":[63],"product_cat":[20,26],"product_tag":[],"class_list":{"0":"post-1165","1":"product","2":"type-product","3":"status-publish","4":"has-post-thumbnail","6":"product_brand-ou","7":"product_cat-organizacion","8":"product_cat-ou","10":"first","11":"instock","12":"taxable","13":"shipping-taxable","14":"purchasable","15":"product-type-simple"},"jetpack-related-posts":[],"jetpack_sharing_enabled":true,"_links":{"self":[{"href":"https:\/\/depex.com.uy\/index.php?rest_route=\/wp\/v2\/product\/1165","targetHints":{"allow":["GET"]}}],"collection":[{"href":"https:\/\/depex.com.uy\/index.php?rest_route=\/wp\/v2\/product"}],"about":[{"href":"https:\/\/depex.com.uy\/index.php?rest_route=\/wp\/v2\/types\/product"}],"wp:featuredmedia":[{"embeddable":true,"href":"https:\/\/depex.com.uy\/index.php?rest_route=\/wp\/v2\/media\/1166"}],"wp:attachment":[{"href":"https:\/\/depex.com.uy\/index.php?rest_route=%2Fwp%2Fv2%2Fmedia&parent=1165"}],"wp:term":[{"taxonomy":"product_brand","embeddable":true,"href":"https:\/\/depex.com.uy\/index.php?rest_route=%2Fwp%2Fv2%2Fproduct_brand&post=1165"},{"taxonomy":"product_cat","embeddable":true,"href":"https:\/\/depex.com.uy\/index.php?rest_route=%2Fwp%2Fv2%2Fproduct_cat&post=1165"},{"taxonomy":"product_tag","embeddable":true,"href":"https:\/\/depex.com.uy\/index.php?rest_route=%2Fwp%2Fv2%2Fproduct_tag&post=1165"}],"curies":[{"name":"wp","href":"https:\/\/api.w.org\/{rel}","templated":true}]}}