{"id":1207,"date":"2023-05-31T15:08:54","date_gmt":"2023-05-31T18:08:54","guid":{"rendered":"https:\/\/depex.com.uy\/?post_type=product&#038;p=1207"},"modified":"2025-02-18T16:13:02","modified_gmt":"2025-02-18T19:13:02","slug":"organizador-de-cajones-35x125x75cm-ou-logic-natural","status":"publish","type":"product","link":"https:\/\/depex.com.uy\/?product=organizador-de-cajones-35x125x75cm-ou-logic-natural","title":{"rendered":"Organizador de Cajones 35&#215;12,5&#215;7,5cm OU \u00abLogic\u00bb (Natural)"},"content":{"rendered":"<p><strong data-redactor-tag=\"strong\">Caracter\u00edsticas:<\/strong><\/p>\n<p>La colmena organizadora Logic G 35 x 12,5 x 7,5 cm es perfecta para organizar tus cajones. Organiza ropa interior, corbatas, calcetines, bufandas y complementos de forma sencilla, visual y pr\u00e1ctica. La l\u00ednea trae diferentes tama\u00f1os y colores que son f\u00e1ciles de combinar y tienen modularidad entre s\u00ed, permitiendo diferentes soluciones de organizaci\u00f3n de acuerdo a sus necesidades y creatividad. Los productos cuentan con mamparas r\u00edgidas y fijas, est\u00e1n fabricados en material texturizado (Polipropileno) reduciendo la visibilidad de rayones y ralladuras, adem\u00e1s de tener esquinas redondeadas que no acumulan suciedad y facilitan la limpieza. Acomoda, guarda y organiza seg\u00fan tu creatividad, la l\u00ednea Logic viene para ayudarte a organizar tu d\u00eda a d\u00eda en los diversos ambientes de tu hogar. \u00bfCual? Dondequiera que te lleve tu imaginaci\u00f3n.<\/p>\n<p><iframe src=\"https:\/\/player.vimeo.com\/video\/515434963\" frameborder=\"0\" allowfullscreen=\"allowfullscreen\" data-mce-fragment=\"1\"><\/iframe><\/p>\n<p><strong data-redactor-tag=\"strong\">Dimensiones:<\/strong>\u00a075x125x350mm<\/p>\n","protected":false},"excerpt":{"rendered":"<p>Caracter\u00edsticas: La colmena organizadora Logic G 35 x 12,5 x 7,5 cm es perfecta para organizar tus cajones. Organiza ropa interior, corbatas, calcetines, bufandas y complementos de forma sencilla, visual y pr\u00e1ctica. La l\u00ednea trae diferentes tama\u00f1os y colores que son f\u00e1ciles de combinar y tienen modularidad entre s\u00ed, permitiendo diferentes soluciones de organizaci\u00f3n de [&#8230;]\n","protected":false},"featured_media":1208,"template":"","meta":[],"product_brand":[63],"product_cat":[20,26],"product_tag":[],"class_list":{"0":"post-1207","1":"product","2":"type-product","3":"status-publish","4":"has-post-thumbnail","6":"product_brand-ou","7":"product_cat-organizacion","8":"product_cat-ou","10":"first","11":"instock","12":"taxable","13":"shipping-taxable","14":"purchasable","15":"product-type-simple"},"jetpack-related-posts":[],"jetpack_sharing_enabled":true,"_links":{"self":[{"href":"https:\/\/depex.com.uy\/index.php?rest_route=\/wp\/v2\/product\/1207","targetHints":{"allow":["GET"]}}],"collection":[{"href":"https:\/\/depex.com.uy\/index.php?rest_route=\/wp\/v2\/product"}],"about":[{"href":"https:\/\/depex.com.uy\/index.php?rest_route=\/wp\/v2\/types\/product"}],"wp:featuredmedia":[{"embeddable":true,"href":"https:\/\/depex.com.uy\/index.php?rest_route=\/wp\/v2\/media\/1208"}],"wp:attachment":[{"href":"https:\/\/depex.com.uy\/index.php?rest_route=%2Fwp%2Fv2%2Fmedia&parent=1207"}],"wp:term":[{"taxonomy":"product_brand","embeddable":true,"href":"https:\/\/depex.com.uy\/index.php?rest_route=%2Fwp%2Fv2%2Fproduct_brand&post=1207"},{"taxonomy":"product_cat","embeddable":true,"href":"https:\/\/depex.com.uy\/index.php?rest_route=%2Fwp%2Fv2%2Fproduct_cat&post=1207"},{"taxonomy":"product_tag","embeddable":true,"href":"https:\/\/depex.com.uy\/index.php?rest_route=%2Fwp%2Fv2%2Fproduct_tag&post=1207"}],"curies":[{"name":"wp","href":"https:\/\/api.w.org\/{rel}","templated":true}]}}