{"id":1238,"date":"2023-05-31T18:17:11","date_gmt":"2023-05-31T21:17:11","guid":{"rendered":"https:\/\/depex.com.uy\/?post_type=product&#038;p=1238"},"modified":"2025-02-18T16:13:03","modified_gmt":"2025-02-18T19:13:03","slug":"recipiente-para-fiambres-doble-ou-clear-fresh-natural","status":"publish","type":"product","link":"https:\/\/depex.com.uy\/?product=recipiente-para-fiambres-doble-ou-clear-fresh-natural","title":{"rendered":"Recipiente para Fiambres Doble OU \u00abClear Fresh\u00bb (Natural)"},"content":{"rendered":"<p><strong data-redactor-tag=\"strong\">Caracter\u00edsticas:<\/strong><\/p>\n<p>El Porta Fiambres Doble Clear Fresh es el nuevo est\u00e1ndar de transparencia para quienes buscan empacar y servir fiambres de manera sencilla y pr\u00e1ctica, promoviendo belleza y funcionalidad para el uso diario y ocasiones especiales. Apile, ajuste y vea f\u00e1cilmente los fiambres almacenados, manteniendo todo en orden. Con un dise\u00f1o minimalista, combina con todo tipo de cocinas, aportando armon\u00eda entre el color y la transparencia para facilitar la visualizaci\u00f3n de los elementos en la mesa. Otro diferencial de la l\u00ednea es su superficie interna, que tiene ranuras que evitan que los productos fr\u00edos entren en contacto directamente con la superficie del producto. S\u00faper transparencia, belleza y cuidado de los alimentos son caracter\u00edsticas de la l\u00ednea Clear Fresh, perfecta para ayudar a organizar tu refrigerador y hacer tu d\u00eda a d\u00eda m\u00e1s f\u00e1cil.<\/p>\n<p><strong data-redactor-tag=\"strong\">Dimensiones:\u00a0<\/strong>95x150x200mm<\/p>\n","protected":false},"excerpt":{"rendered":"<p>Caracter\u00edsticas: El Porta Fiambres Doble Clear Fresh es el nuevo est\u00e1ndar de transparencia para quienes buscan empacar y servir fiambres de manera sencilla y pr\u00e1ctica, promoviendo belleza y funcionalidad para el uso diario y ocasiones especiales. Apile, ajuste y vea f\u00e1cilmente los fiambres almacenados, manteniendo todo en orden. Con un dise\u00f1o minimalista, combina con todo [&#8230;]\n","protected":false},"featured_media":1239,"template":"","meta":[],"product_brand":[63],"product_cat":[19,20,26],"product_tag":[],"class_list":{"0":"post-1238","1":"product","2":"type-product","3":"status-publish","4":"has-post-thumbnail","6":"product_brand-ou","7":"product_cat-cocina","8":"product_cat-organizacion","9":"product_cat-ou","11":"first","12":"instock","13":"taxable","14":"shipping-taxable","15":"purchasable","16":"product-type-simple"},"jetpack-related-posts":[],"jetpack_sharing_enabled":true,"_links":{"self":[{"href":"https:\/\/depex.com.uy\/index.php?rest_route=\/wp\/v2\/product\/1238","targetHints":{"allow":["GET"]}}],"collection":[{"href":"https:\/\/depex.com.uy\/index.php?rest_route=\/wp\/v2\/product"}],"about":[{"href":"https:\/\/depex.com.uy\/index.php?rest_route=\/wp\/v2\/types\/product"}],"wp:featuredmedia":[{"embeddable":true,"href":"https:\/\/depex.com.uy\/index.php?rest_route=\/wp\/v2\/media\/1239"}],"wp:attachment":[{"href":"https:\/\/depex.com.uy\/index.php?rest_route=%2Fwp%2Fv2%2Fmedia&parent=1238"}],"wp:term":[{"taxonomy":"product_brand","embeddable":true,"href":"https:\/\/depex.com.uy\/index.php?rest_route=%2Fwp%2Fv2%2Fproduct_brand&post=1238"},{"taxonomy":"product_cat","embeddable":true,"href":"https:\/\/depex.com.uy\/index.php?rest_route=%2Fwp%2Fv2%2Fproduct_cat&post=1238"},{"taxonomy":"product_tag","embeddable":true,"href":"https:\/\/depex.com.uy\/index.php?rest_route=%2Fwp%2Fv2%2Fproduct_tag&post=1238"}],"curies":[{"name":"wp","href":"https:\/\/api.w.org\/{rel}","templated":true}]}}