{"id":1255,"date":"2023-05-31T19:19:07","date_gmt":"2023-05-31T22:19:07","guid":{"rendered":"https:\/\/depex.com.uy\/?post_type=product&#038;p=1255"},"modified":"2025-02-18T16:13:03","modified_gmt":"2025-02-18T19:13:03","slug":"recipiente-para-fiambres-ou-break-gris","status":"publish","type":"product","link":"https:\/\/depex.com.uy\/?product=recipiente-para-fiambres-ou-break-gris","title":{"rendered":"Recipiente para Fiambres OU \u00abBreak\u00bb (Gris)"},"content":{"rendered":"<p><strong data-redactor-tag=\"strong\">Caracter\u00edsticas:<\/strong><\/p>\n<p>El Recipiente para Fiambres con tapa \u00abBreak\u00bb es el art\u00edculo perfecto para quien busca belleza para servir y envasar fiambres de una forma sencilla y pr\u00e1ctica, aportando facilidad en el d\u00eda a d\u00eda y en las ocasiones especiales. Con un dise\u00f1o minimalista, combina con todo tipo de cocinas, aportando armon\u00eda entre el color y la transparencia para facilitar la visualizaci\u00f3n de los elementos en la mesa. Otro diferencial de la l\u00ednea son sus superficies, que internamente tienen un acabado pulido, facilitando la limpieza. El acabado exterior es texturizado, lo que reduce la visibilidad de los ara\u00f1azos. El material de la l\u00ednea tiene la base en material r\u00edgido y texturizado (polipropileno) y las tapas y c\u00fapulas en material transparente (poliestireno). De la nevera directamente a la mesa, aportar\u00e1 practicidad, color y belleza a tu d\u00eda a d\u00eda.<\/p>\n<p><strong data-redactor-tag=\"strong\">Dimensiones:\u00a0<\/strong>45x130x190mm<\/p>\n","protected":false},"excerpt":{"rendered":"<p>Caracter\u00edsticas: El Recipiente para Fiambres con tapa \u00abBreak\u00bb es el art\u00edculo perfecto para quien busca belleza para servir y envasar fiambres de una forma sencilla y pr\u00e1ctica, aportando facilidad en el d\u00eda a d\u00eda y en las ocasiones especiales. Con un dise\u00f1o minimalista, combina con todo tipo de cocinas, aportando armon\u00eda entre el color y [&#8230;]\n","protected":false},"featured_media":1256,"template":"","meta":[],"product_brand":[63],"product_cat":[49,26],"product_tag":[],"class_list":{"0":"post-1255","1":"product","2":"type-product","3":"status-publish","4":"has-post-thumbnail","6":"product_brand-ou","7":"product_cat-mesa","8":"product_cat-ou","10":"first","11":"instock","12":"taxable","13":"shipping-taxable","14":"purchasable","15":"product-type-simple"},"jetpack-related-posts":[],"jetpack_sharing_enabled":true,"_links":{"self":[{"href":"https:\/\/depex.com.uy\/index.php?rest_route=\/wp\/v2\/product\/1255","targetHints":{"allow":["GET"]}}],"collection":[{"href":"https:\/\/depex.com.uy\/index.php?rest_route=\/wp\/v2\/product"}],"about":[{"href":"https:\/\/depex.com.uy\/index.php?rest_route=\/wp\/v2\/types\/product"}],"wp:featuredmedia":[{"embeddable":true,"href":"https:\/\/depex.com.uy\/index.php?rest_route=\/wp\/v2\/media\/1256"}],"wp:attachment":[{"href":"https:\/\/depex.com.uy\/index.php?rest_route=%2Fwp%2Fv2%2Fmedia&parent=1255"}],"wp:term":[{"taxonomy":"product_brand","embeddable":true,"href":"https:\/\/depex.com.uy\/index.php?rest_route=%2Fwp%2Fv2%2Fproduct_brand&post=1255"},{"taxonomy":"product_cat","embeddable":true,"href":"https:\/\/depex.com.uy\/index.php?rest_route=%2Fwp%2Fv2%2Fproduct_cat&post=1255"},{"taxonomy":"product_tag","embeddable":true,"href":"https:\/\/depex.com.uy\/index.php?rest_route=%2Fwp%2Fv2%2Fproduct_tag&post=1255"}],"curies":[{"name":"wp","href":"https:\/\/api.w.org\/{rel}","templated":true}]}}