{"id":1259,"date":"2023-05-31T20:37:36","date_gmt":"2023-05-31T23:37:36","guid":{"rendered":"https:\/\/depex.com.uy\/?post_type=product&#038;p=1259"},"modified":"2025-02-18T16:13:04","modified_gmt":"2025-02-18T19:13:04","slug":"recipiente-para-fiambres-doble-ou-break-blanco","status":"publish","type":"product","link":"https:\/\/depex.com.uy\/?product=recipiente-para-fiambres-doble-ou-break-blanco","title":{"rendered":"Recipiente para Fiambres Doble OU \u00abBreak\u00bb (Blanco)"},"content":{"rendered":"<p><strong data-redactor-tag=\"strong\">Caracter\u00edsticas:<\/strong><\/p>\n<p>El Recipiente para Fiambres Doble con Tapa \u00abBreak\u00bb es el art\u00edculo perfecto para aquellos que buscan belleza para servir y envasar fiambres de una manera sencilla y pr\u00e1ctica, aportando comodidad al d\u00eda a d\u00eda y a las ocasiones especiales. Con un dise\u00f1o minimalista, combina con todo tipo de cocinas, aportando armon\u00eda entre el color y la transparencia para facilitar la visualizaci\u00f3n de los elementos en la mesa. Otro diferencial de la l\u00ednea son sus superficies, que internamente tienen un acabado pulido, facilitando la limpieza. Externamente, el acabado es texturizado, lo que reduce la visibilidad de los ara\u00f1azos. El material de la l\u00ednea tiene la base en material r\u00edgido y texturizado (polipropileno) y las tapas y c\u00fapulas en material transparente (poliestireno). De la nevera directamente a la mesa, aportar\u00e1 practicidad, color y belleza a tu d\u00eda a d\u00eda.<\/p>\n<p><strong data-redactor-tag=\"strong\">Dimensiones:\u00a0<\/strong>275x165x55mm<\/p>\n","protected":false},"excerpt":{"rendered":"<p>Caracter\u00edsticas: El Recipiente para Fiambres Doble con Tapa \u00abBreak\u00bb es el art\u00edculo perfecto para aquellos que buscan belleza para servir y envasar fiambres de una manera sencilla y pr\u00e1ctica, aportando comodidad al d\u00eda a d\u00eda y a las ocasiones especiales. Con un dise\u00f1o minimalista, combina con todo tipo de cocinas, aportando armon\u00eda entre el color [&#8230;]\n","protected":false},"featured_media":1260,"template":"","meta":[],"product_brand":[63],"product_cat":[49,26],"product_tag":[],"class_list":{"0":"post-1259","1":"product","2":"type-product","3":"status-publish","4":"has-post-thumbnail","6":"product_brand-ou","7":"product_cat-mesa","8":"product_cat-ou","10":"first","11":"instock","12":"taxable","13":"shipping-taxable","14":"purchasable","15":"product-type-simple"},"jetpack-related-posts":[],"jetpack_sharing_enabled":true,"_links":{"self":[{"href":"https:\/\/depex.com.uy\/index.php?rest_route=\/wp\/v2\/product\/1259","targetHints":{"allow":["GET"]}}],"collection":[{"href":"https:\/\/depex.com.uy\/index.php?rest_route=\/wp\/v2\/product"}],"about":[{"href":"https:\/\/depex.com.uy\/index.php?rest_route=\/wp\/v2\/types\/product"}],"wp:featuredmedia":[{"embeddable":true,"href":"https:\/\/depex.com.uy\/index.php?rest_route=\/wp\/v2\/media\/1260"}],"wp:attachment":[{"href":"https:\/\/depex.com.uy\/index.php?rest_route=%2Fwp%2Fv2%2Fmedia&parent=1259"}],"wp:term":[{"taxonomy":"product_brand","embeddable":true,"href":"https:\/\/depex.com.uy\/index.php?rest_route=%2Fwp%2Fv2%2Fproduct_brand&post=1259"},{"taxonomy":"product_cat","embeddable":true,"href":"https:\/\/depex.com.uy\/index.php?rest_route=%2Fwp%2Fv2%2Fproduct_cat&post=1259"},{"taxonomy":"product_tag","embeddable":true,"href":"https:\/\/depex.com.uy\/index.php?rest_route=%2Fwp%2Fv2%2Fproduct_tag&post=1259"}],"curies":[{"name":"wp","href":"https:\/\/api.w.org\/{rel}","templated":true}]}}