{"id":1320,"date":"2023-05-31T21:56:31","date_gmt":"2023-06-01T00:56:31","guid":{"rendered":"https:\/\/depex.com.uy\/?post_type=product&#038;p=1320"},"modified":"2025-02-18T16:13:06","modified_gmt":"2025-02-18T19:13:06","slug":"copa-600ml-ou-gin-natural","status":"publish","type":"product","link":"https:\/\/depex.com.uy\/?product=copa-600ml-ou-gin-natural","title":{"rendered":"Copa 600ml OU \u00abGin\u00bb (Natural)"},"content":{"rendered":"<p><strong data-redactor-tag=\"strong\">Caracter\u00edsticas:<\/strong><\/p>\n<p>La Copa de Gin Tonic de 600ml es perfecta para quienes buscan funcionalidad y belleza a la hora de servir, con un dise\u00f1o cl\u00e1sico y colores transl\u00facidos para combinar con cualquier tipo de mesa. La Copa de Gin Tonic de 600ml tiene un asa ergon\u00f3mica que asegura un c\u00f3modo manejo y transporte. Fabricado en material r\u00edgido y brillante (PS), adem\u00e1s de esquinas redondeadas que facilitan la limpieza. Practicidad, belleza y dise\u00f1o son las caracter\u00edsticas de la l\u00ednea SERVER dise\u00f1ada para brindar una organizaci\u00f3n de mesa de calidad.<\/p>\n<p><strong data-redactor-tag=\"strong\">Dimensiones:\u00a0<\/strong>110x110x200mm<\/p>\n","protected":false},"excerpt":{"rendered":"<p>Caracter\u00edsticas: La Copa de Gin Tonic de 600ml es perfecta para quienes buscan funcionalidad y belleza a la hora de servir, con un dise\u00f1o cl\u00e1sico y colores transl\u00facidos para combinar con cualquier tipo de mesa. La Copa de Gin Tonic de 600ml tiene un asa ergon\u00f3mica que asegura un c\u00f3modo manejo y transporte. Fabricado en [&#8230;]\n","protected":false},"featured_media":1321,"template":"","meta":[],"product_brand":[63],"product_cat":[49,26],"product_tag":[],"class_list":{"0":"post-1320","1":"product","2":"type-product","3":"status-publish","4":"has-post-thumbnail","6":"product_brand-ou","7":"product_cat-mesa","8":"product_cat-ou","10":"first","11":"instock","12":"taxable","13":"shipping-taxable","14":"purchasable","15":"product-type-simple"},"jetpack-related-posts":[],"jetpack_sharing_enabled":true,"_links":{"self":[{"href":"https:\/\/depex.com.uy\/index.php?rest_route=\/wp\/v2\/product\/1320","targetHints":{"allow":["GET"]}}],"collection":[{"href":"https:\/\/depex.com.uy\/index.php?rest_route=\/wp\/v2\/product"}],"about":[{"href":"https:\/\/depex.com.uy\/index.php?rest_route=\/wp\/v2\/types\/product"}],"wp:featuredmedia":[{"embeddable":true,"href":"https:\/\/depex.com.uy\/index.php?rest_route=\/wp\/v2\/media\/1321"}],"wp:attachment":[{"href":"https:\/\/depex.com.uy\/index.php?rest_route=%2Fwp%2Fv2%2Fmedia&parent=1320"}],"wp:term":[{"taxonomy":"product_brand","embeddable":true,"href":"https:\/\/depex.com.uy\/index.php?rest_route=%2Fwp%2Fv2%2Fproduct_brand&post=1320"},{"taxonomy":"product_cat","embeddable":true,"href":"https:\/\/depex.com.uy\/index.php?rest_route=%2Fwp%2Fv2%2Fproduct_cat&post=1320"},{"taxonomy":"product_tag","embeddable":true,"href":"https:\/\/depex.com.uy\/index.php?rest_route=%2Fwp%2Fv2%2Fproduct_tag&post=1320"}],"curies":[{"name":"wp","href":"https:\/\/api.w.org\/{rel}","templated":true}]}}