{"id":1342,"date":"2023-05-31T22:44:09","date_gmt":"2023-06-01T01:44:09","guid":{"rendered":"https:\/\/depex.com.uy\/?post_type=product&#038;p=1342"},"modified":"2025-02-18T16:13:07","modified_gmt":"2025-02-18T19:13:07","slug":"protector-de-pileta-ou-trium-gris","status":"publish","type":"product","link":"https:\/\/depex.com.uy\/?product=protector-de-pileta-ou-trium-gris","title":{"rendered":"Protector de Pileta OU \u00abTrium\u00bb (Gris)"},"content":{"rendered":"<p><strong data-redactor-tag=\"strong\">Caracter\u00edsticas:<\/strong><\/p>\n<p>Tu hogar con un toque de practicidad El Trium Sink Mat es el art\u00edculo perfecto para quienes buscan funcionalidad y belleza sobre el fregadero, ya que permite una organizaci\u00f3n vers\u00e1til adem\u00e1s de optimizar el espacio en el ambiente. Con un dise\u00f1o minimalista, combina con todo tipo de cocinas o balcones gourmet. El producto se caracteriza por ser multiprop\u00f3sito, se puede utilizar para escurrir vasos, proteger la tina para la limpieza de sartenes y elementos que puedan rayar el fregadero. Fabricado en material resistente y flexible (PVC) y tambi\u00e9n resistente a hongos y bacterias. Practicidad, belleza y dise\u00f1o son las caracter\u00edsticas de la l\u00ednea trium dise\u00f1ada para brindar calidad en la organizaci\u00f3n de su fregadero.<\/p>\n<p><strong data-redactor-tag=\"strong\">Dimensiones:\u00a0<\/strong>170x90x50mm<\/p>\n","protected":false},"excerpt":{"rendered":"<p>Caracter\u00edsticas: Tu hogar con un toque de practicidad El Trium Sink Mat es el art\u00edculo perfecto para quienes buscan funcionalidad y belleza sobre el fregadero, ya que permite una organizaci\u00f3n vers\u00e1til adem\u00e1s de optimizar el espacio en el ambiente. Con un dise\u00f1o minimalista, combina con todo tipo de cocinas o balcones gourmet. El producto se [&#8230;]\n","protected":false},"featured_media":1343,"template":"","meta":[],"product_brand":[63],"product_cat":[19,26],"product_tag":[],"class_list":{"0":"post-1342","1":"product","2":"type-product","3":"status-publish","4":"has-post-thumbnail","6":"product_brand-ou","7":"product_cat-cocina","8":"product_cat-ou","10":"first","11":"instock","12":"taxable","13":"shipping-taxable","14":"purchasable","15":"product-type-simple"},"jetpack-related-posts":[],"jetpack_sharing_enabled":true,"_links":{"self":[{"href":"https:\/\/depex.com.uy\/index.php?rest_route=\/wp\/v2\/product\/1342","targetHints":{"allow":["GET"]}}],"collection":[{"href":"https:\/\/depex.com.uy\/index.php?rest_route=\/wp\/v2\/product"}],"about":[{"href":"https:\/\/depex.com.uy\/index.php?rest_route=\/wp\/v2\/types\/product"}],"wp:featuredmedia":[{"embeddable":true,"href":"https:\/\/depex.com.uy\/index.php?rest_route=\/wp\/v2\/media\/1343"}],"wp:attachment":[{"href":"https:\/\/depex.com.uy\/index.php?rest_route=%2Fwp%2Fv2%2Fmedia&parent=1342"}],"wp:term":[{"taxonomy":"product_brand","embeddable":true,"href":"https:\/\/depex.com.uy\/index.php?rest_route=%2Fwp%2Fv2%2Fproduct_brand&post=1342"},{"taxonomy":"product_cat","embeddable":true,"href":"https:\/\/depex.com.uy\/index.php?rest_route=%2Fwp%2Fv2%2Fproduct_cat&post=1342"},{"taxonomy":"product_tag","embeddable":true,"href":"https:\/\/depex.com.uy\/index.php?rest_route=%2Fwp%2Fv2%2Fproduct_tag&post=1342"}],"curies":[{"name":"wp","href":"https:\/\/api.w.org\/{rel}","templated":true}]}}