{"id":1366,"date":"2023-06-01T09:20:39","date_gmt":"2023-06-01T12:20:39","guid":{"rendered":"https:\/\/depex.com.uy\/?post_type=product&#038;p=1366"},"modified":"2025-02-18T16:13:08","modified_gmt":"2025-02-18T19:13:08","slug":"escurridor-de-cubiertos-plasutil-blanco","status":"publish","type":"product","link":"https:\/\/depex.com.uy\/?product=escurridor-de-cubiertos-plasutil-blanco","title":{"rendered":"Escurridor de Cubiertos PLAS\u00daTIL (Blanco)"},"content":{"rendered":"<p><strong>Caracter\u00edsticas:<\/strong><\/p>\n<ul>\n<li><span>Una l\u00ednea completa para que dejes organizado tu fregadero y tu cocina.<\/span><\/li>\n<li><span>Cada l\u00ednea de fregadero tiene una composici\u00f3n coordinada.<\/span><\/li>\n<li><span>El color blanco es uno de los favoritos. Destaca la limpieza del ambiente, realza y realza la decoraci\u00f3n de tu cocina.<\/span><\/li>\n<li><span>Compacto y adecuado para cualquier tama\u00f1o de fregadero.<\/span><\/li>\n<li><span>Fabricado en polipropileno (PP).<\/span><\/li>\n<li><span>Libre de Bisfenol-A (BPA FREE).<\/span><\/li>\n<\/ul>\n<p><strong>Dimensiones:<\/strong> 225x122x147 mm<\/p>\n","protected":false},"excerpt":{"rendered":"<p>Caracter\u00edsticas: Una l\u00ednea completa para que dejes organizado tu fregadero y tu cocina. Cada l\u00ednea de fregadero tiene una composici\u00f3n coordinada. El color blanco es uno de los favoritos. Destaca la limpieza del ambiente, realza y realza la decoraci\u00f3n de tu cocina. Compacto y adecuado para cualquier tama\u00f1o de fregadero. Fabricado en polipropileno (PP). Libre [&#8230;]\n","protected":false},"featured_media":1369,"template":"","meta":[],"product_brand":[64],"product_cat":[19,25],"product_tag":[],"class_list":{"0":"post-1366","1":"product","2":"type-product","3":"status-publish","4":"has-post-thumbnail","6":"product_brand-plasutil","7":"product_cat-cocina","8":"product_cat-plasutil","10":"first","11":"instock","12":"taxable","13":"shipping-taxable","14":"purchasable","15":"product-type-simple"},"jetpack-related-posts":[],"jetpack_sharing_enabled":true,"_links":{"self":[{"href":"https:\/\/depex.com.uy\/index.php?rest_route=\/wp\/v2\/product\/1366","targetHints":{"allow":["GET"]}}],"collection":[{"href":"https:\/\/depex.com.uy\/index.php?rest_route=\/wp\/v2\/product"}],"about":[{"href":"https:\/\/depex.com.uy\/index.php?rest_route=\/wp\/v2\/types\/product"}],"wp:featuredmedia":[{"embeddable":true,"href":"https:\/\/depex.com.uy\/index.php?rest_route=\/wp\/v2\/media\/1369"}],"wp:attachment":[{"href":"https:\/\/depex.com.uy\/index.php?rest_route=%2Fwp%2Fv2%2Fmedia&parent=1366"}],"wp:term":[{"taxonomy":"product_brand","embeddable":true,"href":"https:\/\/depex.com.uy\/index.php?rest_route=%2Fwp%2Fv2%2Fproduct_brand&post=1366"},{"taxonomy":"product_cat","embeddable":true,"href":"https:\/\/depex.com.uy\/index.php?rest_route=%2Fwp%2Fv2%2Fproduct_cat&post=1366"},{"taxonomy":"product_tag","embeddable":true,"href":"https:\/\/depex.com.uy\/index.php?rest_route=%2Fwp%2Fv2%2Fproduct_tag&post=1366"}],"curies":[{"name":"wp","href":"https:\/\/api.w.org\/{rel}","templated":true}]}}