{"id":1380,"date":"2023-06-01T10:10:13","date_gmt":"2023-06-01T13:10:13","guid":{"rendered":"https:\/\/depex.com.uy\/?post_type=product&#038;p=1380"},"modified":"2025-02-18T16:13:09","modified_gmt":"2025-02-18T19:13:09","slug":"omeletera-para-microondas-blanco","status":"publish","type":"product","link":"https:\/\/depex.com.uy\/?product=omeletera-para-microondas-blanco","title":{"rendered":"Omeletera para Microondas (Blanco)"},"content":{"rendered":"<p><strong>Caracter\u00edsticas:<\/strong><\/p>\n<ul>\n<li><span>OMELETERA<\/span><br \/>\n<span>&#8211; Antes de usar, lavar el producto.<\/span><br \/>\n<span>&#8211; Bate hasta 3 huevos y agrega los ingredientes que quieras.<\/span><br \/>\n<span>&#8211; Colocar los huevos batidos en la tortilla;\u00a0Cerrar y microondas.<\/span><br \/>\n<span>&#8211; Ajusta el tiempo seg\u00fan tu microondas y listo.<\/span><\/li>\n<li><span>HUEVO POCH\u00c9<\/span><br \/>\n<span>&#8211; Antes de usar, lavar el producto.<\/span><br \/>\n<span>&#8211; Engrasar la pieza con margarina.<\/span><br \/>\n<span>&#8211; Coloque un solo huevo en cada cavidad.<\/span><br \/>\n<span>&#8211; Si quieres, pincha las yemas con un palillo y solo despu\u00e9s ll\u00e9vala al microondas.<\/span><br \/>\n<span>&#8211; Ajustar el tiempo. Cuanto m\u00e1s tiempo lo dejes, m\u00e1s se cocinar\u00e1 el huevo.<\/span><\/li>\n<\/ul>\n<p><span>*Nota: el tiempo de preparaci\u00f3n puede variar seg\u00fan la marca y potencia del dispositivo.<\/span><\/p>\n<p><strong>Dimensiones:<\/strong> \u00f8275&#215;65 mm<\/p>\n","protected":false},"excerpt":{"rendered":"<p>Caracter\u00edsticas: OMELETERA &#8211; Antes de usar, lavar el producto. &#8211; Bate hasta 3 huevos y agrega los ingredientes que quieras. &#8211; Colocar los huevos batidos en la tortilla;\u00a0Cerrar y microondas. &#8211; Ajusta el tiempo seg\u00fan tu microondas y listo. HUEVO POCH\u00c9 &#8211; Antes de usar, lavar el producto. &#8211; Engrasar la pieza con margarina. &#8211; [&#8230;]\n","protected":false},"featured_media":1381,"template":"","meta":[],"product_brand":[64],"product_cat":[19,25],"product_tag":[],"class_list":{"0":"post-1380","1":"product","2":"type-product","3":"status-publish","4":"has-post-thumbnail","6":"product_brand-plasutil","7":"product_cat-cocina","8":"product_cat-plasutil","10":"first","11":"instock","12":"taxable","13":"shipping-taxable","14":"purchasable","15":"product-type-simple"},"jetpack-related-posts":[],"jetpack_sharing_enabled":true,"_links":{"self":[{"href":"https:\/\/depex.com.uy\/index.php?rest_route=\/wp\/v2\/product\/1380","targetHints":{"allow":["GET"]}}],"collection":[{"href":"https:\/\/depex.com.uy\/index.php?rest_route=\/wp\/v2\/product"}],"about":[{"href":"https:\/\/depex.com.uy\/index.php?rest_route=\/wp\/v2\/types\/product"}],"wp:featuredmedia":[{"embeddable":true,"href":"https:\/\/depex.com.uy\/index.php?rest_route=\/wp\/v2\/media\/1381"}],"wp:attachment":[{"href":"https:\/\/depex.com.uy\/index.php?rest_route=%2Fwp%2Fv2%2Fmedia&parent=1380"}],"wp:term":[{"taxonomy":"product_brand","embeddable":true,"href":"https:\/\/depex.com.uy\/index.php?rest_route=%2Fwp%2Fv2%2Fproduct_brand&post=1380"},{"taxonomy":"product_cat","embeddable":true,"href":"https:\/\/depex.com.uy\/index.php?rest_route=%2Fwp%2Fv2%2Fproduct_cat&post=1380"},{"taxonomy":"product_tag","embeddable":true,"href":"https:\/\/depex.com.uy\/index.php?rest_route=%2Fwp%2Fv2%2Fproduct_tag&post=1380"}],"curies":[{"name":"wp","href":"https:\/\/api.w.org\/{rel}","templated":true}]}}