{"id":1392,"date":"2023-06-01T10:44:25","date_gmt":"2023-06-01T13:44:25","guid":{"rendered":"https:\/\/depex.com.uy\/?post_type=product&#038;p=1392"},"modified":"2025-03-20T15:30:21","modified_gmt":"2025-03-20T18:30:21","slug":"juego-3-recipientes-plasutil-conect-unicornio-variado","status":"publish","type":"product","link":"https:\/\/depex.com.uy\/?product=juego-3-recipientes-plasutil-conect-unicornio-variado","title":{"rendered":"Juego 3 Recipientes PLAS\u00daTIL \u00abConect Unicornio\u00bb (Variado)"},"content":{"rendered":"<p><strong>Caracter\u00edsticas:<\/strong><\/p>\n<ul>\n<li>Compuesto por recipeintes de 140 ml, 270 ml y 470 ml.<\/li>\n<li>Kit de recipeintes de pl\u00e1stico con tapas y bases que encajan entre s\u00ed.<\/li>\n<li>Se puede llevar al microondas y al freezer.<\/li>\n<li>Las tapas y bases ajustadas optimizan el espacio y ayudan a organizar los gabinetes.<\/li>\n<li>Fabricado en polipropileno, material no t\u00f3xico, libre de BPA (BPA Free).<\/li>\n<\/ul>\n<p><strong>Dimensiones:<\/strong> 111x111x80 mm<\/p>\n","protected":false},"excerpt":{"rendered":"<p>Caracter\u00edsticas: Compuesto por recipeintes de 140 ml, 270 ml y 470 ml. Kit de recipeintes de pl\u00e1stico con tapas y bases que encajan entre s\u00ed. Se puede llevar al microondas y al freezer. Las tapas y bases ajustadas optimizan el espacio y ayudan a organizar los gabinetes. Fabricado en polipropileno, material no t\u00f3xico, libre de [&#8230;]\n","protected":false},"featured_media":5072,"template":"","meta":[],"product_brand":[64],"product_cat":[23,25,53],"product_tag":[],"class_list":{"0":"post-1392","1":"product","2":"type-product","3":"status-publish","4":"has-post-thumbnail","6":"product_brand-plasutil","7":"product_cat-ninos","8":"product_cat-plasutil","9":"product_cat-recipientes","11":"first","12":"instock","13":"taxable","14":"shipping-taxable","15":"purchasable","16":"product-type-simple"},"jetpack-related-posts":[],"jetpack_sharing_enabled":true,"_links":{"self":[{"href":"https:\/\/depex.com.uy\/index.php?rest_route=\/wp\/v2\/product\/1392","targetHints":{"allow":["GET"]}}],"collection":[{"href":"https:\/\/depex.com.uy\/index.php?rest_route=\/wp\/v2\/product"}],"about":[{"href":"https:\/\/depex.com.uy\/index.php?rest_route=\/wp\/v2\/types\/product"}],"wp:featuredmedia":[{"embeddable":true,"href":"https:\/\/depex.com.uy\/index.php?rest_route=\/wp\/v2\/media\/5072"}],"wp:attachment":[{"href":"https:\/\/depex.com.uy\/index.php?rest_route=%2Fwp%2Fv2%2Fmedia&parent=1392"}],"wp:term":[{"taxonomy":"product_brand","embeddable":true,"href":"https:\/\/depex.com.uy\/index.php?rest_route=%2Fwp%2Fv2%2Fproduct_brand&post=1392"},{"taxonomy":"product_cat","embeddable":true,"href":"https:\/\/depex.com.uy\/index.php?rest_route=%2Fwp%2Fv2%2Fproduct_cat&post=1392"},{"taxonomy":"product_tag","embeddable":true,"href":"https:\/\/depex.com.uy\/index.php?rest_route=%2Fwp%2Fv2%2Fproduct_tag&post=1392"}],"curies":[{"name":"wp","href":"https:\/\/api.w.org\/{rel}","templated":true}]}}