{"id":1402,"date":"2023-06-01T11:29:44","date_gmt":"2023-06-01T14:29:44","guid":{"rendered":"https:\/\/depex.com.uy\/?post_type=product&#038;p=1402"},"modified":"2025-03-20T15:28:23","modified_gmt":"2025-03-20T18:28:23","slug":"botella-mini-shaker-320ml-plasutil-unicornio-azul","status":"publish","type":"product","link":"https:\/\/depex.com.uy\/?product=botella-mini-shaker-320ml-plasutil-unicornio-azul","title":{"rendered":"Botella 320ml Mini Shaker PLAS\u00daTIL \u00abUnicornio\u00bb (Azul)"},"content":{"rendered":"<p><strong>Caracter\u00edsticas:<\/strong><\/p>\n<ul>\n<li>\u00a1La decoraci\u00f3n del producto est\u00e1 inyectada en el pl\u00e1stico, lo que garantiza la seguridad de los m\u00e1s peque\u00f1os!<\/li>\n<li>El vaso no es desechable, por lo que se puede utilizar varias veces.<\/li>\n<li>Fabricado en polipropileno (PP). No t\u00f3xico y libre de bisfenol-A (BPA FREE).<\/li>\n<\/ul>\n<p><strong>Dimensiones:<\/strong> \u00f882&#215;166 mm<\/p>\n","protected":false},"excerpt":{"rendered":"<p>Caracter\u00edsticas: \u00a1La decoraci\u00f3n del producto est\u00e1 inyectada en el pl\u00e1stico, lo que garantiza la seguridad de los m\u00e1s peque\u00f1os! El vaso no es desechable, por lo que se puede utilizar varias veces. Fabricado en polipropileno (PP). No t\u00f3xico y libre de bisfenol-A (BPA FREE). Dimensiones: \u00f882&#215;166 mm<\/p>\n","protected":false},"featured_media":5057,"template":"","meta":[],"product_brand":[64],"product_cat":[23,25],"product_tag":[],"class_list":{"0":"post-1402","1":"product","2":"type-product","3":"status-publish","4":"has-post-thumbnail","6":"product_brand-plasutil","7":"product_cat-ninos","8":"product_cat-plasutil","10":"first","11":"instock","12":"taxable","13":"shipping-taxable","14":"purchasable","15":"product-type-simple"},"jetpack-related-posts":[],"jetpack_sharing_enabled":true,"_links":{"self":[{"href":"https:\/\/depex.com.uy\/index.php?rest_route=\/wp\/v2\/product\/1402","targetHints":{"allow":["GET"]}}],"collection":[{"href":"https:\/\/depex.com.uy\/index.php?rest_route=\/wp\/v2\/product"}],"about":[{"href":"https:\/\/depex.com.uy\/index.php?rest_route=\/wp\/v2\/types\/product"}],"wp:featuredmedia":[{"embeddable":true,"href":"https:\/\/depex.com.uy\/index.php?rest_route=\/wp\/v2\/media\/5057"}],"wp:attachment":[{"href":"https:\/\/depex.com.uy\/index.php?rest_route=%2Fwp%2Fv2%2Fmedia&parent=1402"}],"wp:term":[{"taxonomy":"product_brand","embeddable":true,"href":"https:\/\/depex.com.uy\/index.php?rest_route=%2Fwp%2Fv2%2Fproduct_brand&post=1402"},{"taxonomy":"product_cat","embeddable":true,"href":"https:\/\/depex.com.uy\/index.php?rest_route=%2Fwp%2Fv2%2Fproduct_cat&post=1402"},{"taxonomy":"product_tag","embeddable":true,"href":"https:\/\/depex.com.uy\/index.php?rest_route=%2Fwp%2Fv2%2Fproduct_tag&post=1402"}],"curies":[{"name":"wp","href":"https:\/\/api.w.org\/{rel}","templated":true}]}}