{"id":1412,"date":"2023-06-01T12:17:40","date_gmt":"2023-06-01T15:17:40","guid":{"rendered":"https:\/\/depex.com.uy\/?post_type=product&#038;p=1412"},"modified":"2025-02-18T16:13:12","modified_gmt":"2025-02-18T19:13:12","slug":"botella-1-litro-plasutil-new-york","status":"publish","type":"product","link":"https:\/\/depex.com.uy\/?product=botella-1-litro-plasutil-new-york","title":{"rendered":"Botella 1 litro PLAS\u00daTIL \u00abNew York\u00bb (Gris)"},"content":{"rendered":"<p><strong>Caracter\u00edsticas:<\/strong><\/p>\n<ul>\n<li>Con un look retro y color gris, esta l\u00ednea combina versatilidad y estilo.<\/li>\n<li>Tapa fabricada en polipropileno (PP) y cuerpo fabricado en PET.<\/li>\n<li>Ambos no t\u00f3xicos y libres de bisfenol-A (BPA FREE).<\/li>\n<li>Lavar con esponja suave.<\/li>\n<li>Se puede llevar al congelador.<\/li>\n<\/ul>\n<p><strong>Dimensiones:<\/strong> \u00f8101&#215;252 mm<\/p>\n","protected":false},"excerpt":{"rendered":"<p>Caracter\u00edsticas: Con un look retro y color gris, esta l\u00ednea combina versatilidad y estilo. Tapa fabricada en polipropileno (PP) y cuerpo fabricado en PET. Ambos no t\u00f3xicos y libres de bisfenol-A (BPA FREE). Lavar con esponja suave. Se puede llevar al congelador. Dimensiones: \u00f8101&#215;252 mm<\/p>\n","protected":false},"featured_media":1413,"template":"","meta":[],"product_brand":[64],"product_cat":[49,25],"product_tag":[],"class_list":{"0":"post-1412","1":"product","2":"type-product","3":"status-publish","4":"has-post-thumbnail","6":"product_brand-plasutil","7":"product_cat-mesa","8":"product_cat-plasutil","10":"first","11":"instock","12":"taxable","13":"shipping-taxable","14":"purchasable","15":"product-type-simple"},"jetpack-related-posts":[],"jetpack_sharing_enabled":true,"_links":{"self":[{"href":"https:\/\/depex.com.uy\/index.php?rest_route=\/wp\/v2\/product\/1412","targetHints":{"allow":["GET"]}}],"collection":[{"href":"https:\/\/depex.com.uy\/index.php?rest_route=\/wp\/v2\/product"}],"about":[{"href":"https:\/\/depex.com.uy\/index.php?rest_route=\/wp\/v2\/types\/product"}],"wp:featuredmedia":[{"embeddable":true,"href":"https:\/\/depex.com.uy\/index.php?rest_route=\/wp\/v2\/media\/1413"}],"wp:attachment":[{"href":"https:\/\/depex.com.uy\/index.php?rest_route=%2Fwp%2Fv2%2Fmedia&parent=1412"}],"wp:term":[{"taxonomy":"product_brand","embeddable":true,"href":"https:\/\/depex.com.uy\/index.php?rest_route=%2Fwp%2Fv2%2Fproduct_brand&post=1412"},{"taxonomy":"product_cat","embeddable":true,"href":"https:\/\/depex.com.uy\/index.php?rest_route=%2Fwp%2Fv2%2Fproduct_cat&post=1412"},{"taxonomy":"product_tag","embeddable":true,"href":"https:\/\/depex.com.uy\/index.php?rest_route=%2Fwp%2Fv2%2Fproduct_tag&post=1412"}],"curies":[{"name":"wp","href":"https:\/\/api.w.org\/{rel}","templated":true}]}}