{"id":1482,"date":"2023-06-02T15:48:37","date_gmt":"2023-06-02T18:48:37","guid":{"rendered":"https:\/\/depex.com.uy\/?post_type=product&#038;p=1482"},"modified":"2025-02-18T16:13:16","modified_gmt":"2025-02-18T19:13:16","slug":"basurero-con-pedal-30-litros-plasutil-ecoblack-negro","status":"publish","type":"product","link":"https:\/\/depex.com.uy\/?product=basurero-con-pedal-30-litros-plasutil-ecoblack-negro","title":{"rendered":"Basurero 30 litros con Pedal PLAS\u00daTIL \u00abEcoBlack\u00bb (Negro)"},"content":{"rendered":"<p><strong>Caracter\u00edsticas:<\/strong><\/p>\n<ul>\n<li>Capacidad de 3 bolsas pl\u00e1sticas al mismo tiempo<\/li>\n<li>Bote de basura de pl\u00e1stico con tapa accionada por pedal.<\/li>\n<li>Posee protecci\u00f3n contra los rayos ultravioleta (UV).<\/li>\n<li>Elaborado con materia prima recuperada.<\/li>\n<li>Utiliza el concepto de sostenibilidad de la calidad.<\/li>\n<li>Plas\u00fatil utiliza \u00fanicamente los sobrantes de su producci\u00f3n, ya que controlando el origen garantizamos un producto sin contaminaci\u00f3n.<\/li>\n<li>Fabricado en polipropileno (PP).<\/li>\n<li>No t\u00f3xico y libre de bisfenol-A (BPA FREE)<\/li>\n<\/ul>\n<p><strong>Dimensiones:<\/strong> 405x300x517 mm<\/p>\n","protected":false},"excerpt":{"rendered":"<p>Caracter\u00edsticas: Capacidad de 3 bolsas pl\u00e1sticas al mismo tiempo Bote de basura de pl\u00e1stico con tapa accionada por pedal. Posee protecci\u00f3n contra los rayos ultravioleta (UV). Elaborado con materia prima recuperada. Utiliza el concepto de sostenibilidad de la calidad. Plas\u00fatil utiliza \u00fanicamente los sobrantes de su producci\u00f3n, ya que controlando el origen garantizamos un producto [&#8230;]\n","protected":false},"featured_media":1483,"template":"","meta":[],"product_brand":[64],"product_cat":[35,54,25],"product_tag":[],"class_list":{"0":"post-1482","1":"product","2":"type-product","3":"status-publish","4":"has-post-thumbnail","6":"product_brand-plasutil","7":"product_cat-basureros","8":"product_cat-limpieza","9":"product_cat-plasutil","11":"first","12":"instock","13":"taxable","14":"shipping-taxable","15":"purchasable","16":"product-type-simple"},"jetpack-related-posts":[],"jetpack_sharing_enabled":true,"_links":{"self":[{"href":"https:\/\/depex.com.uy\/index.php?rest_route=\/wp\/v2\/product\/1482","targetHints":{"allow":["GET"]}}],"collection":[{"href":"https:\/\/depex.com.uy\/index.php?rest_route=\/wp\/v2\/product"}],"about":[{"href":"https:\/\/depex.com.uy\/index.php?rest_route=\/wp\/v2\/types\/product"}],"wp:featuredmedia":[{"embeddable":true,"href":"https:\/\/depex.com.uy\/index.php?rest_route=\/wp\/v2\/media\/1483"}],"wp:attachment":[{"href":"https:\/\/depex.com.uy\/index.php?rest_route=%2Fwp%2Fv2%2Fmedia&parent=1482"}],"wp:term":[{"taxonomy":"product_brand","embeddable":true,"href":"https:\/\/depex.com.uy\/index.php?rest_route=%2Fwp%2Fv2%2Fproduct_brand&post=1482"},{"taxonomy":"product_cat","embeddable":true,"href":"https:\/\/depex.com.uy\/index.php?rest_route=%2Fwp%2Fv2%2Fproduct_cat&post=1482"},{"taxonomy":"product_tag","embeddable":true,"href":"https:\/\/depex.com.uy\/index.php?rest_route=%2Fwp%2Fv2%2Fproduct_tag&post=1482"}],"curies":[{"name":"wp","href":"https:\/\/api.w.org\/{rel}","templated":true}]}}