{"id":1487,"date":"2023-06-02T15:59:20","date_gmt":"2023-06-02T18:59:20","guid":{"rendered":"https:\/\/depex.com.uy\/?post_type=product&#038;p=1487"},"modified":"2025-02-18T16:13:16","modified_gmt":"2025-02-18T19:13:16","slug":"secador-de-ensalada-28-litros-plasutil-gris","status":"publish","type":"product","link":"https:\/\/depex.com.uy\/?product=secador-de-ensalada-28-litros-plasutil-gris","title":{"rendered":"Secador de Ensalada 2,8 litros PLAS\u00daTIL (Gris)"},"content":{"rendered":"<p><strong>Caracter\u00edsticas:<\/strong><\/p>\n<ul>\n<li>Con un look retro y color gris, esta l\u00ednea combina versatilidad y estilo.<\/li>\n<li>Fabricado en Polipropileno (PP).<\/li>\n<li>Ambos no t\u00f3xicos y libres de bisfenol-A (BPA FREE).<\/li>\n<li>Lavar con esponja suave.<\/li>\n<\/ul>\n<p><strong>Dimensiones:<\/strong> 253x208x182 mm<\/p>\n","protected":false},"excerpt":{"rendered":"<p>Caracter\u00edsticas: Con un look retro y color gris, esta l\u00ednea combina versatilidad y estilo. Fabricado en Polipropileno (PP). Ambos no t\u00f3xicos y libres de bisfenol-A (BPA FREE). Lavar con esponja suave. Dimensiones: 253x208x182 mm<\/p>\n","protected":false},"featured_media":1488,"template":"","meta":[],"product_brand":[64],"product_cat":[19,25],"product_tag":[],"class_list":{"0":"post-1487","1":"product","2":"type-product","3":"status-publish","4":"has-post-thumbnail","6":"product_brand-plasutil","7":"product_cat-cocina","8":"product_cat-plasutil","10":"first","11":"instock","12":"taxable","13":"shipping-taxable","14":"purchasable","15":"product-type-simple"},"jetpack-related-posts":[],"jetpack_sharing_enabled":true,"_links":{"self":[{"href":"https:\/\/depex.com.uy\/index.php?rest_route=\/wp\/v2\/product\/1487","targetHints":{"allow":["GET"]}}],"collection":[{"href":"https:\/\/depex.com.uy\/index.php?rest_route=\/wp\/v2\/product"}],"about":[{"href":"https:\/\/depex.com.uy\/index.php?rest_route=\/wp\/v2\/types\/product"}],"wp:featuredmedia":[{"embeddable":true,"href":"https:\/\/depex.com.uy\/index.php?rest_route=\/wp\/v2\/media\/1488"}],"wp:attachment":[{"href":"https:\/\/depex.com.uy\/index.php?rest_route=%2Fwp%2Fv2%2Fmedia&parent=1487"}],"wp:term":[{"taxonomy":"product_brand","embeddable":true,"href":"https:\/\/depex.com.uy\/index.php?rest_route=%2Fwp%2Fv2%2Fproduct_brand&post=1487"},{"taxonomy":"product_cat","embeddable":true,"href":"https:\/\/depex.com.uy\/index.php?rest_route=%2Fwp%2Fv2%2Fproduct_cat&post=1487"},{"taxonomy":"product_tag","embeddable":true,"href":"https:\/\/depex.com.uy\/index.php?rest_route=%2Fwp%2Fv2%2Fproduct_tag&post=1487"}],"curies":[{"name":"wp","href":"https:\/\/api.w.org\/{rel}","templated":true}]}}