{"id":1494,"date":"2023-06-02T16:19:04","date_gmt":"2023-06-02T19:19:04","guid":{"rendered":"https:\/\/depex.com.uy\/?post_type=product&#038;p=1494"},"modified":"2025-02-18T16:13:17","modified_gmt":"2025-02-18T19:13:17","slug":"salero-tapa-rosca-100ml-plasutil-blanco","status":"publish","type":"product","link":"https:\/\/depex.com.uy\/?product=salero-tapa-rosca-100ml-plasutil-blanco","title":{"rendered":"Salero 100ml Tapa Rosca PLAS\u00daTIL (Blanco)"},"content":{"rendered":"<p><strong>Caracter\u00edsticas:<\/strong><\/p>\n<ul>\n<li>Fabricado em polipropileno (PP).<\/li>\n<li>At\u00f3xico e livre de bisfenol-A (BPA FREE)<\/li>\n<\/ul>\n<p><strong>Dimensiones:<\/strong> \u00f850&#215;90 mm<\/p>\n","protected":false},"excerpt":{"rendered":"<p>Caracter\u00edsticas: Fabricado em polipropileno (PP). At\u00f3xico e livre de bisfenol-A (BPA FREE) Dimensiones: \u00f850&#215;90 mm<\/p>\n","protected":false},"featured_media":1492,"template":"","meta":[],"product_brand":[64],"product_cat":[49,25],"product_tag":[],"class_list":{"0":"post-1494","1":"product","2":"type-product","3":"status-publish","4":"has-post-thumbnail","6":"product_brand-plasutil","7":"product_cat-mesa","8":"product_cat-plasutil","10":"first","11":"instock","12":"taxable","13":"shipping-taxable","14":"purchasable","15":"product-type-simple"},"jetpack-related-posts":[],"jetpack_sharing_enabled":true,"_links":{"self":[{"href":"https:\/\/depex.com.uy\/index.php?rest_route=\/wp\/v2\/product\/1494","targetHints":{"allow":["GET"]}}],"collection":[{"href":"https:\/\/depex.com.uy\/index.php?rest_route=\/wp\/v2\/product"}],"about":[{"href":"https:\/\/depex.com.uy\/index.php?rest_route=\/wp\/v2\/types\/product"}],"wp:featuredmedia":[{"embeddable":true,"href":"https:\/\/depex.com.uy\/index.php?rest_route=\/wp\/v2\/media\/1492"}],"wp:attachment":[{"href":"https:\/\/depex.com.uy\/index.php?rest_route=%2Fwp%2Fv2%2Fmedia&parent=1494"}],"wp:term":[{"taxonomy":"product_brand","embeddable":true,"href":"https:\/\/depex.com.uy\/index.php?rest_route=%2Fwp%2Fv2%2Fproduct_brand&post=1494"},{"taxonomy":"product_cat","embeddable":true,"href":"https:\/\/depex.com.uy\/index.php?rest_route=%2Fwp%2Fv2%2Fproduct_cat&post=1494"},{"taxonomy":"product_tag","embeddable":true,"href":"https:\/\/depex.com.uy\/index.php?rest_route=%2Fwp%2Fv2%2Fproduct_tag&post=1494"}],"curies":[{"name":"wp","href":"https:\/\/api.w.org\/{rel}","templated":true}]}}