{"id":1505,"date":"2023-06-06T11:46:22","date_gmt":"2023-06-06T14:46:22","guid":{"rendered":"https:\/\/depex.com.uy\/?post_type=product&#038;p=1505"},"modified":"2025-02-18T16:13:17","modified_gmt":"2025-02-18T19:13:17","slug":"recipiente-rectangular-14-litros-plasutil-tropical-azul","status":"publish","type":"product","link":"https:\/\/depex.com.uy\/?product=recipiente-rectangular-14-litros-plasutil-tropical-azul","title":{"rendered":"Recipiente Rectangular 1,4 litros PLAS\u00daTIL \u00abTropical\u00bb (Azul)"},"content":{"rendered":"<p><strong>Caracter\u00edsticas:<\/strong><\/p>\n<ul>\n<li>Recipiente de pl\u00e1stico vers\u00e1til y apilable.<\/li>\n<li>\u00a1Decoraci\u00f3n fija en el producto, inyectada en el proceso de producci\u00f3n!<\/li>\n<li>Fabricado en polipropileno (PP), material no t\u00f3xico, libre de BPA (BPA Free).<\/li>\n<li>Se puede llevar al microondas, sin embargo, \u00a1se deben evitar los alimentos con alto contenido de grasas y az\u00facares!<\/li>\n<li>Se puede llevar al congelador o freezer, evitando ca\u00eddas o golpes.<\/li>\n<li>No se recomienda su uso en lavavajillas.<\/li>\n<\/ul>\n<p><strong>Dimensiones:<\/strong> 285x150x59 mm<\/p>\n","protected":false},"excerpt":{"rendered":"<p>Caracter\u00edsticas: Recipiente de pl\u00e1stico vers\u00e1til y apilable. \u00a1Decoraci\u00f3n fija en el producto, inyectada en el proceso de producci\u00f3n! Fabricado en polipropileno (PP), material no t\u00f3xico, libre de BPA (BPA Free). Se puede llevar al microondas, sin embargo, \u00a1se deben evitar los alimentos con alto contenido de grasas y az\u00facares! Se puede llevar al congelador o [&#8230;]\n","protected":false},"featured_media":1507,"template":"","meta":[],"product_brand":[64],"product_cat":[25,53],"product_tag":[],"class_list":{"0":"post-1505","1":"product","2":"type-product","3":"status-publish","4":"has-post-thumbnail","6":"product_brand-plasutil","7":"product_cat-plasutil","8":"product_cat-recipientes","10":"first","11":"instock","12":"taxable","13":"shipping-taxable","14":"purchasable","15":"product-type-simple"},"jetpack-related-posts":[],"jetpack_sharing_enabled":true,"_links":{"self":[{"href":"https:\/\/depex.com.uy\/index.php?rest_route=\/wp\/v2\/product\/1505","targetHints":{"allow":["GET"]}}],"collection":[{"href":"https:\/\/depex.com.uy\/index.php?rest_route=\/wp\/v2\/product"}],"about":[{"href":"https:\/\/depex.com.uy\/index.php?rest_route=\/wp\/v2\/types\/product"}],"wp:featuredmedia":[{"embeddable":true,"href":"https:\/\/depex.com.uy\/index.php?rest_route=\/wp\/v2\/media\/1507"}],"wp:attachment":[{"href":"https:\/\/depex.com.uy\/index.php?rest_route=%2Fwp%2Fv2%2Fmedia&parent=1505"}],"wp:term":[{"taxonomy":"product_brand","embeddable":true,"href":"https:\/\/depex.com.uy\/index.php?rest_route=%2Fwp%2Fv2%2Fproduct_brand&post=1505"},{"taxonomy":"product_cat","embeddable":true,"href":"https:\/\/depex.com.uy\/index.php?rest_route=%2Fwp%2Fv2%2Fproduct_cat&post=1505"},{"taxonomy":"product_tag","embeddable":true,"href":"https:\/\/depex.com.uy\/index.php?rest_route=%2Fwp%2Fv2%2Fproduct_tag&post=1505"}],"curies":[{"name":"wp","href":"https:\/\/api.w.org\/{rel}","templated":true}]}}