{"id":1535,"date":"2023-06-06T13:45:14","date_gmt":"2023-06-06T16:45:14","guid":{"rendered":"https:\/\/depex.com.uy\/?post_type=product&#038;p=1535"},"modified":"2025-02-18T16:13:19","modified_gmt":"2025-02-18T19:13:19","slug":"juego-de-recipientes-cuadrados-520ml-4-unidades-plasutil-pop-azul","status":"publish","type":"product","link":"https:\/\/depex.com.uy\/?product=juego-de-recipientes-cuadrados-520ml-4-unidades-plasutil-pop-azul","title":{"rendered":"Juego de Recipientes Rectangulares 520ml 4 unidades PLAS\u00daTIL \u00abPop\u00bb (Azul)"},"content":{"rendered":"<p><strong>Caracter\u00edsticas:<\/strong><\/p>\n<ul>\n<li>Juego de 4 recipientes cuadrados de pl\u00e1stico.<\/li>\n<li>Volumen: 520ml cada uno.<\/li>\n<li>\u00a1Nuestra l\u00ednea tradicional y s\u00faper vers\u00e1til!<\/li>\n<li>Base transparente que facilita la identificaci\u00f3n de los alimentos.<\/li>\n<li>Libre de BPA y no t\u00f3xico.<\/li>\n<li>Se puede calentar en microondas.<\/li>\n<li>Deben evitarse los alimentos ricos en grasas y az\u00facar.<\/li>\n<li>Se puede llevar al congelador.<\/li>\n<li>Aptas para el lavavajillas.<\/li>\n<\/ul>\n<p><strong>Dimensiones:<\/strong> 198x123x90 mm<\/p>\n","protected":false},"excerpt":{"rendered":"<p>Caracter\u00edsticas: Juego de 4 recipientes cuadrados de pl\u00e1stico. Volumen: 520ml cada uno. \u00a1Nuestra l\u00ednea tradicional y s\u00faper vers\u00e1til! Base transparente que facilita la identificaci\u00f3n de los alimentos. Libre de BPA y no t\u00f3xico. Se puede calentar en microondas. Deben evitarse los alimentos ricos en grasas y az\u00facar. Se puede llevar al congelador. Aptas para el [&#8230;]\n","protected":false},"featured_media":1536,"template":"","meta":[],"product_brand":[64],"product_cat":[25,53],"product_tag":[],"class_list":{"0":"post-1535","1":"product","2":"type-product","3":"status-publish","4":"has-post-thumbnail","6":"product_brand-plasutil","7":"product_cat-plasutil","8":"product_cat-recipientes","10":"first","11":"instock","12":"taxable","13":"shipping-taxable","14":"purchasable","15":"product-type-simple"},"jetpack-related-posts":[],"jetpack_sharing_enabled":true,"_links":{"self":[{"href":"https:\/\/depex.com.uy\/index.php?rest_route=\/wp\/v2\/product\/1535","targetHints":{"allow":["GET"]}}],"collection":[{"href":"https:\/\/depex.com.uy\/index.php?rest_route=\/wp\/v2\/product"}],"about":[{"href":"https:\/\/depex.com.uy\/index.php?rest_route=\/wp\/v2\/types\/product"}],"wp:featuredmedia":[{"embeddable":true,"href":"https:\/\/depex.com.uy\/index.php?rest_route=\/wp\/v2\/media\/1536"}],"wp:attachment":[{"href":"https:\/\/depex.com.uy\/index.php?rest_route=%2Fwp%2Fv2%2Fmedia&parent=1535"}],"wp:term":[{"taxonomy":"product_brand","embeddable":true,"href":"https:\/\/depex.com.uy\/index.php?rest_route=%2Fwp%2Fv2%2Fproduct_brand&post=1535"},{"taxonomy":"product_cat","embeddable":true,"href":"https:\/\/depex.com.uy\/index.php?rest_route=%2Fwp%2Fv2%2Fproduct_cat&post=1535"},{"taxonomy":"product_tag","embeddable":true,"href":"https:\/\/depex.com.uy\/index.php?rest_route=%2Fwp%2Fv2%2Fproduct_tag&post=1535"}],"curies":[{"name":"wp","href":"https:\/\/api.w.org\/{rel}","templated":true}]}}