{"id":1564,"date":"2023-06-06T15:23:31","date_gmt":"2023-06-06T18:23:31","guid":{"rendered":"https:\/\/depex.com.uy\/?post_type=product&#038;p=1564"},"modified":"2025-02-18T16:13:21","modified_gmt":"2025-02-18T19:13:21","slug":"vaso-de-cafe-500ml-plasutil-go-variado","status":"publish","type":"product","link":"https:\/\/depex.com.uy\/?product=vaso-de-cafe-500ml-plasutil-go-variado","title":{"rendered":"Vaso de Caf\u00e9 500ml PLAS\u00daTIL \u00abGo\u00bb (Variado)"},"content":{"rendered":"<p><b>Caracter\u00edsticas<\/b><strong>:<\/strong><\/p>\n<ul>\n<li>Fabricado en polipropileno (PP).<\/li>\n<li>No t\u00f3xico y libre de bisfenol-A (BPA FREE)<\/li>\n<\/ul>\n<p><strong>Dimensiones: <\/strong>\u00f891&#215;160 mm<\/p>\n","protected":false},"excerpt":{"rendered":"<p>Caracter\u00edsticas: Fabricado en polipropileno (PP). No t\u00f3xico y libre de bisfenol-A (BPA FREE) Dimensiones: \u00f891&#215;160 mm<\/p>\n","protected":false},"featured_media":1565,"template":"","meta":[],"product_brand":[64],"product_cat":[25,38],"product_tag":[],"class_list":{"0":"post-1564","1":"product","2":"type-product","3":"status-publish","4":"has-post-thumbnail","6":"product_brand-plasutil","7":"product_cat-plasutil","8":"product_cat-uso-personal","10":"first","11":"instock","12":"taxable","13":"shipping-taxable","14":"purchasable","15":"product-type-simple"},"jetpack-related-posts":[],"jetpack_sharing_enabled":true,"_links":{"self":[{"href":"https:\/\/depex.com.uy\/index.php?rest_route=\/wp\/v2\/product\/1564","targetHints":{"allow":["GET"]}}],"collection":[{"href":"https:\/\/depex.com.uy\/index.php?rest_route=\/wp\/v2\/product"}],"about":[{"href":"https:\/\/depex.com.uy\/index.php?rest_route=\/wp\/v2\/types\/product"}],"wp:featuredmedia":[{"embeddable":true,"href":"https:\/\/depex.com.uy\/index.php?rest_route=\/wp\/v2\/media\/1565"}],"wp:attachment":[{"href":"https:\/\/depex.com.uy\/index.php?rest_route=%2Fwp%2Fv2%2Fmedia&parent=1564"}],"wp:term":[{"taxonomy":"product_brand","embeddable":true,"href":"https:\/\/depex.com.uy\/index.php?rest_route=%2Fwp%2Fv2%2Fproduct_brand&post=1564"},{"taxonomy":"product_cat","embeddable":true,"href":"https:\/\/depex.com.uy\/index.php?rest_route=%2Fwp%2Fv2%2Fproduct_cat&post=1564"},{"taxonomy":"product_tag","embeddable":true,"href":"https:\/\/depex.com.uy\/index.php?rest_route=%2Fwp%2Fv2%2Fproduct_tag&post=1564"}],"curies":[{"name":"wp","href":"https:\/\/api.w.org\/{rel}","templated":true}]}}