{"id":1636,"date":"2023-06-06T18:05:34","date_gmt":"2023-06-06T21:05:34","guid":{"rendered":"https:\/\/depex.com.uy\/?post_type=product&#038;p=1636"},"modified":"2025-02-25T12:09:03","modified_gmt":"2025-02-25T15:09:03","slug":"bowl-850ml-plasutil-duo-rojo","status":"publish","type":"product","link":"https:\/\/depex.com.uy\/?product=bowl-850ml-plasutil-duo-rojo","title":{"rendered":"Bowl 16cm 850ml PLAS\u00daTIL \u00abD\u00fao\u00bb (Rojo)"},"content":{"rendered":"<p><b>Descripci\u00f3n<\/b><strong>:<\/strong><\/p>\n<p>Presentamos la l\u00ednea\u00a0<strong>Duo<\/strong>\u00a0, la elecci\u00f3n perfecta para quien busca practicidad, versatilidad y estilo a la hora de servir y almacenar los alimentos.\u00a0Compuesta por cuencos, jarrones, tazas y platos, la l\u00ednea\u00a0<strong>Duo<\/strong>\u00a0destaca por su belleza y funcionalidad, ofreciendo lo mejor en dise\u00f1o y calidad.<\/p>\n<p>Con dos colores en un solo producto, la l\u00ednea\u00a0<strong>Duo<\/strong>\u00a0es ideal para quien busca variar la decoraci\u00f3n de su mesa y cocina.\u00a0Fabricada en polipropileno y libre\u00a0<strong>de BPA<\/strong>\u00a0, la l\u00ednea\u00a0<strong>Duo<\/strong>\u00a0te garantiza la seguridad y durabilidad que necesitas.\u00a0Y lo mejor de todo, puede ir al\u00a0<strong>microondas<\/strong>\u00a0o\u00a0<strong>al congelador<\/strong>\u00a0, permiti\u00e9ndote calentar o congelar tus alimentos de forma r\u00e1pida y c\u00f3moda.<\/p>\n<p>Con la gama\u00a0<strong>Duo<\/strong>\u00a0, puede estar seguro de que sus alimentos se almacenar\u00e1n de forma segura e higi\u00e9nica, sin sacrificar el estilo y la elegancia.\u00a0Y lo mejor de todo es que puedes usarlo en varias ocasiones, desde un almuerzo familiar hasta una cena especial con amigos.<\/p>\n<p>\u00a1No pierda m\u00e1s tiempo y adquiera ahora la l\u00ednea\u00a0<strong>Duo<\/strong> para hacer su cocina a\u00fan m\u00e1s bella y funcional!<\/p>\n<p><strong>Dimensiones:<\/strong> \u00f8162x66mm<\/p>\n","protected":false},"excerpt":{"rendered":"<p>Descripci\u00f3n: Presentamos la l\u00ednea\u00a0Duo\u00a0, la elecci\u00f3n perfecta para quien busca practicidad, versatilidad y estilo a la hora de servir y almacenar los alimentos.\u00a0Compuesta por cuencos, jarrones, tazas y platos, la l\u00ednea\u00a0Duo\u00a0destaca por su belleza y funcionalidad, ofreciendo lo mejor en dise\u00f1o y calidad. Con dos colores en un solo producto, la l\u00ednea\u00a0Duo\u00a0es ideal para quien [&#8230;]\n","protected":false},"featured_media":1637,"template":"","meta":[],"product_brand":[64],"product_cat":[49,25],"product_tag":[],"class_list":{"0":"post-1636","1":"product","2":"type-product","3":"status-publish","4":"has-post-thumbnail","6":"product_brand-plasutil","7":"product_cat-mesa","8":"product_cat-plasutil","10":"first","11":"instock","12":"taxable","13":"shipping-taxable","14":"purchasable","15":"product-type-simple"},"jetpack-related-posts":[],"jetpack_sharing_enabled":true,"_links":{"self":[{"href":"https:\/\/depex.com.uy\/index.php?rest_route=\/wp\/v2\/product\/1636","targetHints":{"allow":["GET"]}}],"collection":[{"href":"https:\/\/depex.com.uy\/index.php?rest_route=\/wp\/v2\/product"}],"about":[{"href":"https:\/\/depex.com.uy\/index.php?rest_route=\/wp\/v2\/types\/product"}],"wp:featuredmedia":[{"embeddable":true,"href":"https:\/\/depex.com.uy\/index.php?rest_route=\/wp\/v2\/media\/1637"}],"wp:attachment":[{"href":"https:\/\/depex.com.uy\/index.php?rest_route=%2Fwp%2Fv2%2Fmedia&parent=1636"}],"wp:term":[{"taxonomy":"product_brand","embeddable":true,"href":"https:\/\/depex.com.uy\/index.php?rest_route=%2Fwp%2Fv2%2Fproduct_brand&post=1636"},{"taxonomy":"product_cat","embeddable":true,"href":"https:\/\/depex.com.uy\/index.php?rest_route=%2Fwp%2Fv2%2Fproduct_cat&post=1636"},{"taxonomy":"product_tag","embeddable":true,"href":"https:\/\/depex.com.uy\/index.php?rest_route=%2Fwp%2Fv2%2Fproduct_tag&post=1636"}],"curies":[{"name":"wp","href":"https:\/\/api.w.org\/{rel}","templated":true}]}}