{"id":1661,"date":"2023-06-06T18:46:23","date_gmt":"2023-06-06T21:46:23","guid":{"rendered":"https:\/\/depex.com.uy\/?post_type=product&#038;p=1661"},"modified":"2025-02-25T17:13:19","modified_gmt":"2025-02-25T20:13:19","slug":"caja-redonda-con-asas-26-litros-plasutil-trama-blanco","status":"publish","type":"product","link":"https:\/\/depex.com.uy\/?product=caja-redonda-con-asas-26-litros-plasutil-trama-blanco","title":{"rendered":"Cesta de Ropa 40x32cm 26 litros Redonda PLAS\u00daTIL \u00abTrama\u00bb (Blanco)"},"content":{"rendered":"<p><strong>Caracter\u00edsticas:<\/strong><\/p>\n<ul>\n<li>L\u00ednea de cestas Trama, perfectas para la ropa de tu lavadero.<\/li>\n<li>Fabricado en pl\u00e1stico polipropileno, un material resistente y duradero que no contiene BPA.<\/li>\n<li>Con textura de tejido exclusivo que le da un toque l\u00fadico y divertido al ambiente.<\/li>\n<li>Tama\u00f1os variados para adaptarse a las diferentes necesidades de la organizaci\u00f3n.<\/li>\n<li>F\u00e1cil de limpiar y desinfectar, lo que garantiza un entorno saludable y seguro para los ni\u00f1os.<\/li>\n<li>Apilables y modulares. Varios tama\u00f1os y formas para satisfacer sus necesidades de espacio.<\/li>\n<\/ul>\n<p><strong>Dimensiones:<\/strong> 416x393x325 mm<\/p>\n","protected":false},"excerpt":{"rendered":"<p>Caracter\u00edsticas: L\u00ednea de cestas Trama, perfectas para la ropa de tu lavadero. Fabricado en pl\u00e1stico polipropileno, un material resistente y duradero que no contiene BPA. Con textura de tejido exclusivo que le da un toque l\u00fadico y divertido al ambiente. Tama\u00f1os variados para adaptarse a las diferentes necesidades de la organizaci\u00f3n. F\u00e1cil de limpiar y [&#8230;]\n","protected":false},"featured_media":1662,"template":"","meta":[],"product_brand":[64],"product_cat":[54,20,25],"product_tag":[],"class_list":{"0":"post-1661","1":"product","2":"type-product","3":"status-publish","4":"has-post-thumbnail","6":"product_brand-plasutil","7":"product_cat-limpieza","8":"product_cat-organizacion","9":"product_cat-plasutil","11":"first","12":"instock","13":"taxable","14":"shipping-taxable","15":"purchasable","16":"product-type-simple"},"jetpack-related-posts":[],"jetpack_sharing_enabled":true,"_links":{"self":[{"href":"https:\/\/depex.com.uy\/index.php?rest_route=\/wp\/v2\/product\/1661","targetHints":{"allow":["GET"]}}],"collection":[{"href":"https:\/\/depex.com.uy\/index.php?rest_route=\/wp\/v2\/product"}],"about":[{"href":"https:\/\/depex.com.uy\/index.php?rest_route=\/wp\/v2\/types\/product"}],"wp:featuredmedia":[{"embeddable":true,"href":"https:\/\/depex.com.uy\/index.php?rest_route=\/wp\/v2\/media\/1662"}],"wp:attachment":[{"href":"https:\/\/depex.com.uy\/index.php?rest_route=%2Fwp%2Fv2%2Fmedia&parent=1661"}],"wp:term":[{"taxonomy":"product_brand","embeddable":true,"href":"https:\/\/depex.com.uy\/index.php?rest_route=%2Fwp%2Fv2%2Fproduct_brand&post=1661"},{"taxonomy":"product_cat","embeddable":true,"href":"https:\/\/depex.com.uy\/index.php?rest_route=%2Fwp%2Fv2%2Fproduct_cat&post=1661"},{"taxonomy":"product_tag","embeddable":true,"href":"https:\/\/depex.com.uy\/index.php?rest_route=%2Fwp%2Fv2%2Fproduct_tag&post=1661"}],"curies":[{"name":"wp","href":"https:\/\/api.w.org\/{rel}","templated":true}]}}