{"id":1694,"date":"2023-06-06T22:27:57","date_gmt":"2023-06-07T01:27:57","guid":{"rendered":"https:\/\/depex.com.uy\/?post_type=product&#038;p=1694"},"modified":"2025-02-18T16:13:26","modified_gmt":"2025-02-18T19:13:26","slug":"recipiente-cuadrado-820ml-plasutil-traba-mas-gris","status":"publish","type":"product","link":"https:\/\/depex.com.uy\/?product=recipiente-cuadrado-820ml-plasutil-traba-mas-gris","title":{"rendered":"Recipiente Cuadrado 820ml PLAS\u00daTIL \u00abTraba M\u00e1s\u00bb (Gris)"},"content":{"rendered":"<p><strong>Caracter\u00edsticas:<\/strong><\/p>\n<ul>\n<li>El sello de goma asegura un cierre herm\u00e9tico, manteniendo los alimentos frescos por m\u00e1s tiempo.<\/li>\n<li>Dos cierres laterales, m\u00e1s garant\u00eda y seguridad en el cierre.<\/li>\n<li>Apilables y con formatos modulares.<\/li>\n<li>Cabe en cualquier lugar optimizando el espacio del armario.<\/li>\n<li>Tapa transparente que facilita la visualizaci\u00f3n de los alimentos cuando se guardan en cajones.<\/li>\n<li>Resistente a la variaci\u00f3n de temperatura de -10\u00b0C a 110\u00b0C.<\/li>\n<li>Apto para congelador y microondas.<\/li>\n<li>Apto para lavavajillas.<\/li>\n<li>Goma adherida al recipiente. F\u00e1cil de limpiar e imposible de perder.<\/li>\n<li>Fabricadas en polipropileno (PP), libres de BPA (Bisfenol A) y m\u00e1s resistentes a ca\u00eddas que las macetas de acr\u00edlico, poliestireno o cristal.<\/li>\n<\/ul>\n<p><strong>Dimensiones:<\/strong> 108x103x141 mm<\/p>\n","protected":false},"excerpt":{"rendered":"<p>Caracter\u00edsticas: El sello de goma asegura un cierre herm\u00e9tico, manteniendo los alimentos frescos por m\u00e1s tiempo. Dos cierres laterales, m\u00e1s garant\u00eda y seguridad en el cierre. Apilables y con formatos modulares. Cabe en cualquier lugar optimizando el espacio del armario. Tapa transparente que facilita la visualizaci\u00f3n de los alimentos cuando se guardan en cajones. Resistente [&#8230;]\n","protected":false},"featured_media":1697,"template":"","meta":[],"product_brand":[64],"product_cat":[25,53],"product_tag":[],"class_list":{"0":"post-1694","1":"product","2":"type-product","3":"status-publish","4":"has-post-thumbnail","6":"product_brand-plasutil","7":"product_cat-plasutil","8":"product_cat-recipientes","10":"first","11":"instock","12":"taxable","13":"shipping-taxable","14":"purchasable","15":"product-type-simple"},"jetpack-related-posts":[],"jetpack_sharing_enabled":true,"_links":{"self":[{"href":"https:\/\/depex.com.uy\/index.php?rest_route=\/wp\/v2\/product\/1694","targetHints":{"allow":["GET"]}}],"collection":[{"href":"https:\/\/depex.com.uy\/index.php?rest_route=\/wp\/v2\/product"}],"about":[{"href":"https:\/\/depex.com.uy\/index.php?rest_route=\/wp\/v2\/types\/product"}],"wp:featuredmedia":[{"embeddable":true,"href":"https:\/\/depex.com.uy\/index.php?rest_route=\/wp\/v2\/media\/1697"}],"wp:attachment":[{"href":"https:\/\/depex.com.uy\/index.php?rest_route=%2Fwp%2Fv2%2Fmedia&parent=1694"}],"wp:term":[{"taxonomy":"product_brand","embeddable":true,"href":"https:\/\/depex.com.uy\/index.php?rest_route=%2Fwp%2Fv2%2Fproduct_brand&post=1694"},{"taxonomy":"product_cat","embeddable":true,"href":"https:\/\/depex.com.uy\/index.php?rest_route=%2Fwp%2Fv2%2Fproduct_cat&post=1694"},{"taxonomy":"product_tag","embeddable":true,"href":"https:\/\/depex.com.uy\/index.php?rest_route=%2Fwp%2Fv2%2Fproduct_tag&post=1694"}],"curies":[{"name":"wp","href":"https:\/\/api.w.org\/{rel}","templated":true}]}}