{"id":1743,"date":"2023-06-07T10:39:57","date_gmt":"2023-06-07T13:39:57","guid":{"rendered":"https:\/\/depex.com.uy\/?post_type=product&#038;p=1743"},"modified":"2025-02-18T16:13:28","modified_gmt":"2025-02-18T19:13:28","slug":"juego-de-recipientes-rectangulares-5-unidades-plasutil-conect-variado","status":"publish","type":"product","link":"https:\/\/depex.com.uy\/?product=juego-de-recipientes-rectangulares-5-unidades-plasutil-conect-variado","title":{"rendered":"Juego de Recipientes Rectangulares 5 unidades PLAS\u00daTIL \u00abConect\u00bb (Variado)"},"content":{"rendered":"<p><strong>Caracter\u00edsticas:<\/strong><\/p>\n<ul>\n<li>Compuesto por recipientes de 180 ml, 370 ml, 600 ml, 950 ml y 1,4 litros.<\/li>\n<li>Kit de recipientes de pl\u00e1stico con tapas y bases que encajan entre s\u00ed.<\/li>\n<li>Se puede llevar al microondas y al congelador o freezer.<\/li>\n<li>Las tapas y bases ajustadas optimizan el espacio y ayudan a organizar los gabinetes.<\/li>\n<li>Fabricado en polipropileno, material no t\u00f3xico, libre de BPA (BPA Free).<\/li>\n<\/ul>\n<p><strong>Dimensiones:<\/strong> 181x138x103 mm<\/p>\n","protected":false},"excerpt":{"rendered":"<p>Caracter\u00edsticas: Compuesto por recipientes de 180 ml, 370 ml, 600 ml, 950 ml y 1,4 litros. Kit de recipientes de pl\u00e1stico con tapas y bases que encajan entre s\u00ed. Se puede llevar al microondas y al congelador o freezer. Las tapas y bases ajustadas optimizan el espacio y ayudan a organizar los gabinetes. Fabricado en [&#8230;]\n","protected":false},"featured_media":1630,"template":"","meta":[],"product_brand":[64],"product_cat":[25,53],"product_tag":[],"class_list":{"0":"post-1743","1":"product","2":"type-product","3":"status-publish","4":"has-post-thumbnail","6":"product_brand-plasutil","7":"product_cat-plasutil","8":"product_cat-recipientes","10":"first","11":"instock","12":"taxable","13":"shipping-taxable","14":"purchasable","15":"product-type-simple"},"jetpack-related-posts":[],"jetpack_sharing_enabled":true,"_links":{"self":[{"href":"https:\/\/depex.com.uy\/index.php?rest_route=\/wp\/v2\/product\/1743","targetHints":{"allow":["GET"]}}],"collection":[{"href":"https:\/\/depex.com.uy\/index.php?rest_route=\/wp\/v2\/product"}],"about":[{"href":"https:\/\/depex.com.uy\/index.php?rest_route=\/wp\/v2\/types\/product"}],"wp:featuredmedia":[{"embeddable":true,"href":"https:\/\/depex.com.uy\/index.php?rest_route=\/wp\/v2\/media\/1630"}],"wp:attachment":[{"href":"https:\/\/depex.com.uy\/index.php?rest_route=%2Fwp%2Fv2%2Fmedia&parent=1743"}],"wp:term":[{"taxonomy":"product_brand","embeddable":true,"href":"https:\/\/depex.com.uy\/index.php?rest_route=%2Fwp%2Fv2%2Fproduct_brand&post=1743"},{"taxonomy":"product_cat","embeddable":true,"href":"https:\/\/depex.com.uy\/index.php?rest_route=%2Fwp%2Fv2%2Fproduct_cat&post=1743"},{"taxonomy":"product_tag","embeddable":true,"href":"https:\/\/depex.com.uy\/index.php?rest_route=%2Fwp%2Fv2%2Fproduct_tag&post=1743"}],"curies":[{"name":"wp","href":"https:\/\/api.w.org\/{rel}","templated":true}]}}