{"id":1845,"date":"2023-06-08T17:40:59","date_gmt":"2023-06-08T20:40:59","guid":{"rendered":"https:\/\/depex.com.uy\/?post_type=product&#038;p=1845"},"modified":"2025-02-18T16:13:34","modified_gmt":"2025-02-18T19:13:34","slug":"organizador-en-madera-maciza-con-3-estantes-tramontina-modulare","status":"publish","type":"product","link":"https:\/\/depex.com.uy\/?product=organizador-en-madera-maciza-con-3-estantes-tramontina-modulare","title":{"rendered":"Organizador en Madera Maciza con 3 estantes TRAMONTINA \u00abModulare\u00bb (Natural)"},"content":{"rendered":"<p><strong data-redactor-tag=\"strong\">Descripci\u00f3n:<\/strong><\/p>\n<p>Organiza tus espacios con belleza y calidad con la Estanter\u00eda Tramontina Modulare en Madera de Pino con Acabado Natural de 2 Estantes. Este art\u00edculo es perfecto para quienes desean exhibir sus esculturas, plantas y libros favoritos, sin mencionar el acabado natural de este art\u00edculo que hace que el ambiente sea a\u00fan m\u00e1s bello y elegante. Est\u00e1 fabricado en madera maciza, ofreci\u00e9ndote una mayor durabilidad.<\/p>\n<p><strong data-redactor-tag=\"strong\">Principales funciones y beneficios:<\/strong><\/p>\n<ul>\n<li>Estante en madera maciza de pino.<\/li>\n<li>Producto desmontado, instrucciones de montaje adjuntas.<\/li>\n<li>Montaje pr\u00e1ctico y seguro, solamente requiere de un destornillador.<\/li>\n<li>Capacidad de 10 kg por balda<\/li>\n<li>Distancia entre estantes: 30,6cm.<\/li>\n<li>Acabado natural (sin pintar).<\/li>\n<li>Producto no apto para uso externo.<\/li>\n<li>Producto vendido individualmente.<\/li>\n<li>Permite el montaje en m\u00f3dulos.<\/li>\n<li>Imagen y video solo con fines ilustrativos. El producto se refiere \u00fanicamente a la Estanter\u00eda Tramontina Modulare en Madera de Pino con Acabado Natural con 2 Estantes.<\/li>\n<\/ul>\n<div><strong data-redactor-tag=\"strong\">Recomendaciones de uso:<\/strong><\/div>\n<ul>\n<li>Piezas naturales, retirar el polvo \u00fanicamente con una franela o pa\u00f1o seco.<\/li>\n<li>Para una limpieza m\u00e1s profunda, utilice un pa\u00f1o humedecido con agua y jab\u00f3n neutro. No utilice productos qu\u00edmicos, esponjas de acero o aluminio, cepillos o productos abrasivos.<\/li>\n<li>De vez en cuando, reajuste los tornillos para garantizar la estabilidad y durabilidad.<\/li>\n<li>Intente siempre levantar los muebles cuando cambie de lugar. Empujarlo o arrastrarlo puede torcer o romper las piernas.<\/li>\n<li>Si necesita transportarlo, desarme el mueble antes de moverlo. De esta forma evitar\u00e1s da\u00f1ar las piezas debido al equilibrio.<\/li>\n<\/ul>\n<div>\n<div><strong data-redactor-tag=\"strong\">Peso:<\/strong>\u00a04,18 kg<\/div>\n<div><strong data-redactor-tag=\"strong\">Longitud:<\/strong>\u00a0622 mm<\/div>\n<div><strong data-redactor-tag=\"strong\">Ancho:<\/strong>\u00a0302 mm<\/div>\n<div><strong data-redactor-tag=\"strong\">Altura:<\/strong>\u00a0752 mm<\/div>\n<\/div>\n<div><strong data-redactor-tag=\"strong\">Garant\u00eda:<\/strong>\u00a0de 90 d\u00edas por defecto de fabricaci\u00f3n.<\/div>\n","protected":false},"excerpt":{"rendered":"<p>Descripci\u00f3n: Organiza tus espacios con belleza y calidad con la Estanter\u00eda Tramontina Modulare en Madera de Pino con Acabado Natural de 2 Estantes. Este art\u00edculo es perfecto para quienes desean exhibir sus esculturas, plantas y libros favoritos, sin mencionar el acabado natural de este art\u00edculo que hace que el ambiente sea a\u00fan m\u00e1s bello y [&#8230;]\n","protected":false},"featured_media":1847,"template":"","meta":[],"product_brand":[65],"product_cat":[20,28],"product_tag":[],"class_list":{"0":"post-1845","1":"product","2":"type-product","3":"status-publish","4":"has-post-thumbnail","6":"product_brand-tramontina","7":"product_cat-organizacion","8":"product_cat-tramontina","10":"first","11":"instock","12":"taxable","13":"shipping-taxable","14":"purchasable","15":"product-type-simple"},"jetpack-related-posts":[],"jetpack_sharing_enabled":true,"_links":{"self":[{"href":"https:\/\/depex.com.uy\/index.php?rest_route=\/wp\/v2\/product\/1845","targetHints":{"allow":["GET"]}}],"collection":[{"href":"https:\/\/depex.com.uy\/index.php?rest_route=\/wp\/v2\/product"}],"about":[{"href":"https:\/\/depex.com.uy\/index.php?rest_route=\/wp\/v2\/types\/product"}],"wp:featuredmedia":[{"embeddable":true,"href":"https:\/\/depex.com.uy\/index.php?rest_route=\/wp\/v2\/media\/1847"}],"wp:attachment":[{"href":"https:\/\/depex.com.uy\/index.php?rest_route=%2Fwp%2Fv2%2Fmedia&parent=1845"}],"wp:term":[{"taxonomy":"product_brand","embeddable":true,"href":"https:\/\/depex.com.uy\/index.php?rest_route=%2Fwp%2Fv2%2Fproduct_brand&post=1845"},{"taxonomy":"product_cat","embeddable":true,"href":"https:\/\/depex.com.uy\/index.php?rest_route=%2Fwp%2Fv2%2Fproduct_cat&post=1845"},{"taxonomy":"product_tag","embeddable":true,"href":"https:\/\/depex.com.uy\/index.php?rest_route=%2Fwp%2Fv2%2Fproduct_tag&post=1845"}],"curies":[{"name":"wp","href":"https:\/\/api.w.org\/{rel}","templated":true}]}}