{"id":1873,"date":"2023-06-09T10:47:50","date_gmt":"2023-06-09T13:47:50","guid":{"rendered":"https:\/\/depex.com.uy\/?post_type=product&#038;p=1873"},"modified":"2025-02-18T16:13:34","modified_gmt":"2025-02-18T19:13:34","slug":"estante-rinconero-de-madera-tramontina","status":"publish","type":"product","link":"https:\/\/depex.com.uy\/?product=estante-rinconero-de-madera-tramontina","title":{"rendered":"Estante Rinconero de Madera TRAMONTINA (Natural)"},"content":{"rendered":"<p><strong data-redactor-tag=\"strong\">Descripci\u00f3n:<\/strong><\/p>\n<p>Con la repisa de rinc\u00f3n Tramontina en madera pino con acabado natural 300x300x18 mm obtendr\u00e1 lo mejor para organizar su casa o los ambientes de trabajo. Producida en madera maciza de pino con acabado natural, asegura un mejor aprovechamiento de sus espacios gracias al encaje perfecto con la pared. Est\u00e1 acompa\u00f1ada por un soporte de madera con capacidad de hasta 10 kilos, tornillos y bujes para una excelente fijaci\u00f3n. \u00a1La elecci\u00f3n perfecta para guardar sus libros, revistas y organizar sus objetos con mucho m\u00e1s estilo y practicidad!<\/p>\n<div>\n<div><strong data-redactor-tag=\"strong\">Principales funciones y beneficios:<\/strong><\/div>\n<ul>\n<li>Estante de madera maciza de pino.<\/li>\n<li>Espesor del estante 18mm.<\/li>\n<li>Se incluyen tornillos y bujes para fijaci\u00f3n.<\/li>\n<li>Terminaci\u00f3n en madera natural, sin pintura.<\/li>\n<li>Capacidad: hasta 10kg.<\/li>\n<li>Soporte en madera.<\/li>\n<li>Las fotos pueden presentar una leve variaci\u00f3n en relaci\u00f3n con el color real de los productos.<\/li>\n<li>El producto se encuentra sujeto una variaci\u00f3n de medida de hasta 2% de su contenido nominal.<\/li>\n<\/ul>\n<div><strong data-redactor-tag=\"strong\">Recomendaciones de uso:<\/strong><\/div>\n<ul>\n<li>Retire el polvo solamente con una franela o pa\u00f1o seco.<\/li>\n<li>En piezas barnizadas o pintadas, retire el polvo utilizando una franela seca o un pa\u00f1o ligeramente humedecido en agua.<\/li>\n<li>Para limpiezas m\u00e1s profundas, utilice una franela o pa\u00f1o humedecido con agua y jab\u00f3n neutro. No utilizar productos qu\u00edmicos, esponjas de acero o aluminio, cepillos o productos abrasivos.<\/li>\n<\/ul>\n<div><strong data-redactor-tag=\"strong\">Peso:<\/strong>\u00a00,81 kg<\/div>\n<div><strong data-redactor-tag=\"strong\">Longitud:<\/strong>\u00a0300 mm<\/div>\n<div><strong data-redactor-tag=\"strong\">Ancho:<\/strong>\u00a0300 mm<\/div>\n<div><strong data-redactor-tag=\"strong\">Altura:<\/strong>\u00a036 mm<\/div>\n<div><strong data-redactor-tag=\"strong\">Garant\u00eda:<\/strong>\u00a090 d\u00edas por defectos de fabricaci\u00f3n<\/div>\n<div><strong data-redactor-tag=\"strong\">Capacidad:<\/strong>\u00a010 kg<\/div>\n<\/div>\n","protected":false},"excerpt":{"rendered":"<p>Descripci\u00f3n: Con la repisa de rinc\u00f3n Tramontina en madera pino con acabado natural 300x300x18 mm obtendr\u00e1 lo mejor para organizar su casa o los ambientes de trabajo. Producida en madera maciza de pino con acabado natural, asegura un mejor aprovechamiento de sus espacios gracias al encaje perfecto con la pared. Est\u00e1 acompa\u00f1ada por un soporte [&#8230;]\n","protected":false},"featured_media":1874,"template":"","meta":[],"product_brand":[65],"product_cat":[20,28],"product_tag":[],"class_list":{"0":"post-1873","1":"product","2":"type-product","3":"status-publish","4":"has-post-thumbnail","6":"product_brand-tramontina","7":"product_cat-organizacion","8":"product_cat-tramontina","10":"first","11":"instock","12":"taxable","13":"shipping-taxable","14":"purchasable","15":"product-type-simple"},"jetpack-related-posts":[],"jetpack_sharing_enabled":true,"_links":{"self":[{"href":"https:\/\/depex.com.uy\/index.php?rest_route=\/wp\/v2\/product\/1873","targetHints":{"allow":["GET"]}}],"collection":[{"href":"https:\/\/depex.com.uy\/index.php?rest_route=\/wp\/v2\/product"}],"about":[{"href":"https:\/\/depex.com.uy\/index.php?rest_route=\/wp\/v2\/types\/product"}],"wp:featuredmedia":[{"embeddable":true,"href":"https:\/\/depex.com.uy\/index.php?rest_route=\/wp\/v2\/media\/1874"}],"wp:attachment":[{"href":"https:\/\/depex.com.uy\/index.php?rest_route=%2Fwp%2Fv2%2Fmedia&parent=1873"}],"wp:term":[{"taxonomy":"product_brand","embeddable":true,"href":"https:\/\/depex.com.uy\/index.php?rest_route=%2Fwp%2Fv2%2Fproduct_brand&post=1873"},{"taxonomy":"product_cat","embeddable":true,"href":"https:\/\/depex.com.uy\/index.php?rest_route=%2Fwp%2Fv2%2Fproduct_cat&post=1873"},{"taxonomy":"product_tag","embeddable":true,"href":"https:\/\/depex.com.uy\/index.php?rest_route=%2Fwp%2Fv2%2Fproduct_tag&post=1873"}],"curies":[{"name":"wp","href":"https:\/\/api.w.org\/{rel}","templated":true}]}}