{"id":1919,"date":"2023-06-09T15:51:26","date_gmt":"2023-06-09T18:51:26","guid":{"rendered":"https:\/\/depex.com.uy\/?post_type=product&#038;p=1919"},"modified":"2025-02-18T16:13:36","modified_gmt":"2025-02-18T19:13:36","slug":"banqueta-baja-de-madera-tramontina-naturalle","status":"publish","type":"product","link":"https:\/\/depex.com.uy\/?product=banqueta-baja-de-madera-tramontina-naturalle","title":{"rendered":"Banqueta Baja de Madera TRAMONTINA \u00abNaturalle\u00bb (Natural)"},"content":{"rendered":"<p><strong data-redactor-tag=\"strong\">Descripci\u00f3n:<\/strong><\/p>\n<p>La banqueta baja Tramontina de pino natural es la elecci\u00f3n adecuada para obtener m\u00e1s comodidad y practicidad en tu residencia. Este producto, adem\u00e1s de ser altamente resistente, debido a su fabricaci\u00f3n en madera maciza, presenta un bell\u00edsimo color que combina con los m\u00e1s diversos espacios. Tramontina, la elecci\u00f3n acertada para tu rutina.<\/p>\n<p><strong data-redactor-tag=\"strong\">Principales funciones y beneficios<\/strong><strong data-redactor-tag=\"strong\">:<\/strong><\/p>\n<ul>\n<li>Estructura de madera maciza.<\/li>\n<li>Medida del asiento 25 mm.<\/li>\n<li>Terminaci\u00f3n en madera natural, sin pintura.<\/li>\n<li>Producto desarmado.<\/li>\n<li>F\u00e1cil de armar. Viene con kit de herramientas e instrucciones de armado.<\/li>\n<li>No indicado para uso externo.<\/li>\n<li>Capacidad 140 kg.<\/li>\n<li>Las fotos pueden presentar una leve variaci\u00f3n en relaci\u00f3n con el color real de los productos.<\/li>\n<\/ul>\n<p><strong data-redactor-tag=\"strong\">Recomendaciones de uso<\/strong><strong data-redactor-tag=\"strong\">:<\/strong><\/p>\n<ul>\n<li>En piezas barnizadas o pintadas, retire el polvo utilizando una franela seca o un pa\u00f1o ligeramente humedecido en agua.<\/li>\n<li>En piezas naturales, retire el polvo solamente con una franela o pa\u00f1o seco.<\/li>\n<li>Para limpiar la superficie recubierta, use solo jab\u00f3n suave y agua.<\/li>\n<li>No utilizar productos qu\u00edmicos, esponjas de acero o aluminio, cepillos o productos abrasivos.<\/li>\n<li>En los asientos forrados con tonalidades claras, evitar contacto con telas que desti\u00f1an.<\/li>\n<li>De vez en cuando, vuelva a ajustar los tornillos para garantizar la estabilidad y durabilidad.<\/li>\n<li>Siempre trate de levantar el mueble cuando lo vaya a cambiar de lugar. Empujarlo o arrastrarlo puede torcer o quebrar las patas.<\/li>\n<li>En caso de necesitar transportarlo, desarme el mueble antes de moverlo. De esa forma, se evitar\u00e1 da\u00f1ar las piezas debido al balanceo.<\/li>\n<li>Ese producto no es indicado para uso externo.<\/li>\n<\/ul>\n<p><strong data-redactor-tag=\"strong\">Peso:\u00a0<\/strong>3,54 kg<\/p>\n<p><strong data-redactor-tag=\"strong\">Capacidad:<\/strong>\u00a0140 kg<\/p>\n<p><strong data-redactor-tag=\"strong\">Dimensiones:<\/strong>\u00a0460x320x320mm<\/p>\n<p><strong data-redactor-tag=\"strong\">Garant\u00eda:<\/strong>\u00a090 d\u00edas por defectos de fabricaci\u00f3n.<\/p>\n","protected":false},"excerpt":{"rendered":"<p>Descripci\u00f3n: La banqueta baja Tramontina de pino natural es la elecci\u00f3n adecuada para obtener m\u00e1s comodidad y practicidad en tu residencia. Este producto, adem\u00e1s de ser altamente resistente, debido a su fabricaci\u00f3n en madera maciza, presenta un bell\u00edsimo color que combina con los m\u00e1s diversos espacios. Tramontina, la elecci\u00f3n acertada para tu rutina. Principales funciones [&#8230;]\n","protected":false},"featured_media":1920,"template":"","meta":[],"product_brand":[65],"product_cat":[22,49,28],"product_tag":[],"class_list":{"0":"post-1919","1":"product","2":"type-product","3":"status-publish","4":"has-post-thumbnail","6":"product_brand-tramontina","7":"product_cat-jardin","8":"product_cat-mesa","9":"product_cat-tramontina","11":"first","12":"instock","13":"taxable","14":"shipping-taxable","15":"purchasable","16":"product-type-simple"},"jetpack-related-posts":[],"jetpack_sharing_enabled":true,"_links":{"self":[{"href":"https:\/\/depex.com.uy\/index.php?rest_route=\/wp\/v2\/product\/1919","targetHints":{"allow":["GET"]}}],"collection":[{"href":"https:\/\/depex.com.uy\/index.php?rest_route=\/wp\/v2\/product"}],"about":[{"href":"https:\/\/depex.com.uy\/index.php?rest_route=\/wp\/v2\/types\/product"}],"wp:featuredmedia":[{"embeddable":true,"href":"https:\/\/depex.com.uy\/index.php?rest_route=\/wp\/v2\/media\/1920"}],"wp:attachment":[{"href":"https:\/\/depex.com.uy\/index.php?rest_route=%2Fwp%2Fv2%2Fmedia&parent=1919"}],"wp:term":[{"taxonomy":"product_brand","embeddable":true,"href":"https:\/\/depex.com.uy\/index.php?rest_route=%2Fwp%2Fv2%2Fproduct_brand&post=1919"},{"taxonomy":"product_cat","embeddable":true,"href":"https:\/\/depex.com.uy\/index.php?rest_route=%2Fwp%2Fv2%2Fproduct_cat&post=1919"},{"taxonomy":"product_tag","embeddable":true,"href":"https:\/\/depex.com.uy\/index.php?rest_route=%2Fwp%2Fv2%2Fproduct_tag&post=1919"}],"curies":[{"name":"wp","href":"https:\/\/api.w.org\/{rel}","templated":true}]}}