{"id":1970,"date":"2023-06-14T16:20:39","date_gmt":"2023-06-14T19:20:39","guid":{"rendered":"https:\/\/depex.com.uy\/?post_type=product&#038;p=1970"},"modified":"2025-02-18T16:13:38","modified_gmt":"2025-02-18T19:13:38","slug":"basurero-en-acero-inoxidable-con-pedal-30-litros-tramontina","status":"publish","type":"product","link":"https:\/\/depex.com.uy\/?product=basurero-en-acero-inoxidable-con-pedal-30-litros-tramontina","title":{"rendered":"Basurero 30 litros en Acero Inoxidable con Pedal TRAMONTINA (Acero)"},"content":{"rendered":"<p><strong>Descripci\u00f3n:<\/strong><\/p>\n<p>Existen productos que facilitan nuestro d\u00eda a d\u00eda. El basurero de acero inoxidable con pedal Tramontina con terminaci\u00f3n pulida y balde interno removible de 30 l es uno de ellos. Fabricado en Brasil, tiene capacidad de 30 l y es ideal para las actividades diarias. Fabricado en acero inoxidable con terminaci\u00f3n pulida y tapa con gancho, garantiza m\u00e1s resistencia. La apertura por medio de pedal tolera m\u00e1s de 1 mill\u00f3n de ciclos (apertura y cierre). Tiene balde interno removible, manija de transporte y ventosa en la base que evita el movimiento del producto cuando se maneja. Un producto esencial para uso diario.<\/p>\n<p><strong>Principales funciones y beneficios:<\/strong><\/p>\n<ul>\n<li>Material: Acero inoxidable AISI 430<\/li>\n<li>Espesor: 0,4 mm<\/li>\n<li>Terminaci\u00f3n: Pulida<\/li>\n<li>Tratamiento antihuellas: No<\/li>\n<li>Manija para transporte: S\u00ed<\/li>\n<li>Apertura: Pedal<\/li>\n<li>Tapa: S\u00ed<\/li>\n<li>Cierre suave de la tapa: No<\/li>\n<li>Balde pl\u00e1stico: S\u00ed, (no tiene asa de transporte)<\/li>\n<li>Capacidad: 30 l<\/li>\n<li>Bolsa de basura recomendada: 50\/60 litros<\/li>\n<\/ul>\n<p><strong>Recomendaciones de uso:<\/strong><\/p>\n<ul>\n<li>Producto para uso interno.<\/li>\n<li>Esta pieza tiene bordes cortantes. Manejar con cuidado.<\/li>\n<li>Para la limpieza, remover el balde pl\u00e1stico y lavar ambas las partes con esponja suave y detergente neutro.<\/li>\n<li>Nunca dejar objetos met\u00e1licos por mucho tiempo en contacto con le basurero, para evitar la corrosi\u00f3n.<\/li>\n<li>Evitar el contacto con \u00e1cido muri\u00e1tico, agua sanitaria o cualquier otro solvente que pueda venir a agredir el producto.<\/li>\n<\/ul>\n<p><strong>Peso:<\/strong> 3,65 kg<\/p>\n<p><strong>Capacidad:<\/strong> 30 litros<\/p>\n<p><strong>Garant\u00eda:<\/strong> Garant\u00eda contra cualquier defecto de fabricaci\u00f3n por un per\u00edodo total de 12 (doce) meses.<\/p>\n","protected":false},"excerpt":{"rendered":"<p>Descripci\u00f3n: Existen productos que facilitan nuestro d\u00eda a d\u00eda. El basurero de acero inoxidable con pedal Tramontina con terminaci\u00f3n pulida y balde interno removible de 30 l es uno de ellos. Fabricado en Brasil, tiene capacidad de 30 l y es ideal para las actividades diarias. Fabricado en acero inoxidable con terminaci\u00f3n pulida y tapa [&#8230;]\n","protected":false},"featured_media":1971,"template":"","meta":[],"product_brand":[65],"product_cat":[35,28],"product_tag":[],"class_list":{"0":"post-1970","1":"product","2":"type-product","3":"status-publish","4":"has-post-thumbnail","6":"product_brand-tramontina","7":"product_cat-basureros","8":"product_cat-tramontina","10":"first","11":"instock","12":"taxable","13":"shipping-taxable","14":"purchasable","15":"product-type-simple"},"jetpack-related-posts":[],"jetpack_sharing_enabled":true,"_links":{"self":[{"href":"https:\/\/depex.com.uy\/index.php?rest_route=\/wp\/v2\/product\/1970","targetHints":{"allow":["GET"]}}],"collection":[{"href":"https:\/\/depex.com.uy\/index.php?rest_route=\/wp\/v2\/product"}],"about":[{"href":"https:\/\/depex.com.uy\/index.php?rest_route=\/wp\/v2\/types\/product"}],"wp:featuredmedia":[{"embeddable":true,"href":"https:\/\/depex.com.uy\/index.php?rest_route=\/wp\/v2\/media\/1971"}],"wp:attachment":[{"href":"https:\/\/depex.com.uy\/index.php?rest_route=%2Fwp%2Fv2%2Fmedia&parent=1970"}],"wp:term":[{"taxonomy":"product_brand","embeddable":true,"href":"https:\/\/depex.com.uy\/index.php?rest_route=%2Fwp%2Fv2%2Fproduct_brand&post=1970"},{"taxonomy":"product_cat","embeddable":true,"href":"https:\/\/depex.com.uy\/index.php?rest_route=%2Fwp%2Fv2%2Fproduct_cat&post=1970"},{"taxonomy":"product_tag","embeddable":true,"href":"https:\/\/depex.com.uy\/index.php?rest_route=%2Fwp%2Fv2%2Fproduct_tag&post=1970"}],"curies":[{"name":"wp","href":"https:\/\/api.w.org\/{rel}","templated":true}]}}