{"id":1979,"date":"2023-06-15T14:32:49","date_gmt":"2023-06-15T17:32:49","guid":{"rendered":"https:\/\/depex.com.uy\/?post_type=product&#038;p=1979"},"modified":"2025-02-18T16:13:38","modified_gmt":"2025-02-18T19:13:38","slug":"basurero-en-acero-inoxidable-con-pedal-5-litros-tramontina-2","status":"publish","type":"product","link":"https:\/\/depex.com.uy\/?product=basurero-en-acero-inoxidable-con-pedal-5-litros-tramontina-2","title":{"rendered":"Basurero 5 litros en Acero Inoxidable con Pedal TRAMONTINA (Acero)"},"content":{"rendered":"<p><strong>Descripci\u00f3n:<\/strong><\/p>\n<p>\u00bfQu\u00e9 tal un basurero diferente para tu casa? Con mix de materiales y garant\u00eda de calidad y resistencia, el Basurero de pedal New 5 l de Tramontina se fabrica con cuerpo de acero inoxidable y tapa pl\u00e1stica. Con capacidad de 5 l, no necesita balde pl\u00e1stico, pudiendo utilizarse solamente con la bolsa de basura de 10-15 l, que queda sujeta por el orificio lateral del basurero. Al cerrar la tapa, la bolsa de basura no queda a la vista, manteniendo la est\u00e9tica del producto. El basurero es durable, resistiendo a m\u00e1s de 1 mill\u00f3n de ciclos (apertura y cierre). Otro diferencial es que la tapa no golpea contra la pared cuando se abre.<\/p>\n<p><strong>Principales funciones y beneficios:<\/strong><\/p>\n<ul>\n<li>Material: Acero inoxidable AISI 430<\/li>\n<li>Espesor: 0,4 mm<\/li>\n<li>Terminaci\u00f3n: Pulida<\/li>\n<li>Tratamiento antihuellas: No<\/li>\n<li>Manija para transporte: S\u00ed<\/li>\n<li>Apertura: Pedal<\/li>\n<li>Tapa: S\u00ed<\/li>\n<li>Cierre suave de la tapa: No<\/li>\n<li>Balde pl\u00e1stico: S\u00ed, (no tiene asa de transporte)<\/li>\n<li>Capacidad: 5 l<\/li>\n<li>Bolsa de basura recomendada: 10-15 l<\/li>\n<\/ul>\n<p><strong>Recomendaciones de uso:<\/strong><\/p>\n<ul>\n<li>Producto para uso interno.<\/li>\n<li>Esta pieza tiene bordes cortantes. Manejar con cuidado.<\/li>\n<li>Para la limpieza, remover el balde pl\u00e1stico y lavar ambas las partes con esponja suave y detergente neutro.<\/li>\n<li>Nunca dejar objetos met\u00e1licos por mucho tiempo en contacto con le basurero, para evitar la corrosi\u00f3n.<\/li>\n<li>Evitar el contacto con \u00e1cido muri\u00e1tico, agua sanitaria o cualquier otro solvente que pueda venir a agredir el producto.<\/li>\n<\/ul>\n<p><strong>Peso:<\/strong> 0,82 kg<\/p>\n<p><strong>Capacidad:<\/strong> 5 litros<\/p>\n<p><strong>Garant\u00eda:<\/strong> Garant\u00eda contra cualquier defecto de fabricaci\u00f3n por un per\u00edodo total de 12 (doce) meses.<\/p>\n","protected":false},"excerpt":{"rendered":"<p>Descripci\u00f3n: \u00bfQu\u00e9 tal un basurero diferente para tu casa? Con mix de materiales y garant\u00eda de calidad y resistencia, el Basurero de pedal New 5 l de Tramontina se fabrica con cuerpo de acero inoxidable y tapa pl\u00e1stica. Con capacidad de 5 l, no necesita balde pl\u00e1stico, pudiendo utilizarse solamente con la bolsa de basura [&#8230;]\n","protected":false},"featured_media":1981,"template":"","meta":[],"product_brand":[65],"product_cat":[21,35,28],"product_tag":[],"class_list":{"0":"post-1979","1":"product","2":"type-product","3":"status-publish","4":"has-post-thumbnail","6":"product_brand-tramontina","7":"product_cat-bano","8":"product_cat-basureros","9":"product_cat-tramontina","11":"first","12":"instock","13":"taxable","14":"shipping-taxable","15":"purchasable","16":"product-type-simple"},"jetpack-related-posts":[],"jetpack_sharing_enabled":true,"_links":{"self":[{"href":"https:\/\/depex.com.uy\/index.php?rest_route=\/wp\/v2\/product\/1979","targetHints":{"allow":["GET"]}}],"collection":[{"href":"https:\/\/depex.com.uy\/index.php?rest_route=\/wp\/v2\/product"}],"about":[{"href":"https:\/\/depex.com.uy\/index.php?rest_route=\/wp\/v2\/types\/product"}],"wp:featuredmedia":[{"embeddable":true,"href":"https:\/\/depex.com.uy\/index.php?rest_route=\/wp\/v2\/media\/1981"}],"wp:attachment":[{"href":"https:\/\/depex.com.uy\/index.php?rest_route=%2Fwp%2Fv2%2Fmedia&parent=1979"}],"wp:term":[{"taxonomy":"product_brand","embeddable":true,"href":"https:\/\/depex.com.uy\/index.php?rest_route=%2Fwp%2Fv2%2Fproduct_brand&post=1979"},{"taxonomy":"product_cat","embeddable":true,"href":"https:\/\/depex.com.uy\/index.php?rest_route=%2Fwp%2Fv2%2Fproduct_cat&post=1979"},{"taxonomy":"product_tag","embeddable":true,"href":"https:\/\/depex.com.uy\/index.php?rest_route=%2Fwp%2Fv2%2Fproduct_tag&post=1979"}],"curies":[{"name":"wp","href":"https:\/\/api.w.org\/{rel}","templated":true}]}}