{"id":2080,"date":"2023-06-21T19:57:27","date_gmt":"2023-06-21T22:57:27","guid":{"rendered":"https:\/\/depex.com.uy\/?post_type=product&#038;p=2080"},"modified":"2025-02-18T16:13:39","modified_gmt":"2025-02-18T19:13:39","slug":"basurero-en-acero-inoxidable-23-litros-tramontina-portofino","status":"publish","type":"product","link":"https:\/\/depex.com.uy\/?product=basurero-en-acero-inoxidable-23-litros-tramontina-portofino","title":{"rendered":"Basurero 23 litros en Acero Inoxidable TRAMONTINA \u00abPortofino\u00bb (Acero)"},"content":{"rendered":"<p><strong>Descripci\u00f3n:<\/strong><\/p>\n<p>Con el basurero de acero inoxidable Tramontina Portofino, terminaci\u00f3n Scotch Brite, aro y base de polipropileno, 23 l de capacidad, usted va a reunir buen gusto y practicidad en un objeto con fabricaci\u00f3n brasile\u00f1a. Se fabrica con materiales durables con un visual moderno. El cuerpo de acero inoxidable tiene terminaci\u00f3n Scotch Brite y la base y el aro son de polipropileno. Tambi\u00e9n tiene armaz\u00f3n de alambre interno para fijar la bolsa de basura.<\/p>\n<p><strong>Principales funciones y beneficios:<\/strong><\/p>\n<ul>\n<li>Material: Acero inoxidable AISI 430<\/li>\n<li>Espesor: 0,5 mm<\/li>\n<li>Terminaci\u00f3n: Scotch brite<\/li>\n<li>Tratamiento antihuellas: No<\/li>\n<li>Manija para transporte: No<\/li>\n<li>Tapa: No<\/li>\n<li>Balde pl\u00e1stico removible: No<\/li>\n<li>Capacidad: 23 l<\/li>\n<li>Bolsa de basura recomendada: 30 &#8211; 40 L<\/li>\n<li>Todas las im\u00e1genes son s\u00f3lo para fines ilustrativos.<\/li>\n<\/ul>\n<p><strong>Recomendaciones de uso:<\/strong><\/p>\n<ul>\n<li>\u00a0Producto para uso interno.<\/li>\n<li>Para la limpieza, lavar con una esponja blanda y detergente neutro.<\/li>\n<li>Nunca deje objetos de metal durante mucho tiempo en contacto con el basurero, para evitar la corrosi\u00f3n.<\/li>\n<li>Evite el contacto con el \u00e1cido muri\u00e1tico, cloro u otros disolventes que puedan da\u00f1ar el producto.<\/li>\n<li>Para mantener el brillo de su basurero, se recomienda utilizar el removedor de manchas para pulir y remover manchas en superficies de acero inoxidable \u00abTramontina\u00bb.<\/li>\n<li>No utilice para la limpieza, lana de acero inoxidable u otros materiales o productos que puedan rayar el acero inoxidable.<\/li>\n<\/ul>\n<p><strong>Peso:<\/strong> 1,79 kg<\/p>\n<p><strong>Capacidad:<\/strong> 23 litros<\/p>\n<p><strong>Garant\u00eda:<\/strong> Garant\u00eda contra cualquier defecto de fabricaci\u00f3n por un per\u00edodo total de 3 (tres) meses.<\/p>\n","protected":false},"excerpt":{"rendered":"<p>94540\/017<\/p>\n","protected":false},"featured_media":2081,"template":"","meta":[],"product_brand":[65],"product_cat":[35,28],"product_tag":[],"class_list":{"0":"post-2080","1":"product","2":"type-product","3":"status-publish","4":"has-post-thumbnail","6":"product_brand-tramontina","7":"product_cat-basureros","8":"product_cat-tramontina","10":"first","11":"instock","12":"taxable","13":"shipping-taxable","14":"purchasable","15":"product-type-simple"},"jetpack-related-posts":[],"jetpack_sharing_enabled":true,"_links":{"self":[{"href":"https:\/\/depex.com.uy\/index.php?rest_route=\/wp\/v2\/product\/2080","targetHints":{"allow":["GET"]}}],"collection":[{"href":"https:\/\/depex.com.uy\/index.php?rest_route=\/wp\/v2\/product"}],"about":[{"href":"https:\/\/depex.com.uy\/index.php?rest_route=\/wp\/v2\/types\/product"}],"wp:featuredmedia":[{"embeddable":true,"href":"https:\/\/depex.com.uy\/index.php?rest_route=\/wp\/v2\/media\/2081"}],"wp:attachment":[{"href":"https:\/\/depex.com.uy\/index.php?rest_route=%2Fwp%2Fv2%2Fmedia&parent=2080"}],"wp:term":[{"taxonomy":"product_brand","embeddable":true,"href":"https:\/\/depex.com.uy\/index.php?rest_route=%2Fwp%2Fv2%2Fproduct_brand&post=2080"},{"taxonomy":"product_cat","embeddable":true,"href":"https:\/\/depex.com.uy\/index.php?rest_route=%2Fwp%2Fv2%2Fproduct_cat&post=2080"},{"taxonomy":"product_tag","embeddable":true,"href":"https:\/\/depex.com.uy\/index.php?rest_route=%2Fwp%2Fv2%2Fproduct_tag&post=2080"}],"curies":[{"name":"wp","href":"https:\/\/api.w.org\/{rel}","templated":true}]}}