{"id":2084,"date":"2023-06-23T15:57:37","date_gmt":"2023-06-23T18:57:37","guid":{"rendered":"https:\/\/depex.com.uy\/?post_type=product&#038;p=2084"},"modified":"2025-02-18T16:13:39","modified_gmt":"2025-02-18T19:13:39","slug":"basurero-en-acero-inoxidable-31-litros-tramontina-portofino","status":"publish","type":"product","link":"https:\/\/depex.com.uy\/?product=basurero-en-acero-inoxidable-31-litros-tramontina-portofino","title":{"rendered":"Basurero 31 litros en Acero Inoxidable TRAMONTINA \u00abPortofino\u00bb (Acero)"},"content":{"rendered":"<p><strong>Descripci\u00f3n:<\/strong><\/p>\n<p>El basurero de acero inoxidable Tramontina Portofino con terminaci\u00f3n Scotch Brite, aro y base de polipropileno y 31 l de capacidad, es ideal para cualquier ambiente. Fabricado en Brasil con acero inoxidable y terminaci\u00f3n Scotch Brite, base y aro de polipropileno. Muy pr\u00e1ctico, el basurero tiene capacidad de 31 l y tiene armaz\u00f3n de alambre interno para fijar la bolsa de basura. Ya sea en la oficina o en casa, los espacios van a quedar m\u00e1s limpios y organizados.<\/p>\n<p><strong>Principales funciones y beneficios:<\/strong><\/p>\n<ul>\n<li>Material: Acero inoxidable AISI 430<\/li>\n<li>Espesor: 0,5 mm<\/li>\n<li>Terminaci\u00f3n: Scotch brite<\/li>\n<li>Tratamiento antihuellas: No<\/li>\n<li>Manija para transporte: No<\/li>\n<li>Tapa: No<\/li>\n<li>Balde pl\u00e1stico removible: No<\/li>\n<li>Capacidad: 31 l<\/li>\n<li>Bolsa de basura recomendada: 50 &#8211; 60 L<\/li>\n<li>Todas las im\u00e1genes son s\u00f3lo para fines ilustrativos.<\/li>\n<\/ul>\n<p><strong>Recomendaciones de uso:<\/strong><\/p>\n<ul>\n<li>\u00a0Producto para uso interno.<\/li>\n<li>Para la limpieza, lavar con una esponja blanda y detergente neutro.<\/li>\n<li>Nunca deje objetos de metal durante mucho tiempo en contacto con el basurero, para evitar la corrosi\u00f3n.<\/li>\n<li>Evite el contacto con el \u00e1cido muri\u00e1tico, cloro u otros disolventes que puedan da\u00f1ar el producto.<\/li>\n<li>Para mantener el brillo de su basurero, se recomienda utilizar el removedor de manchas para pulir y remover manchas en superficies de acero inoxidable \u00abTramontina\u00bb.<\/li>\n<li>No utilice para la limpieza, lana de acero inoxidable u otros materiales o productos que puedan rayar el acero inoxidable.<\/li>\n<\/ul>\n<p><strong>Peso:<\/strong> 2,27 kg<\/p>\n<p><strong>Capacidad:<\/strong> 31 litros<\/p>\n<p><strong>Garant\u00eda:<\/strong> Garant\u00eda contra cualquier defecto de fabricaci\u00f3n por un per\u00edodo total de 3 (tres) meses.<\/p>\n","protected":false},"excerpt":{"rendered":"<p>94540\/018<\/p>\n","protected":false},"featured_media":2086,"template":"","meta":[],"product_brand":[65],"product_cat":[35,28],"product_tag":[],"class_list":{"0":"post-2084","1":"product","2":"type-product","3":"status-publish","4":"has-post-thumbnail","6":"product_brand-tramontina","7":"product_cat-basureros","8":"product_cat-tramontina","10":"first","11":"instock","12":"taxable","13":"shipping-taxable","14":"purchasable","15":"product-type-simple"},"jetpack-related-posts":[],"jetpack_sharing_enabled":true,"_links":{"self":[{"href":"https:\/\/depex.com.uy\/index.php?rest_route=\/wp\/v2\/product\/2084","targetHints":{"allow":["GET"]}}],"collection":[{"href":"https:\/\/depex.com.uy\/index.php?rest_route=\/wp\/v2\/product"}],"about":[{"href":"https:\/\/depex.com.uy\/index.php?rest_route=\/wp\/v2\/types\/product"}],"wp:featuredmedia":[{"embeddable":true,"href":"https:\/\/depex.com.uy\/index.php?rest_route=\/wp\/v2\/media\/2086"}],"wp:attachment":[{"href":"https:\/\/depex.com.uy\/index.php?rest_route=%2Fwp%2Fv2%2Fmedia&parent=2084"}],"wp:term":[{"taxonomy":"product_brand","embeddable":true,"href":"https:\/\/depex.com.uy\/index.php?rest_route=%2Fwp%2Fv2%2Fproduct_brand&post=2084"},{"taxonomy":"product_cat","embeddable":true,"href":"https:\/\/depex.com.uy\/index.php?rest_route=%2Fwp%2Fv2%2Fproduct_cat&post=2084"},{"taxonomy":"product_tag","embeddable":true,"href":"https:\/\/depex.com.uy\/index.php?rest_route=%2Fwp%2Fv2%2Fproduct_tag&post=2084"}],"curies":[{"name":"wp","href":"https:\/\/api.w.org\/{rel}","templated":true}]}}