{"id":2094,"date":"2023-06-23T16:20:23","date_gmt":"2023-06-23T19:20:23","guid":{"rendered":"https:\/\/depex.com.uy\/?post_type=product&#038;p=2094"},"modified":"2025-02-18T16:13:40","modified_gmt":"2025-02-18T19:13:40","slug":"basurero-con-tapa-en-acero-inoxidable-5-litros-tramontina-blanco","status":"publish","type":"product","link":"https:\/\/depex.com.uy\/?product=basurero-con-tapa-en-acero-inoxidable-5-litros-tramontina-blanco","title":{"rendered":"Basurero 5 litros con Tapa en Acero Inoxidable TRAMONTINA (Blanco)"},"content":{"rendered":"<p><strong>Descripci\u00f3n:<\/strong><\/p>\n<p>Deje la apariencia de sus ambientes m\u00e1s elegante con el basurero Tramontina \u00datil con tapa de vaiv\u00e9n de acero inoxidable con terminaci\u00f3n Scotch Brite y cuerpo de polipropileno negro de 5 l de capacidad. Con cuerpo de polpropileno negro y tapa de acero inoxidable con terminaci\u00f3n Scotch Brite, el basurero le da un toque sofisticado a los espacios. Con capacidad de 5 l es un producto con calidad fabricado en Brasil. Muy higi\u00e9nico, tiene tapa de vaiv\u00e9n de f\u00e1cil manejo.<\/p>\n<p><strong>Principales funciones y beneficios:<\/strong><\/p>\n<ul>\n<li>Material:<br \/>\n&#8211; Cuerpo: Polipropileno negro<br \/>\n&#8211; Tapa: Acero inoxidable AISI 304<\/li>\n<li>Terminaci\u00f3n: Scotch Brite<\/li>\n<li>Tratamiento antihuellas: No<\/li>\n<li>Manija para transporte: No<\/li>\n<li>Tapa: S\u00ed, de vaiv\u00e9n<\/li>\n<li>Balde pl\u00e1stico removible: No<\/li>\n<li>Alambre de fijaci\u00f3n para bolsa de basura no incluido<\/li>\n<li>Capacidad: 5 l<\/li>\n<li>Bolsa de basura recomendada: 5 &#8211; 10 l<\/li>\n<li>Todas las im\u00e1genes son s\u00f3lo para fines ilustrativos.<\/li>\n<\/ul>\n<p><strong>Recomendaciones de uso:<\/strong><\/p>\n<ul>\n<li>Producto para uso interno.<\/li>\n<li>Para la limpieza, lavar con una esponja blanda y detergente neutro.<\/li>\n<li>Nunca deje objetos de metal durante mucho tiempo en contacto con las partes de acero inoxidable del basurero, para evitar la corrosi\u00f3n.<\/li>\n<li>Evite el contacto con el \u00e1cido muri\u00e1tico, cloro o otros disolventes que puedan da\u00f1ar el producto.<\/li>\n<li>Para mantener el brillo de las partes de acero inoxidable del basurero, se recomienda utilizar el removedor de manchas para pulir y remover manchas en superficies de acero inoxidable \u00abTramontina\u00bb.<\/li>\n<li>No utilice para la limpieza, lana de acero inoxidable u otros materiales o productos que puedan rayar el acero inoxidable.<\/li>\n<\/ul>\n<p><strong>Peso:<\/strong> 0,65 kg<\/p>\n<p><strong>Capacidad:<\/strong> 5 litros<\/p>\n<p><strong>Garant\u00eda:<\/strong> Garant\u00eda contra cualquier defecto de fabricaci\u00f3n por un per\u00edodo total de 12 (doce) meses.<\/p>\n","protected":false},"excerpt":{"rendered":"<p>94540\/026<\/p>\n","protected":false},"featured_media":2095,"template":"","meta":[],"product_brand":[65],"product_cat":[21,35,28],"product_tag":[],"class_list":{"0":"post-2094","1":"product","2":"type-product","3":"status-publish","4":"has-post-thumbnail","6":"product_brand-tramontina","7":"product_cat-bano","8":"product_cat-basureros","9":"product_cat-tramontina","11":"first","12":"instock","13":"taxable","14":"shipping-taxable","15":"purchasable","16":"product-type-simple"},"jetpack-related-posts":[],"jetpack_sharing_enabled":true,"_links":{"self":[{"href":"https:\/\/depex.com.uy\/index.php?rest_route=\/wp\/v2\/product\/2094","targetHints":{"allow":["GET"]}}],"collection":[{"href":"https:\/\/depex.com.uy\/index.php?rest_route=\/wp\/v2\/product"}],"about":[{"href":"https:\/\/depex.com.uy\/index.php?rest_route=\/wp\/v2\/types\/product"}],"wp:featuredmedia":[{"embeddable":true,"href":"https:\/\/depex.com.uy\/index.php?rest_route=\/wp\/v2\/media\/2095"}],"wp:attachment":[{"href":"https:\/\/depex.com.uy\/index.php?rest_route=%2Fwp%2Fv2%2Fmedia&parent=2094"}],"wp:term":[{"taxonomy":"product_brand","embeddable":true,"href":"https:\/\/depex.com.uy\/index.php?rest_route=%2Fwp%2Fv2%2Fproduct_brand&post=2094"},{"taxonomy":"product_cat","embeddable":true,"href":"https:\/\/depex.com.uy\/index.php?rest_route=%2Fwp%2Fv2%2Fproduct_cat&post=2094"},{"taxonomy":"product_tag","embeddable":true,"href":"https:\/\/depex.com.uy\/index.php?rest_route=%2Fwp%2Fv2%2Fproduct_tag&post=2094"}],"curies":[{"name":"wp","href":"https:\/\/api.w.org\/{rel}","templated":true}]}}