{"id":3052,"date":"2024-08-17T01:32:20","date_gmt":"2024-08-17T04:32:20","guid":{"rendered":"https:\/\/depex.com.uy\/?post_type=product&#038;p=3052"},"modified":"2025-04-17T17:37:54","modified_gmt":"2025-04-17T20:37:54","slug":"afilador-de-cuchillos-3-tiempos-acero-inoxidable-hudson-gris","status":"publish","type":"product","link":"https:\/\/depex.com.uy\/?product=afilador-de-cuchillos-3-tiempos-acero-inoxidable-hudson-gris","title":{"rendered":"Afilador de Cuchillos 3 Tiempos Acero Inoxidable HUDSON (Gris)"},"content":{"rendered":"<h2 class=\"ui-pdp-description__title\">Descripci\u00f3n<\/h2>\n<p class=\"ui-pdp-description__content\">El Afilador Afila Cuchillo Profesional Hudson Piedra Cer\u00e1mica es un aliado indispensable en cualquier cocina. Con un dise\u00f1o elegante y funcional, este producto de la reconocida marca Hudson, se destaca por su eficiencia y durabilidad. Su tama\u00f1o compacto, con un largo de 21,5 cm, un ancho de 5 cm y una altura de 6,5 cm, lo hace f\u00e1cil de almacenar y manejar.<\/p>\n<p>Este afilador de cuchillos profesional cuenta con una piedra cer\u00e1mica de alta calidad que garantiza un afilado perfecto en cada uso. Su modelo TO14 es reconocido por su resistencia y su capacidad para mantener tus cuchillos en \u00f3ptimas condiciones, prolongando su vida \u00fatil y mejorando su rendimiento.<\/p>\n<p>El uso del Afilador Afila Cuchillo Profesional Hudson Piedra Cer\u00e1mica es sencillo e intuitivo, lo que lo convierte en una herramienta ideal tanto para chefs profesionales como para aficionados a la cocina. Su dise\u00f1o ergon\u00f3mico asegura un manejo seguro y c\u00f3modo, evitando accidentes y garantizando resultados precisos.<\/p>\n<p>No pierdas m\u00e1s tiempo con cuchillos desafilados que dificultan tu trabajo en la cocina. El Afilador Afila Cuchillo Profesional Hudson Piedra Cer\u00e1mica es la soluci\u00f3n que estabas buscando para mantener tus utensilios de corte siempre listos y eficientes. Adqui\u00e9relo hoy y experimenta la diferencia de trabajar con cuchillos perfectamente afilados.<\/p>\n","protected":false},"excerpt":{"rendered":"<p>Descripci\u00f3n El Afilador Afila Cuchillo Profesional Hudson Piedra Cer\u00e1mica es un aliado indispensable en cualquier cocina. Con un dise\u00f1o elegante y funcional, este producto de la reconocida marca Hudson, se destaca por su eficiencia y durabilidad. Su tama\u00f1o compacto, con un largo de 21,5 cm, un ancho de 5 cm y una altura de 6,5 [&#8230;]\n","protected":false},"featured_media":5514,"template":"","meta":[],"product_brand":[69],"product_cat":[19,55],"product_tag":[],"class_list":{"0":"post-3052","1":"product","2":"type-product","3":"status-publish","4":"has-post-thumbnail","6":"product_brand-hudson","7":"product_cat-cocina","8":"product_cat-hudson","10":"first","11":"instock","12":"taxable","13":"shipping-taxable","14":"purchasable","15":"product-type-simple"},"jetpack-related-posts":[],"jetpack_sharing_enabled":true,"_links":{"self":[{"href":"https:\/\/depex.com.uy\/index.php?rest_route=\/wp\/v2\/product\/3052","targetHints":{"allow":["GET"]}}],"collection":[{"href":"https:\/\/depex.com.uy\/index.php?rest_route=\/wp\/v2\/product"}],"about":[{"href":"https:\/\/depex.com.uy\/index.php?rest_route=\/wp\/v2\/types\/product"}],"wp:featuredmedia":[{"embeddable":true,"href":"https:\/\/depex.com.uy\/index.php?rest_route=\/wp\/v2\/media\/5514"}],"wp:attachment":[{"href":"https:\/\/depex.com.uy\/index.php?rest_route=%2Fwp%2Fv2%2Fmedia&parent=3052"}],"wp:term":[{"taxonomy":"product_brand","embeddable":true,"href":"https:\/\/depex.com.uy\/index.php?rest_route=%2Fwp%2Fv2%2Fproduct_brand&post=3052"},{"taxonomy":"product_cat","embeddable":true,"href":"https:\/\/depex.com.uy\/index.php?rest_route=%2Fwp%2Fv2%2Fproduct_cat&post=3052"},{"taxonomy":"product_tag","embeddable":true,"href":"https:\/\/depex.com.uy\/index.php?rest_route=%2Fwp%2Fv2%2Fproduct_tag&post=3052"}],"curies":[{"name":"wp","href":"https:\/\/api.w.org\/{rel}","templated":true}]}}