{"id":3061,"date":"2024-08-17T01:32:22","date_gmt":"2024-08-17T04:32:22","guid":{"rendered":"https:\/\/depex.com.uy\/?post_type=product&#038;p=3061"},"modified":"2025-02-18T17:30:13","modified_gmt":"2025-02-18T20:30:13","slug":"bateria-de-cocina-5-piezas-aluminio-antiadherente-hudson-alumix-negro","status":"publish","type":"product","link":"https:\/\/depex.com.uy\/?product=bateria-de-cocina-5-piezas-aluminio-antiadherente-hudson-alumix-negro","title":{"rendered":"Bater\u00eda de Cocina 5 Piezas Aluminio Antiadherente HUDSON \u00abAlumix\u00bb (Negro)"},"content":{"rendered":"<h2 class=\"ui-pdp-description__title\">Descripci\u00f3n<\/h2>\n<p class=\"ui-pdp-description__content\">Para Hudson \u201ccocinar es crear\u201d por eso te ofrecemos los mejores productos para lucirte en tu cocina.<\/p>\n<p>Todos los productos que importamos al territorio Argentino cumplen con las normas establecidas por el ente regulador INAL dependiente del MINISTERIO DE SALUD del Pa\u00eds y cuentan con sus debidas autorizaciones de envase en contacto con alimento de origen importado expedidas por el organismo citado, por lo tanto son libres de PFOA.<\/p>\n<p>::: QU\u00c9 INCLUYE :::<br \/>\nSet de ollas 5 piezas compuesto por cacerola 24 cm di\u00e1metro con tapa de vidrio + cacerola 18 cm di\u00e1metro con tapa de vidrio + sart\u00e9n 24 cm di\u00e1metro. \u00a1La tapa de la olla la puedes usar tambi\u00e9n en la sart\u00e9n!<\/p>\n<p>::: BENEFICIOS :::<br \/>\nEl recubrimiento antiadherente de los productos Hudson ha revolucionado la forma de cocinar. Gracias a su material, los alimentos se deslizan f\u00e1cilmente y no se pegan a la superficie del producto. Reducir\u00e1s o directamente ya no necesitar\u00e1s el uso de aceites para cocinar. Tus comidas ser\u00e1n m\u00e1s sanas!<\/p>\n<p>::: ESPECIFICACIONES :::<br \/>\n&#8211; Doble capa de antiadherente, evitando que se peguen tus alimentos durante la cocci\u00f3n.<br \/>\n&#8211; Mangos y asas recubiertos con tecnolog\u00eda Soft Touch, permite manipular sin quemarte durante la cocci\u00f3n.<br \/>\n&#8211; Difusor de calor en las bases para equilibrar la distribuci\u00f3n del calor y ahorrar energ\u00eda.<br \/>\n&#8211; Tapas de vidrio con v\u00e1lvula de vapor, para liberar vapores de la cocci\u00f3n.<br \/>\n&#8211; Recubrimiento m\u00faltiple que resiste la abrasi\u00f3n y los rayones. Requiere m\u00ednimos cuidados usando utensilios de cocina no met\u00e1licos y elementos de limpieza apropiados para este material.<\/p>\n<p>::: MODO DE USO :::<br \/>\n&#8211; Utilizar el producto con fuego moderado siempre por debajo de la base.<br \/>\n&#8211; No utilizar fuego excesivo ni llama alta que abrace exteriormente por los costados.<br \/>\n&#8211; Apto para cocinas Gas, Vitrocer\u00e1mica y El\u00e9ctrica.<br \/>\n&#8211; F\u00e1cil de lavar, apto para lavavajillas.<\/p>\n<p>::: B\u00c1SICOS DE TU COCINA :::<br \/>\nHUDSON est\u00e1 creado para cubrir todas las necesidades en tu cocina. No te olvides de visitar nuestros productos asociados: Utensilios y Kitchen Tools!<\/p>\n","protected":false},"excerpt":{"rendered":"<p>Descripci\u00f3n Para Hudson \u201ccocinar es crear\u201d por eso te ofrecemos los mejores productos para lucirte en tu cocina. Todos los productos que importamos al territorio Argentino cumplen con las normas establecidas por el ente regulador INAL dependiente del MINISTERIO DE SALUD del Pa\u00eds y cuentan con sus debidas autorizaciones de envase en contacto con alimento [&#8230;]\n","protected":false},"featured_media":4528,"template":"","meta":[],"product_brand":[69],"product_cat":[19,55],"product_tag":[],"class_list":{"0":"post-3061","1":"product","2":"type-product","3":"status-publish","4":"has-post-thumbnail","6":"product_brand-hudson","7":"product_cat-cocina","8":"product_cat-hudson","10":"first","11":"instock","12":"taxable","13":"shipping-taxable","14":"purchasable","15":"product-type-simple"},"jetpack-related-posts":[],"jetpack_sharing_enabled":true,"_links":{"self":[{"href":"https:\/\/depex.com.uy\/index.php?rest_route=\/wp\/v2\/product\/3061","targetHints":{"allow":["GET"]}}],"collection":[{"href":"https:\/\/depex.com.uy\/index.php?rest_route=\/wp\/v2\/product"}],"about":[{"href":"https:\/\/depex.com.uy\/index.php?rest_route=\/wp\/v2\/types\/product"}],"wp:featuredmedia":[{"embeddable":true,"href":"https:\/\/depex.com.uy\/index.php?rest_route=\/wp\/v2\/media\/4528"}],"wp:attachment":[{"href":"https:\/\/depex.com.uy\/index.php?rest_route=%2Fwp%2Fv2%2Fmedia&parent=3061"}],"wp:term":[{"taxonomy":"product_brand","embeddable":true,"href":"https:\/\/depex.com.uy\/index.php?rest_route=%2Fwp%2Fv2%2Fproduct_brand&post=3061"},{"taxonomy":"product_cat","embeddable":true,"href":"https:\/\/depex.com.uy\/index.php?rest_route=%2Fwp%2Fv2%2Fproduct_cat&post=3061"},{"taxonomy":"product_tag","embeddable":true,"href":"https:\/\/depex.com.uy\/index.php?rest_route=%2Fwp%2Fv2%2Fproduct_tag&post=3061"}],"curies":[{"name":"wp","href":"https:\/\/api.w.org\/{rel}","templated":true}]}}