{"id":3105,"date":"2024-08-17T01:32:58","date_gmt":"2024-08-17T04:32:58","guid":{"rendered":"https:\/\/depex.com.uy\/?post_type=product&#038;p=3105"},"modified":"2025-02-18T16:14:38","modified_gmt":"2025-02-18T19:14:38","slug":"balanza-digital-mondial-smart-negro","status":"publish","type":"product","link":"https:\/\/depex.com.uy\/?product=balanza-digital-mondial-smart-negro","title":{"rendered":"Balanza Digital MONDIAL \u00abSmart\u00bb (Negro)"},"content":{"rendered":"<h6>Dise\u00f1o moderno y sofisticado<\/h6>\n<p>Balanza de vidrio resistente con encendido autom\u00e1tico, indicador de bateria y anti deslizamiento.<\/p>\n<ul>\n<li><strong>Visor LCD<\/strong>\u00a0de gran tama\u00f1o.<\/li>\n<li><strong>Capacidad m\u00e1xima total: 150kg.<\/strong><\/li>\n<\/ul>\n<p><em>1 a\u00f1o de garant\u00eda.<\/em><\/p>\n","protected":false},"excerpt":{"rendered":"<p>Dise\u00f1o moderno y sofisticado Balanza de vidrio resistente con encendido autom\u00e1tico, indicador de bateria y anti deslizamiento. Visor LCD\u00a0de gran tama\u00f1o. Capacidad m\u00e1xima total: 150kg. 1 a\u00f1o de garant\u00eda.<\/p>\n","protected":false},"featured_media":3408,"template":"","meta":[],"product_brand":[70],"product_cat":[21,60,59],"product_tag":[],"class_list":{"0":"post-3105","1":"product","2":"type-product","3":"status-publish","4":"has-post-thumbnail","6":"product_brand-mondial","7":"product_cat-bano","8":"product_cat-electrodomesticos","9":"product_cat-mondial","11":"first","12":"instock","13":"taxable","14":"shipping-taxable","15":"purchasable","16":"product-type-simple"},"jetpack-related-posts":[],"jetpack_sharing_enabled":true,"_links":{"self":[{"href":"https:\/\/depex.com.uy\/index.php?rest_route=\/wp\/v2\/product\/3105","targetHints":{"allow":["GET"]}}],"collection":[{"href":"https:\/\/depex.com.uy\/index.php?rest_route=\/wp\/v2\/product"}],"about":[{"href":"https:\/\/depex.com.uy\/index.php?rest_route=\/wp\/v2\/types\/product"}],"wp:featuredmedia":[{"embeddable":true,"href":"https:\/\/depex.com.uy\/index.php?rest_route=\/wp\/v2\/media\/3408"}],"wp:attachment":[{"href":"https:\/\/depex.com.uy\/index.php?rest_route=%2Fwp%2Fv2%2Fmedia&parent=3105"}],"wp:term":[{"taxonomy":"product_brand","embeddable":true,"href":"https:\/\/depex.com.uy\/index.php?rest_route=%2Fwp%2Fv2%2Fproduct_brand&post=3105"},{"taxonomy":"product_cat","embeddable":true,"href":"https:\/\/depex.com.uy\/index.php?rest_route=%2Fwp%2Fv2%2Fproduct_cat&post=3105"},{"taxonomy":"product_tag","embeddable":true,"href":"https:\/\/depex.com.uy\/index.php?rest_route=%2Fwp%2Fv2%2Fproduct_tag&post=3105"}],"curies":[{"name":"wp","href":"https:\/\/api.w.org\/{rel}","templated":true}]}}