{"id":3108,"date":"2024-08-17T01:32:58","date_gmt":"2024-08-17T04:32:58","guid":{"rendered":"https:\/\/depex.com.uy\/?post_type=product&#038;p=3108"},"modified":"2025-02-18T16:14:38","modified_gmt":"2025-02-18T19:14:38","slug":"cafetera-doble-500w-2-tazas-120ml-mondial-smart-coffee-negro","status":"publish","type":"product","link":"https:\/\/depex.com.uy\/?product=cafetera-doble-500w-2-tazas-120ml-mondial-smart-coffee-negro","title":{"rendered":"Cafetera Doble 500W + 2 Tazas 120ml MONDIAL \u00abSmart Coffee\u00bb (Negro)"},"content":{"rendered":"<p>La nueva cafetera Mondial tiene un dise\u00f1o contemporaneo, es compacta y muy liviana. Optima para caf\u00e9 rapido y sabroso.<\/p>\n<ul>\n<li><strong>Practicidad:<\/strong>\u00a0permite preparar 2 cafes de 120ml al mismo tiempo.<\/li>\n<li><strong>Cuenta con filtro y porta filtro,<\/strong>\u00a0facilitando la limpieza y remoci\u00f3n de residuos.<\/li>\n<li><strong>Incluye 2 tazas de porcelana.<\/strong><\/li>\n<\/ul>\n<p><em>1 a\u00f1o de garant\u00eda.<\/em><\/p>\n","protected":false},"excerpt":{"rendered":"<p>La nueva cafetera Mondial tiene un dise\u00f1o contemporaneo, es compacta y muy liviana. Optima para caf\u00e9 rapido y sabroso. Practicidad:\u00a0permite preparar 2 cafes de 120ml al mismo tiempo. Cuenta con filtro y porta filtro,\u00a0facilitando la limpieza y remoci\u00f3n de residuos. Incluye 2 tazas de porcelana. 1 a\u00f1o de garant\u00eda.<\/p>\n","protected":false},"featured_media":3342,"template":"","meta":[],"product_brand":[70],"product_cat":[60,59],"product_tag":[],"class_list":{"0":"post-3108","1":"product","2":"type-product","3":"status-publish","4":"has-post-thumbnail","6":"product_brand-mondial","7":"product_cat-electrodomesticos","8":"product_cat-mondial","10":"first","11":"instock","12":"taxable","13":"shipping-taxable","14":"purchasable","15":"product-type-simple"},"jetpack-related-posts":[],"jetpack_sharing_enabled":true,"_links":{"self":[{"href":"https:\/\/depex.com.uy\/index.php?rest_route=\/wp\/v2\/product\/3108","targetHints":{"allow":["GET"]}}],"collection":[{"href":"https:\/\/depex.com.uy\/index.php?rest_route=\/wp\/v2\/product"}],"about":[{"href":"https:\/\/depex.com.uy\/index.php?rest_route=\/wp\/v2\/types\/product"}],"wp:featuredmedia":[{"embeddable":true,"href":"https:\/\/depex.com.uy\/index.php?rest_route=\/wp\/v2\/media\/3342"}],"wp:attachment":[{"href":"https:\/\/depex.com.uy\/index.php?rest_route=%2Fwp%2Fv2%2Fmedia&parent=3108"}],"wp:term":[{"taxonomy":"product_brand","embeddable":true,"href":"https:\/\/depex.com.uy\/index.php?rest_route=%2Fwp%2Fv2%2Fproduct_brand&post=3108"},{"taxonomy":"product_cat","embeddable":true,"href":"https:\/\/depex.com.uy\/index.php?rest_route=%2Fwp%2Fv2%2Fproduct_cat&post=3108"},{"taxonomy":"product_tag","embeddable":true,"href":"https:\/\/depex.com.uy\/index.php?rest_route=%2Fwp%2Fv2%2Fproduct_tag&post=3108"}],"curies":[{"name":"wp","href":"https:\/\/api.w.org\/{rel}","templated":true}]}}