{"id":3109,"date":"2024-08-17T01:32:58","date_gmt":"2024-08-17T04:32:58","guid":{"rendered":"https:\/\/depex.com.uy\/?post_type=product&#038;p=3109"},"modified":"2025-02-18T16:14:38","modified_gmt":"2025-02-18T19:14:38","slug":"cafetera-de-goteo-600w-mondial-practic-negro","status":"publish","type":"product","link":"https:\/\/depex.com.uy\/?product=cafetera-de-goteo-600w-mondial-practic-negro","title":{"rendered":"Cafetera de Goteo 600W MONDIAL \u00abPractic\u00bb (Negro)"},"content":{"rendered":"<h6>Cafetera el\u00e9ctrica autom\u00e1tica Mondial.<\/h6>\n<p>Muy buena terminaci\u00f3n de color y material, ideal para darle un toque a tu cocina.<\/p>\n<ul>\n<li>Cuenta con sistema de filtro e indicador de nivel de agua.<\/li>\n<li>Muy practica para preparar el caf\u00e9 cada d\u00eda.<\/li>\n<li>Capacidad para preparar 20 tazas.<\/li>\n<li>Medidas: 23 x 15 x 25 cm.<\/li>\n<\/ul>\n<p><em>1 a\u00f1o de garant\u00eda.<\/em><\/p>\n","protected":false},"excerpt":{"rendered":"<p>Cafetera el\u00e9ctrica autom\u00e1tica Mondial. Muy buena terminaci\u00f3n de color y material, ideal para darle un toque a tu cocina. Cuenta con sistema de filtro e indicador de nivel de agua. Muy practica para preparar el caf\u00e9 cada d\u00eda. Capacidad para preparar 20 tazas. Medidas: 23 x 15 x 25 cm. 1 a\u00f1o de garant\u00eda.<\/p>\n","protected":false},"featured_media":3337,"template":"","meta":[],"product_brand":[70],"product_cat":[60,59],"product_tag":[],"class_list":{"0":"post-3109","1":"product","2":"type-product","3":"status-publish","4":"has-post-thumbnail","6":"product_brand-mondial","7":"product_cat-electrodomesticos","8":"product_cat-mondial","10":"first","11":"instock","12":"taxable","13":"shipping-taxable","14":"purchasable","15":"product-type-simple"},"jetpack-related-posts":[],"jetpack_sharing_enabled":true,"_links":{"self":[{"href":"https:\/\/depex.com.uy\/index.php?rest_route=\/wp\/v2\/product\/3109","targetHints":{"allow":["GET"]}}],"collection":[{"href":"https:\/\/depex.com.uy\/index.php?rest_route=\/wp\/v2\/product"}],"about":[{"href":"https:\/\/depex.com.uy\/index.php?rest_route=\/wp\/v2\/types\/product"}],"wp:featuredmedia":[{"embeddable":true,"href":"https:\/\/depex.com.uy\/index.php?rest_route=\/wp\/v2\/media\/3337"}],"wp:attachment":[{"href":"https:\/\/depex.com.uy\/index.php?rest_route=%2Fwp%2Fv2%2Fmedia&parent=3109"}],"wp:term":[{"taxonomy":"product_brand","embeddable":true,"href":"https:\/\/depex.com.uy\/index.php?rest_route=%2Fwp%2Fv2%2Fproduct_brand&post=3109"},{"taxonomy":"product_cat","embeddable":true,"href":"https:\/\/depex.com.uy\/index.php?rest_route=%2Fwp%2Fv2%2Fproduct_cat&post=3109"},{"taxonomy":"product_tag","embeddable":true,"href":"https:\/\/depex.com.uy\/index.php?rest_route=%2Fwp%2Fv2%2Fproduct_tag&post=3109"}],"curies":[{"name":"wp","href":"https:\/\/api.w.org\/{rel}","templated":true}]}}