{"id":3112,"date":"2024-08-17T01:32:59","date_gmt":"2024-08-17T04:32:59","guid":{"rendered":"https:\/\/depex.com.uy\/?post_type=product&#038;p=3112"},"modified":"2025-02-18T16:14:39","modified_gmt":"2025-02-18T19:14:39","slug":"anafe-electrico-1000w-mondial-fast-cook-plata","status":"publish","type":"product","link":"https:\/\/depex.com.uy\/?product=anafe-electrico-1000w-mondial-fast-cook-plata","title":{"rendered":"Anafe El\u00e9ctrico 1000W MONDIAL \u00abFast Cook\u00bb (Plata)"},"content":{"rendered":"<h6>Rapido y Port\u00e1til.<\/h6>\n<p>1 anafe para utilizar con cualquier lugar, simplemente enchufar y listo.<\/p>\n<ul>\n<li><strong>Potencia 1000W:<\/strong>\u00a0Calienta r\u00e1pido y mantiene la temperatura por m\u00e1s tiempo.<\/li>\n<li><strong>6 niveles de temperatura:<\/strong>\u00a0Permite regular la temperatura de acuerdo al tipo de preparaci\u00f3n.<\/li>\n<\/ul>\n<p><em><strong>1 a\u00f1o de garant\u00eda.<\/strong><\/em><\/p>\n","protected":false},"excerpt":{"rendered":"<p>Rapido y Port\u00e1til. 1 anafe para utilizar con cualquier lugar, simplemente enchufar y listo. Potencia 1000W:\u00a0Calienta r\u00e1pido y mantiene la temperatura por m\u00e1s tiempo. 6 niveles de temperatura:\u00a0Permite regular la temperatura de acuerdo al tipo de preparaci\u00f3n. 1 a\u00f1o de garant\u00eda.<\/p>\n","protected":false},"featured_media":3392,"template":"","meta":[],"product_brand":[70],"product_cat":[60,59],"product_tag":[],"class_list":{"0":"post-3112","1":"product","2":"type-product","3":"status-publish","4":"has-post-thumbnail","6":"product_brand-mondial","7":"product_cat-electrodomesticos","8":"product_cat-mondial","10":"first","11":"instock","12":"taxable","13":"shipping-taxable","14":"purchasable","15":"product-type-simple"},"jetpack-related-posts":[],"jetpack_sharing_enabled":true,"_links":{"self":[{"href":"https:\/\/depex.com.uy\/index.php?rest_route=\/wp\/v2\/product\/3112","targetHints":{"allow":["GET"]}}],"collection":[{"href":"https:\/\/depex.com.uy\/index.php?rest_route=\/wp\/v2\/product"}],"about":[{"href":"https:\/\/depex.com.uy\/index.php?rest_route=\/wp\/v2\/types\/product"}],"wp:featuredmedia":[{"embeddable":true,"href":"https:\/\/depex.com.uy\/index.php?rest_route=\/wp\/v2\/media\/3392"}],"wp:attachment":[{"href":"https:\/\/depex.com.uy\/index.php?rest_route=%2Fwp%2Fv2%2Fmedia&parent=3112"}],"wp:term":[{"taxonomy":"product_brand","embeddable":true,"href":"https:\/\/depex.com.uy\/index.php?rest_route=%2Fwp%2Fv2%2Fproduct_brand&post=3112"},{"taxonomy":"product_cat","embeddable":true,"href":"https:\/\/depex.com.uy\/index.php?rest_route=%2Fwp%2Fv2%2Fproduct_cat&post=3112"},{"taxonomy":"product_tag","embeddable":true,"href":"https:\/\/depex.com.uy\/index.php?rest_route=%2Fwp%2Fv2%2Fproduct_tag&post=3112"}],"curies":[{"name":"wp","href":"https:\/\/api.w.org\/{rel}","templated":true}]}}