{"id":3114,"date":"2024-08-17T01:32:59","date_gmt":"2024-08-17T04:32:59","guid":{"rendered":"https:\/\/depex.com.uy\/?post_type=product&#038;p=3114"},"modified":"2025-02-18T16:14:39","modified_gmt":"2025-02-18T19:14:39","slug":"plancha-seca-1200w-mondial-blanco","status":"publish","type":"product","link":"https:\/\/depex.com.uy\/?product=plancha-seca-1200w-mondial-blanco","title":{"rendered":"Plancha Seca 1200W MONDIAL (Blanco)"},"content":{"rendered":"<div class=\"\n            product-block\n            product-block--description\n\n          \"><\/p>\n<div class=\"product-description rte\" data-product-description=\"\">\n<h6>Practicidad y eficiencia<\/h6>\n<p>Muy f\u00e1cil de usar y con gran potencia.<\/p>\n<ul>\n<li><strong>Selector de temperatura:<\/strong>\u00a0Posibilidad de seleccionar la temperatura de acuerdo al tipo de tejido.<\/li>\n<li><strong>Base de aluminio pulido:<\/strong>\u00a0Distribuci\u00f3n uniforme y rapida de calor.<\/li>\n<li><strong>Potencia de 1000W:<\/strong>\u00a0M\u00e1s potencia para un mejor planchado sin marcas en la ropa.<\/li>\n<\/ul>\n<p><em>1 a\u00f1o de garant\u00eda.<\/em><\/p>\n<\/div>\n<\/div>\n<div class=\"\n            product-block\n            product-block--form\n\n          \"><\/p>\n<div class=\"product-form--regular\" data-product-form-regular=\"\">\n<div data-product-form-area=\"\">\n<form id=\"product_form_8251555217696\" class=\"\" accept-charset=\"UTF-8\" action=\"https:\/\/mondial.uy\/cart\/add\" enctype=\"multipart\/form-data\" method=\"post\" data-product-form=\"\"><select class=\"variant-selection__variants\" name=\"id\" data-variants=\"\"><option disabled=\"disabled\" value=\"not-selected\">\u00a0 \u00a0 \u00a0\u00a0 \u00a0\u00a0 \u00a0Elige una variante\u00a0 \u00a0\u00a0 \u00a0\u00a0 \u00a0<\/option><option selected=\"selected\" value=\"45023775260960\">\u00a0\u00a0 \u00a0\u00a0 \u00a0\u00a0 \u00a0\u00a0 \u00a0Negro &#8211; $ 899\u00a0 \u00a0\u00a0 \u00a0\u00a0 \u00a0\u00a0 \u00a0<\/option><option value=\"45023775293728\">\u00a0\u00a0 \u00a0\u00a0 \u00a0\u00a0 \u00a0\u00a0 \u00a0Blanco &#8211; $ 899\u00a0 \u00a0\u00a0 \u00a0\u00a0 \u00a0\u00a0 \u00a0<\/option><\/select><\/p>\n<fieldset class=\"\n\n      options-selection__swatches\n      options-selection__swatches--color_swatch\n\n  \"><\/p>\n<legend class=\"options-selection__option-header\"><span class=\"options-selection__option-name\" style=\"box-sizing: inherit; -webkit-font-smoothing: antialiased; text-size-adjust: none; -webkit-tap-highlight-color: rgba(0, 0, 0, 0); font-style: normal; font-weight: bold; font-size: var(--font-size-body-smaller);\" data-variant-option-name=\"Color: &lt;span&gt;Negro&lt;\/span&gt;\" data-variant-option-choose-name=\"Elija una Color\" data-variant-option-chosen-value=\"Negro\">Color:\u00a0Negro<\/span><\/legend>\n<\/fieldset>\n<\/form>\n<\/div>\n<\/div>\n<\/div>\n","protected":false},"excerpt":{"rendered":"<p>Practicidad y eficiencia Muy f\u00e1cil de usar y con gran potencia. Selector de temperatura:\u00a0Posibilidad de seleccionar la temperatura de acuerdo al tipo de tejido. Base de aluminio pulido:\u00a0Distribuci\u00f3n uniforme y rapida de calor. Potencia de 1000W:\u00a0M\u00e1s potencia para un mejor planchado sin marcas en la ropa. 1 a\u00f1o de garant\u00eda. \u00a0 \u00a0 \u00a0\u00a0 \u00a0\u00a0 \u00a0Elige [&#8230;]\n","protected":false},"featured_media":3398,"template":"","meta":[],"product_brand":[70],"product_cat":[60,59],"product_tag":[],"class_list":{"0":"post-3114","1":"product","2":"type-product","3":"status-publish","4":"has-post-thumbnail","6":"product_brand-mondial","7":"product_cat-electrodomesticos","8":"product_cat-mondial","10":"first","11":"instock","12":"taxable","13":"shipping-taxable","14":"purchasable","15":"product-type-simple"},"jetpack-related-posts":[],"jetpack_sharing_enabled":true,"_links":{"self":[{"href":"https:\/\/depex.com.uy\/index.php?rest_route=\/wp\/v2\/product\/3114","targetHints":{"allow":["GET"]}}],"collection":[{"href":"https:\/\/depex.com.uy\/index.php?rest_route=\/wp\/v2\/product"}],"about":[{"href":"https:\/\/depex.com.uy\/index.php?rest_route=\/wp\/v2\/types\/product"}],"wp:featuredmedia":[{"embeddable":true,"href":"https:\/\/depex.com.uy\/index.php?rest_route=\/wp\/v2\/media\/3398"}],"wp:attachment":[{"href":"https:\/\/depex.com.uy\/index.php?rest_route=%2Fwp%2Fv2%2Fmedia&parent=3114"}],"wp:term":[{"taxonomy":"product_brand","embeddable":true,"href":"https:\/\/depex.com.uy\/index.php?rest_route=%2Fwp%2Fv2%2Fproduct_brand&post=3114"},{"taxonomy":"product_cat","embeddable":true,"href":"https:\/\/depex.com.uy\/index.php?rest_route=%2Fwp%2Fv2%2Fproduct_cat&post=3114"},{"taxonomy":"product_tag","embeddable":true,"href":"https:\/\/depex.com.uy\/index.php?rest_route=%2Fwp%2Fv2%2Fproduct_tag&post=3114"}],"curies":[{"name":"wp","href":"https:\/\/api.w.org\/{rel}","templated":true}]}}