{"id":3122,"date":"2024-08-17T01:33:01","date_gmt":"2024-08-17T04:33:01","guid":{"rendered":"https:\/\/depex.com.uy\/?post_type=product&#038;p=3122"},"modified":"2025-02-18T16:14:41","modified_gmt":"2025-02-18T19:14:41","slug":"mixer-200w-mondial-practic-blanco","status":"publish","type":"product","link":"https:\/\/depex.com.uy\/?product=mixer-200w-mondial-practic-blanco","title":{"rendered":"Mixer 200W MONDIAL \u00abPractic\u00bb (Blanco)"},"content":{"rendered":"<div class=\"\n            product-block\n            product-block--description\n\n          \"><\/p>\n<div class=\"product-description rte\" data-product-description=\"\">\n<h6>2 en 1 &#8211; Perfecto para la cocina: funci\u00f3n de batir o triturar.<\/h6>\n<p>Una soluci\u00f3n para preparar cualquier receta en segundos.<\/p>\n<ul>\n<li><strong>Potencia de 200W:<\/strong>\u00a0Ideal para preparar de forma rapida salsas, sopas y cremas.<\/li>\n<li><strong>Dise\u00f1o erogon\u00f3mico:<\/strong>\u00a0Cuerpo que permite una manipulaci\u00f3n confortable.<\/li>\n<li><strong>Vaso de 600ml:<\/strong>\u00a0Facilita la preparaci\u00f3n y almacenaje de sus recetas.<\/li>\n<\/ul>\n<p><em>1 a\u00f1o de garant\u00eda.<\/em><\/p>\n<\/div>\n<\/div>\n<div class=\"\n            product-block\n            product-block--form\n\n          \"><\/p>\n<div class=\"product-form--regular\" data-product-form-regular=\"\">\n<div data-product-form-area=\"\">\n<form id=\"product_form_8251555348768\" class=\"\" accept-charset=\"UTF-8\" action=\"https:\/\/mondial.uy\/cart\/add\" enctype=\"multipart\/form-data\" method=\"post\" data-product-form=\"\">\n<fieldset class=\"\n\n      options-selection__swatches\n      options-selection__swatches--color_swatch\n\n  \"><\/p>\n<legend class=\"options-selection__option-header\"><span class=\"options-selection__option-name\" style=\"box-sizing: inherit; -webkit-font-smoothing: antialiased; text-size-adjust: none; -webkit-tap-highlight-color: rgba(0, 0, 0, 0); font-style: normal; font-weight: bold; font-size: var(--font-size-body-smaller);\" data-variant-option-name=\"Color: &lt;span&gt;Negro&lt;\/span&gt;\" data-variant-option-choose-name=\"Elija una Color\" data-variant-option-chosen-value=\"Negro\">Color: blanco<\/span><\/legend>\n<\/fieldset>\n<\/form>\n<\/div>\n<\/div>\n<\/div>\n","protected":false},"excerpt":{"rendered":"<p>2 en 1 &#8211; Perfecto para la cocina: funci\u00f3n de batir o triturar. Una soluci\u00f3n para preparar cualquier receta en segundos. Potencia de 200W:\u00a0Ideal para preparar de forma rapida salsas, sopas y cremas. Dise\u00f1o erogon\u00f3mico:\u00a0Cuerpo que permite una manipulaci\u00f3n confortable. Vaso de 600ml:\u00a0Facilita la preparaci\u00f3n y almacenaje de sus recetas. 1 a\u00f1o de garant\u00eda. Color: [&#8230;]\n","protected":false},"featured_media":3442,"template":"","meta":[],"product_brand":[70],"product_cat":[60,59],"product_tag":[],"class_list":{"0":"post-3122","1":"product","2":"type-product","3":"status-publish","4":"has-post-thumbnail","6":"product_brand-mondial","7":"product_cat-electrodomesticos","8":"product_cat-mondial","10":"first","11":"instock","12":"taxable","13":"shipping-taxable","14":"purchasable","15":"product-type-simple"},"jetpack-related-posts":[],"jetpack_sharing_enabled":true,"_links":{"self":[{"href":"https:\/\/depex.com.uy\/index.php?rest_route=\/wp\/v2\/product\/3122","targetHints":{"allow":["GET"]}}],"collection":[{"href":"https:\/\/depex.com.uy\/index.php?rest_route=\/wp\/v2\/product"}],"about":[{"href":"https:\/\/depex.com.uy\/index.php?rest_route=\/wp\/v2\/types\/product"}],"wp:featuredmedia":[{"embeddable":true,"href":"https:\/\/depex.com.uy\/index.php?rest_route=\/wp\/v2\/media\/3442"}],"wp:attachment":[{"href":"https:\/\/depex.com.uy\/index.php?rest_route=%2Fwp%2Fv2%2Fmedia&parent=3122"}],"wp:term":[{"taxonomy":"product_brand","embeddable":true,"href":"https:\/\/depex.com.uy\/index.php?rest_route=%2Fwp%2Fv2%2Fproduct_brand&post=3122"},{"taxonomy":"product_cat","embeddable":true,"href":"https:\/\/depex.com.uy\/index.php?rest_route=%2Fwp%2Fv2%2Fproduct_cat&post=3122"},{"taxonomy":"product_tag","embeddable":true,"href":"https:\/\/depex.com.uy\/index.php?rest_route=%2Fwp%2Fv2%2Fproduct_tag&post=3122"}],"curies":[{"name":"wp","href":"https:\/\/api.w.org\/{rel}","templated":true}]}}