{"id":3130,"date":"2024-08-17T01:33:16","date_gmt":"2024-08-17T04:33:16","guid":{"rendered":"https:\/\/depex.com.uy\/?post_type=product&#038;p=3130"},"modified":"2025-02-18T16:14:43","modified_gmt":"2025-02-18T19:14:43","slug":"secador-de-cabello-2000w-mondial-golden-rose-rosa","status":"publish","type":"product","link":"https:\/\/depex.com.uy\/?product=secador-de-cabello-2000w-mondial-golden-rose-rosa","title":{"rendered":"Secador de Cabello 2000W MONDIAL \u00abGolden Rose\u00bb (Rosa)"},"content":{"rendered":"<p>Tecnolog\u00eda especial Tourmaline Ion &#8211; Con tecnolog\u00eda Tourmaline se emiten iones negativos los cuales cierran la cut\u00edcula de los cabellos.<\/p>\n<p>Como resultado: un cabello con menos frizz y mucho mas brillante.<br \/>\nMotor profesional &#8211; Dise\u00f1ado para largas horas de uso sin sobre-calentamiento. Desempa\u00f1o y durabilidad garantizados.<br \/>\n2 velocidades + 3 temperaturas &#8211; Posibilidad de alternar entre variaciones de velocidad y temperatura para el secado.<br \/>\nPotencia de 2000W &#8211; Alta potencia para un secado r\u00e1pido y eficiente.<\/p>\n<p>1 a\u00f1o de garantia.<\/p>\n","protected":false},"excerpt":{"rendered":"<p>Tecnolog\u00eda especial Tourmaline Ion &#8211; Con tecnolog\u00eda Tourmaline se emiten iones negativos los cuales cierran la cut\u00edcula de los cabellos. Como resultado: un cabello con menos frizz y mucho mas brillante. Motor profesional &#8211; Dise\u00f1ado para largas horas de uso sin sobre-calentamiento. Desempa\u00f1o y durabilidad garantizados. 2 velocidades + 3 temperaturas &#8211; Posibilidad de alternar [&#8230;]\n","protected":false},"featured_media":3412,"template":"","meta":[],"product_brand":[70],"product_cat":[60,59],"product_tag":[],"class_list":{"0":"post-3130","1":"product","2":"type-product","3":"status-publish","4":"has-post-thumbnail","6":"product_brand-mondial","7":"product_cat-electrodomesticos","8":"product_cat-mondial","10":"first","11":"instock","12":"taxable","13":"shipping-taxable","14":"purchasable","15":"product-type-simple"},"jetpack-related-posts":[],"jetpack_sharing_enabled":true,"_links":{"self":[{"href":"https:\/\/depex.com.uy\/index.php?rest_route=\/wp\/v2\/product\/3130","targetHints":{"allow":["GET"]}}],"collection":[{"href":"https:\/\/depex.com.uy\/index.php?rest_route=\/wp\/v2\/product"}],"about":[{"href":"https:\/\/depex.com.uy\/index.php?rest_route=\/wp\/v2\/types\/product"}],"wp:featuredmedia":[{"embeddable":true,"href":"https:\/\/depex.com.uy\/index.php?rest_route=\/wp\/v2\/media\/3412"}],"wp:attachment":[{"href":"https:\/\/depex.com.uy\/index.php?rest_route=%2Fwp%2Fv2%2Fmedia&parent=3130"}],"wp:term":[{"taxonomy":"product_brand","embeddable":true,"href":"https:\/\/depex.com.uy\/index.php?rest_route=%2Fwp%2Fv2%2Fproduct_brand&post=3130"},{"taxonomy":"product_cat","embeddable":true,"href":"https:\/\/depex.com.uy\/index.php?rest_route=%2Fwp%2Fv2%2Fproduct_cat&post=3130"},{"taxonomy":"product_tag","embeddable":true,"href":"https:\/\/depex.com.uy\/index.php?rest_route=%2Fwp%2Fv2%2Fproduct_tag&post=3130"}],"curies":[{"name":"wp","href":"https:\/\/api.w.org\/{rel}","templated":true}]}}