{"id":3141,"date":"2024-08-17T01:33:18","date_gmt":"2024-08-17T04:33:18","guid":{"rendered":"https:\/\/depex.com.uy\/?post_type=product&#038;p=3141"},"modified":"2025-02-18T16:14:46","modified_gmt":"2025-02-18T19:14:46","slug":"set-dispensadores-organizador-ou-flow-beige","status":"publish","type":"product","link":"https:\/\/depex.com.uy\/?product=set-dispensadores-organizador-ou-flow-beige","title":{"rendered":"Set Dispensadores + Organizador OU \u00abFlow\u00bb (Beige)"},"content":{"rendered":"<p class=\"lojaou-lojaou-3-x-titleDetalhes\"><strong>Detalles del producto<\/strong><\/p>\n<ul class=\"lojaou-lojaou-3-x-splitList\">\n<li><span>Set con dos dispensadores y organizador con asa<\/span><\/li>\n<li><span>Capacidad de 500 ml cada una, ideal para uso dom\u00e9stico.<\/span><\/li>\n<li><span>C\u00f3moda v\u00e1lvula de accionamiento<\/span><\/li>\n<li><span>Organizador con asa para pa\u00f1o de limpieza.<\/span><\/li>\n<\/ul>\n","protected":false},"excerpt":{"rendered":"<p>Detalles del producto Set con dos dispensadores y organizador con asa Capacidad de 500 ml cada una, ideal para uso dom\u00e9stico. C\u00f3moda v\u00e1lvula de accionamiento Organizador con asa para pa\u00f1o de limpieza.<\/p>\n","protected":false},"featured_media":3698,"template":"","meta":[],"product_brand":[63],"product_cat":[54,26],"product_tag":[],"class_list":{"0":"post-3141","1":"product","2":"type-product","3":"status-publish","4":"has-post-thumbnail","6":"product_brand-ou","7":"product_cat-limpieza","8":"product_cat-ou","10":"first","11":"instock","12":"taxable","13":"shipping-taxable","14":"purchasable","15":"product-type-simple"},"jetpack-related-posts":[],"jetpack_sharing_enabled":true,"_links":{"self":[{"href":"https:\/\/depex.com.uy\/index.php?rest_route=\/wp\/v2\/product\/3141","targetHints":{"allow":["GET"]}}],"collection":[{"href":"https:\/\/depex.com.uy\/index.php?rest_route=\/wp\/v2\/product"}],"about":[{"href":"https:\/\/depex.com.uy\/index.php?rest_route=\/wp\/v2\/types\/product"}],"wp:featuredmedia":[{"embeddable":true,"href":"https:\/\/depex.com.uy\/index.php?rest_route=\/wp\/v2\/media\/3698"}],"wp:attachment":[{"href":"https:\/\/depex.com.uy\/index.php?rest_route=%2Fwp%2Fv2%2Fmedia&parent=3141"}],"wp:term":[{"taxonomy":"product_brand","embeddable":true,"href":"https:\/\/depex.com.uy\/index.php?rest_route=%2Fwp%2Fv2%2Fproduct_brand&post=3141"},{"taxonomy":"product_cat","embeddable":true,"href":"https:\/\/depex.com.uy\/index.php?rest_route=%2Fwp%2Fv2%2Fproduct_cat&post=3141"},{"taxonomy":"product_tag","embeddable":true,"href":"https:\/\/depex.com.uy\/index.php?rest_route=%2Fwp%2Fv2%2Fproduct_tag&post=3141"}],"curies":[{"name":"wp","href":"https:\/\/api.w.org\/{rel}","templated":true}]}}