{"id":3178,"date":"2024-08-17T01:33:41","date_gmt":"2024-08-17T04:33:41","guid":{"rendered":"https:\/\/depex.com.uy\/?post_type=product&#038;p=3178"},"modified":"2025-02-26T19:43:04","modified_gmt":"2025-02-26T22:43:04","slug":"cesta-organizadora-con-tapa-8-litros-ou-grid-gris","status":"publish","type":"product","link":"https:\/\/depex.com.uy\/?product=cesta-organizadora-con-tapa-8-litros-ou-grid-gris","title":{"rendered":"Cesta Organizadora con Tapa 28x22x15cm 8 litros OU \u00abGrid\u00bb (Gris)"},"content":{"rendered":"<p>La l\u00ednea Grid Basket fue desarrollada con una combinaci\u00f3n perfecta de comodidad, dise\u00f1o y funcionalidad. Las cestas vienen en diferentes tama\u00f1os, son apilables y vers\u00e1tiles. Existen varias opciones con colores neutros y acabados mate, que combinan con cualquier ambiente. Se pueden utilizar en armarios, cocinas, cuartos de lavado o incluso en el sal\u00f3n para decorar. La cesta organizadora de rejilla con tapa mide (28 cm de profundidad x 22 cm de ancho x 15,2 cm de alto) y una capacidad de 8 litros. Las Cestas Grid son perfectas para combinar organizaci\u00f3n y decoraci\u00f3n en tu hogar.<\/p>\n","protected":false},"excerpt":{"rendered":"<p>La l\u00ednea Grid Basket fue desarrollada con una combinaci\u00f3n perfecta de comodidad, dise\u00f1o y funcionalidad. Las cestas vienen en diferentes tama\u00f1os, son apilables y vers\u00e1tiles. Existen varias opciones con colores neutros y acabados mate, que combinan con cualquier ambiente. Se pueden utilizar en armarios, cocinas, cuartos de lavado o incluso en el sal\u00f3n para decorar. [&#8230;]\n","protected":false},"featured_media":4883,"template":"","meta":[],"product_brand":[63],"product_cat":[20,26],"product_tag":[],"class_list":{"0":"post-3178","1":"product","2":"type-product","3":"status-publish","4":"has-post-thumbnail","6":"product_brand-ou","7":"product_cat-organizacion","8":"product_cat-ou","10":"first","11":"instock","12":"taxable","13":"shipping-taxable","14":"purchasable","15":"product-type-simple"},"jetpack-related-posts":[],"jetpack_sharing_enabled":true,"_links":{"self":[{"href":"https:\/\/depex.com.uy\/index.php?rest_route=\/wp\/v2\/product\/3178","targetHints":{"allow":["GET"]}}],"collection":[{"href":"https:\/\/depex.com.uy\/index.php?rest_route=\/wp\/v2\/product"}],"about":[{"href":"https:\/\/depex.com.uy\/index.php?rest_route=\/wp\/v2\/types\/product"}],"wp:featuredmedia":[{"embeddable":true,"href":"https:\/\/depex.com.uy\/index.php?rest_route=\/wp\/v2\/media\/4883"}],"wp:attachment":[{"href":"https:\/\/depex.com.uy\/index.php?rest_route=%2Fwp%2Fv2%2Fmedia&parent=3178"}],"wp:term":[{"taxonomy":"product_brand","embeddable":true,"href":"https:\/\/depex.com.uy\/index.php?rest_route=%2Fwp%2Fv2%2Fproduct_brand&post=3178"},{"taxonomy":"product_cat","embeddable":true,"href":"https:\/\/depex.com.uy\/index.php?rest_route=%2Fwp%2Fv2%2Fproduct_cat&post=3178"},{"taxonomy":"product_tag","embeddable":true,"href":"https:\/\/depex.com.uy\/index.php?rest_route=%2Fwp%2Fv2%2Fproduct_tag&post=3178"}],"curies":[{"name":"wp","href":"https:\/\/api.w.org\/{rel}","templated":true}]}}