{"id":3183,"date":"2024-08-17T01:33:42","date_gmt":"2024-08-17T04:33:42","guid":{"rendered":"https:\/\/depex.com.uy\/?post_type=product&#038;p=3183"},"modified":"2025-03-31T18:27:37","modified_gmt":"2025-03-31T21:27:37","slug":"dispensador-de-detergente-para-esponja-550ml-ou-trium-beige","status":"publish","type":"product","link":"https:\/\/depex.com.uy\/?product=dispensador-de-detergente-para-esponja-550ml-ou-trium-beige","title":{"rendered":"Dispensador de Detergente para Esponja 550ml OU \u00abTrium\u00bb (Beige)"},"content":{"rendered":"<p>El Dosificador De Detergente Esponja Trium 550 ml ayuda a la organizaci\u00f3n y practicidad a la hora de lavar los platos, permiti\u00e9ndote utilizarlo con una sola mano. El dosificador es sin\u00f3nimo de facilidad y ahorro, ya que evita el desperdicio de detergente. Su pantalla transparente le permite visualizar el nivel del l\u00edquido. El cuerpo del dispensador es de material pl\u00e1stico r\u00edgido (Poliestireno) con acabado brillante, y la v\u00e1lvula es de (Polipropileno) con acabado texturizado. La L\u00ednea Trium tiene un dise\u00f1o minimalista, que combina con todo tipo de cocinas o balcones gourmet, haciendo el hogar a\u00fan m\u00e1s delicado y moderno. Dise\u00f1o, belleza y practicidad son las caracter\u00edsticas de la l\u00ednea que la hacen ideal para cualquier hogar, manteniendo la experiencia Ou a\u00fan m\u00e1s completa.<\/p>\n","protected":false},"excerpt":{"rendered":"<p>El Dosificador De Detergente Esponja Trium 550 ml ayuda a la organizaci\u00f3n y practicidad a la hora de lavar los platos, permiti\u00e9ndote utilizarlo con una sola mano. El dosificador es sin\u00f3nimo de facilidad y ahorro, ya que evita el desperdicio de detergente. Su pantalla transparente le permite visualizar el nivel del l\u00edquido. El cuerpo del [&#8230;]\n","protected":false},"featured_media":5215,"template":"","meta":[],"product_brand":[63],"product_cat":[19,26],"product_tag":[],"class_list":{"0":"post-3183","1":"product","2":"type-product","3":"status-publish","4":"has-post-thumbnail","6":"product_brand-ou","7":"product_cat-cocina","8":"product_cat-ou","10":"first","11":"instock","12":"taxable","13":"shipping-taxable","14":"purchasable","15":"product-type-simple"},"jetpack-related-posts":[],"jetpack_sharing_enabled":true,"_links":{"self":[{"href":"https:\/\/depex.com.uy\/index.php?rest_route=\/wp\/v2\/product\/3183","targetHints":{"allow":["GET"]}}],"collection":[{"href":"https:\/\/depex.com.uy\/index.php?rest_route=\/wp\/v2\/product"}],"about":[{"href":"https:\/\/depex.com.uy\/index.php?rest_route=\/wp\/v2\/types\/product"}],"wp:featuredmedia":[{"embeddable":true,"href":"https:\/\/depex.com.uy\/index.php?rest_route=\/wp\/v2\/media\/5215"}],"wp:attachment":[{"href":"https:\/\/depex.com.uy\/index.php?rest_route=%2Fwp%2Fv2%2Fmedia&parent=3183"}],"wp:term":[{"taxonomy":"product_brand","embeddable":true,"href":"https:\/\/depex.com.uy\/index.php?rest_route=%2Fwp%2Fv2%2Fproduct_brand&post=3183"},{"taxonomy":"product_cat","embeddable":true,"href":"https:\/\/depex.com.uy\/index.php?rest_route=%2Fwp%2Fv2%2Fproduct_cat&post=3183"},{"taxonomy":"product_tag","embeddable":true,"href":"https:\/\/depex.com.uy\/index.php?rest_route=%2Fwp%2Fv2%2Fproduct_tag&post=3183"}],"curies":[{"name":"wp","href":"https:\/\/api.w.org\/{rel}","templated":true}]}}