{"id":3185,"date":"2024-08-17T01:33:42","date_gmt":"2024-08-17T04:33:42","guid":{"rendered":"https:\/\/depex.com.uy\/?post_type=product&#038;p=3185"},"modified":"2025-03-31T18:21:02","modified_gmt":"2025-03-31T21:21:02","slug":"dispensador-de-detergente-de-lavarropas-15-litros-ou-flow-beige","status":"publish","type":"product","link":"https:\/\/depex.com.uy\/?product=dispensador-de-detergente-de-lavarropas-15-litros-ou-flow-beige","title":{"rendered":"Dispensador de Detergente de Lavarropas 1,5 litros OU \u00abFlow\u00bb (Beige)"},"content":{"rendered":"<p class=\"lojaou-lojaou-3-x-titleDetalhes\"><strong>Detalles del producto<\/strong><\/p>\n<ul class=\"lojaou-lojaou-3-x-splitList\">\n<li>Capacidad de 1,5L, ideal para diferentes tipos de productos de limpieza<\/li>\n<li>Tap\u00f3n medidor con grabado de gradaci\u00f3n en ml<\/li>\n<li>Solapa ergon\u00f3mica en la tapa para facilitar la apertura.<\/li>\n<li>Anillo de sellado que mantiene el contenedor cerrado para mayor seguridad en la manipulaci\u00f3n.<\/li>\n<li>Tapa con sistema de recorte interno para devolver el exceso de l\u00edquido<\/li>\n<\/ul>\n","protected":false},"excerpt":{"rendered":"<p>Detalles del producto Capacidad de 1,5L, ideal para diferentes tipos de productos de limpieza Tap\u00f3n medidor con grabado de gradaci\u00f3n en ml Solapa ergon\u00f3mica en la tapa para facilitar la apertura. Anillo de sellado que mantiene el contenedor cerrado para mayor seguridad en la manipulaci\u00f3n. Tapa con sistema de recorte interno para devolver el exceso [&#8230;]\n","protected":false},"featured_media":5210,"template":"","meta":[],"product_brand":[63],"product_cat":[54,26],"product_tag":[],"class_list":{"0":"post-3185","1":"product","2":"type-product","3":"status-publish","4":"has-post-thumbnail","6":"product_brand-ou","7":"product_cat-limpieza","8":"product_cat-ou","10":"first","11":"instock","12":"taxable","13":"shipping-taxable","14":"purchasable","15":"product-type-simple"},"jetpack-related-posts":[],"jetpack_sharing_enabled":true,"_links":{"self":[{"href":"https:\/\/depex.com.uy\/index.php?rest_route=\/wp\/v2\/product\/3185","targetHints":{"allow":["GET"]}}],"collection":[{"href":"https:\/\/depex.com.uy\/index.php?rest_route=\/wp\/v2\/product"}],"about":[{"href":"https:\/\/depex.com.uy\/index.php?rest_route=\/wp\/v2\/types\/product"}],"wp:featuredmedia":[{"embeddable":true,"href":"https:\/\/depex.com.uy\/index.php?rest_route=\/wp\/v2\/media\/5210"}],"wp:attachment":[{"href":"https:\/\/depex.com.uy\/index.php?rest_route=%2Fwp%2Fv2%2Fmedia&parent=3185"}],"wp:term":[{"taxonomy":"product_brand","embeddable":true,"href":"https:\/\/depex.com.uy\/index.php?rest_route=%2Fwp%2Fv2%2Fproduct_brand&post=3185"},{"taxonomy":"product_cat","embeddable":true,"href":"https:\/\/depex.com.uy\/index.php?rest_route=%2Fwp%2Fv2%2Fproduct_cat&post=3185"},{"taxonomy":"product_tag","embeddable":true,"href":"https:\/\/depex.com.uy\/index.php?rest_route=%2Fwp%2Fv2%2Fproduct_tag&post=3185"}],"curies":[{"name":"wp","href":"https:\/\/api.w.org\/{rel}","templated":true}]}}