{"id":3222,"date":"2024-08-17T01:34:21","date_gmt":"2024-08-17T04:34:21","guid":{"rendered":"https:\/\/depex.com.uy\/?post_type=product&#038;p=3222"},"modified":"2025-02-18T16:15:03","modified_gmt":"2025-02-18T19:15:03","slug":"organizador-multiuso-8-litros-ou-flow-negro","status":"publish","type":"product","link":"https:\/\/depex.com.uy\/?product=organizador-multiuso-8-litros-ou-flow-negro","title":{"rendered":"Organizador Multiuso 8 litros OU \u00abFlow\u00bb (Negro)"},"content":{"rendered":"<p class=\"lojaou-lojaou-3-x-titleDetalhes\"><strong>Detalles del producto<\/strong><\/p>\n<ul class=\"lojaou-lojaou-3-x-splitList\">\n<li>Fabricado con material resistente (Polipropileno y Bamb\u00fa)<\/li>\n<li>Mango ergon\u00f3mico de bamb\u00fa para un transporte c\u00f3modo<\/li>\n<li>Divisor interno para acomodar objetos organizados.<\/li>\n<\/ul>\n","protected":false},"excerpt":{"rendered":"<p>Detalles del producto Fabricado con material resistente (Polipropileno y Bamb\u00fa) Mango ergon\u00f3mico de bamb\u00fa para un transporte c\u00f3modo Divisor interno para acomodar objetos organizados.<\/p>\n","protected":false},"featured_media":3973,"template":"","meta":[],"product_brand":[63],"product_cat":[20,26],"product_tag":[],"class_list":{"0":"post-3222","1":"product","2":"type-product","3":"status-publish","4":"has-post-thumbnail","6":"product_brand-ou","7":"product_cat-organizacion","8":"product_cat-ou","10":"first","11":"instock","12":"taxable","13":"shipping-taxable","14":"purchasable","15":"product-type-simple"},"jetpack-related-posts":[],"jetpack_sharing_enabled":true,"_links":{"self":[{"href":"https:\/\/depex.com.uy\/index.php?rest_route=\/wp\/v2\/product\/3222","targetHints":{"allow":["GET"]}}],"collection":[{"href":"https:\/\/depex.com.uy\/index.php?rest_route=\/wp\/v2\/product"}],"about":[{"href":"https:\/\/depex.com.uy\/index.php?rest_route=\/wp\/v2\/types\/product"}],"wp:featuredmedia":[{"embeddable":true,"href":"https:\/\/depex.com.uy\/index.php?rest_route=\/wp\/v2\/media\/3973"}],"wp:attachment":[{"href":"https:\/\/depex.com.uy\/index.php?rest_route=%2Fwp%2Fv2%2Fmedia&parent=3222"}],"wp:term":[{"taxonomy":"product_brand","embeddable":true,"href":"https:\/\/depex.com.uy\/index.php?rest_route=%2Fwp%2Fv2%2Fproduct_brand&post=3222"},{"taxonomy":"product_cat","embeddable":true,"href":"https:\/\/depex.com.uy\/index.php?rest_route=%2Fwp%2Fv2%2Fproduct_cat&post=3222"},{"taxonomy":"product_tag","embeddable":true,"href":"https:\/\/depex.com.uy\/index.php?rest_route=%2Fwp%2Fv2%2Fproduct_tag&post=3222"}],"curies":[{"name":"wp","href":"https:\/\/api.w.org\/{rel}","templated":true}]}}