{"id":3224,"date":"2024-08-17T01:34:21","date_gmt":"2024-08-17T04:34:21","guid":{"rendered":"https:\/\/depex.com.uy\/?post_type=product&#038;p=3224"},"modified":"2025-02-18T16:15:04","modified_gmt":"2025-02-18T19:15:04","slug":"porta-cepillos-de-dientes-ou-bold-blanco","status":"publish","type":"product","link":"https:\/\/depex.com.uy\/?product=porta-cepillos-de-dientes-ou-bold-blanco","title":{"rendered":"Porta Cepillos de Dientes OU \u00abBold\u00bb (Blanco)"},"content":{"rendered":"<div class=\"lojaou-lojaou-3-x-triggerDescricao\">\n<h5 class=\"lojaou-lojaou-3-x-titleDescricao\"><span>Descripci\u00f3n<\/span><\/h5>\n<\/div>\n<p class=\"lojaou-lojaou-3-x-valueDescricao\"><span>Con un dise\u00f1o limpio y elegante y bordes redondeados, mantiene tus pinceles organizados, desinfectados y de f\u00e1cil acceso. La l\u00ednea Bold trae un porta escobillas perfecto para complementar tu ba\u00f1o con estilo y practicidad. Experimenta la practicidad de tener tus cepillos siempre a mano y disfruta de la sensaci\u00f3n de tener un ba\u00f1o siempre organizado. Fabricado en material PS.<\/span><\/p>\n","protected":false},"excerpt":{"rendered":"<p>Descripci\u00f3n Con un dise\u00f1o limpio y elegante y bordes redondeados, mantiene tus pinceles organizados, desinfectados y de f\u00e1cil acceso. La l\u00ednea Bold trae un porta escobillas perfecto para complementar tu ba\u00f1o con estilo y practicidad. Experimenta la practicidad de tener tus cepillos siempre a mano y disfruta de la sensaci\u00f3n de tener un ba\u00f1o siempre [&#8230;]\n","protected":false},"featured_media":3986,"template":"","meta":[],"product_brand":[63],"product_cat":[21,26],"product_tag":[],"class_list":{"0":"post-3224","1":"product","2":"type-product","3":"status-publish","4":"has-post-thumbnail","6":"product_brand-ou","7":"product_cat-bano","8":"product_cat-ou","10":"first","11":"instock","12":"taxable","13":"shipping-taxable","14":"purchasable","15":"product-type-simple"},"jetpack-related-posts":[],"jetpack_sharing_enabled":true,"_links":{"self":[{"href":"https:\/\/depex.com.uy\/index.php?rest_route=\/wp\/v2\/product\/3224","targetHints":{"allow":["GET"]}}],"collection":[{"href":"https:\/\/depex.com.uy\/index.php?rest_route=\/wp\/v2\/product"}],"about":[{"href":"https:\/\/depex.com.uy\/index.php?rest_route=\/wp\/v2\/types\/product"}],"wp:featuredmedia":[{"embeddable":true,"href":"https:\/\/depex.com.uy\/index.php?rest_route=\/wp\/v2\/media\/3986"}],"wp:attachment":[{"href":"https:\/\/depex.com.uy\/index.php?rest_route=%2Fwp%2Fv2%2Fmedia&parent=3224"}],"wp:term":[{"taxonomy":"product_brand","embeddable":true,"href":"https:\/\/depex.com.uy\/index.php?rest_route=%2Fwp%2Fv2%2Fproduct_brand&post=3224"},{"taxonomy":"product_cat","embeddable":true,"href":"https:\/\/depex.com.uy\/index.php?rest_route=%2Fwp%2Fv2%2Fproduct_cat&post=3224"},{"taxonomy":"product_tag","embeddable":true,"href":"https:\/\/depex.com.uy\/index.php?rest_route=%2Fwp%2Fv2%2Fproduct_tag&post=3224"}],"curies":[{"name":"wp","href":"https:\/\/api.w.org\/{rel}","templated":true}]}}