{"id":3231,"date":"2024-08-17T01:34:22","date_gmt":"2024-08-17T04:34:22","guid":{"rendered":"https:\/\/depex.com.uy\/?post_type=product&#038;p=3231"},"modified":"2025-02-18T16:15:06","modified_gmt":"2025-02-18T19:15:06","slug":"recipiente-hermetico-tapa-bambu-15-litros-ou-keep-natural","status":"publish","type":"product","link":"https:\/\/depex.com.uy\/?product=recipiente-hermetico-tapa-bambu-15-litros-ou-keep-natural","title":{"rendered":"Recipiente Herm\u00e9tico Tapa Bamb\u00fa 1,5 litros OU \u00abKeep\u00bb (Natural)"},"content":{"rendered":"<p class=\"lojaou-lojaou-3-x-titleDetalhes\"><strong>Detalles del producto<\/strong><\/p>\n<ul class=\"lojaou-lojaou-3-x-splitList\">\n<li><span>Transparencia para una visualizaci\u00f3n m\u00e1s sencilla para una vida cotidiana m\u00e1s pr\u00e1ctica<\/span><\/li>\n<li><span>Modularidad para un montaje funcional manteniendo la altura est\u00e1ndar.<\/span><\/li>\n<li><span>Anillo de silicona que permite un sellado herm\u00e9tico.<\/span><\/li>\n<\/ul>\n","protected":false},"excerpt":{"rendered":"<p>Detalles del producto Transparencia para una visualizaci\u00f3n m\u00e1s sencilla para una vida cotidiana m\u00e1s pr\u00e1ctica Modularidad para un montaje funcional manteniendo la altura est\u00e1ndar. Anillo de silicona que permite un sellado herm\u00e9tico.<\/p>\n","protected":false},"featured_media":3999,"template":"","meta":[],"product_brand":[63],"product_cat":[26,53],"product_tag":[],"class_list":{"0":"post-3231","1":"product","2":"type-product","3":"status-publish","4":"has-post-thumbnail","6":"product_brand-ou","7":"product_cat-ou","8":"product_cat-recipientes","10":"first","11":"instock","12":"taxable","13":"shipping-taxable","14":"purchasable","15":"product-type-simple"},"jetpack-related-posts":[],"jetpack_sharing_enabled":true,"_links":{"self":[{"href":"https:\/\/depex.com.uy\/index.php?rest_route=\/wp\/v2\/product\/3231","targetHints":{"allow":["GET"]}}],"collection":[{"href":"https:\/\/depex.com.uy\/index.php?rest_route=\/wp\/v2\/product"}],"about":[{"href":"https:\/\/depex.com.uy\/index.php?rest_route=\/wp\/v2\/types\/product"}],"wp:featuredmedia":[{"embeddable":true,"href":"https:\/\/depex.com.uy\/index.php?rest_route=\/wp\/v2\/media\/3999"}],"wp:attachment":[{"href":"https:\/\/depex.com.uy\/index.php?rest_route=%2Fwp%2Fv2%2Fmedia&parent=3231"}],"wp:term":[{"taxonomy":"product_brand","embeddable":true,"href":"https:\/\/depex.com.uy\/index.php?rest_route=%2Fwp%2Fv2%2Fproduct_brand&post=3231"},{"taxonomy":"product_cat","embeddable":true,"href":"https:\/\/depex.com.uy\/index.php?rest_route=%2Fwp%2Fv2%2Fproduct_cat&post=3231"},{"taxonomy":"product_tag","embeddable":true,"href":"https:\/\/depex.com.uy\/index.php?rest_route=%2Fwp%2Fv2%2Fproduct_tag&post=3231"}],"curies":[{"name":"wp","href":"https:\/\/api.w.org\/{rel}","templated":true}]}}