{"id":477,"date":"2023-04-18T20:04:42","date_gmt":"2023-04-18T23:04:42","guid":{"rendered":"https:\/\/depex.com.uy\/?post_type=product&#038;p=477"},"modified":"2025-02-18T16:12:33","modified_gmt":"2025-02-18T19:12:33","slug":"maceta-de-cultivo-grande-ou-cultivar","status":"publish","type":"product","link":"https:\/\/depex.com.uy\/?product=maceta-de-cultivo-grande-ou-cultivar","title":{"rendered":"Maceta de Cultivo 17x15cm OU \u00abCultivar\u00bb (Terracota)"},"content":{"rendered":"<p><strong data-redactor-tag=\"strong\">Maceta de Cultivo Grande OU \u00abCultivar\u00bb<\/strong><\/p>\n<p><strong data-redactor-tag=\"strong\">Caracter\u00edsticas:<\/strong><\/p>\n<p>La Maceta Cultivar G 16,5 x 16,5 x 15 cm es la soluci\u00f3n perfecta para decorar las m\u00e1s diversas estancias de la casa con plantas, suculentas, especias y jardines, aportando la vitalidad de la naturaleza al hogar, con colores que combinan con cualquier ambiente. La L\u00ednea es fabricada con materia prima reciclada en sociedad entre Ou, Braskem y el proyecto legal cap, donde se destinan correctamente aproximadamente 50 tapones para la fabricaci\u00f3n de cada jarr\u00f3n. Todos los floreros de la l\u00ednea est\u00e1n fabricados en material pl\u00e1stico resistente y flexible (Polipropileno). En el balc\u00f3n o en la sala, los floreros de la l\u00ednea Cultivar aportan practicidad a la hora de plantar y tambi\u00e9n ayudan a un mundo m\u00e1s sostenible.<\/p>\n<p><strong data-redactor-tag=\"strong\">Dimensiones:\u00a0<\/strong>165x165x150mm<\/p>\n","protected":false},"excerpt":{"rendered":"<p>Maceta de Cultivo Grande OU \u00abCultivar\u00bb Caracter\u00edsticas: La Maceta Cultivar G 16,5 x 16,5 x 15 cm es la soluci\u00f3n perfecta para decorar las m\u00e1s diversas estancias de la casa con plantas, suculentas, especias y jardines, aportando la vitalidad de la naturaleza al hogar, con colores que combinan con cualquier ambiente. La L\u00ednea es fabricada [&#8230;]\n","protected":false},"featured_media":682,"template":"","meta":[],"product_brand":[63],"product_cat":[22,26],"product_tag":[30,31,32],"class_list":{"0":"post-477","1":"product","2":"type-product","3":"status-publish","4":"has-post-thumbnail","6":"product_brand-ou","7":"product_cat-jardin","8":"product_cat-ou","9":"product_tag-jardin","10":"product_tag-maceta","11":"product_tag-ou","12":"pa_color-beige","13":"pa_color-terracota","15":"first","16":"instock","17":"taxable","18":"shipping-taxable","19":"purchasable","20":"product-type-simple"},"jetpack-related-posts":[],"jetpack_sharing_enabled":true,"_links":{"self":[{"href":"https:\/\/depex.com.uy\/index.php?rest_route=\/wp\/v2\/product\/477","targetHints":{"allow":["GET"]}}],"collection":[{"href":"https:\/\/depex.com.uy\/index.php?rest_route=\/wp\/v2\/product"}],"about":[{"href":"https:\/\/depex.com.uy\/index.php?rest_route=\/wp\/v2\/types\/product"}],"wp:featuredmedia":[{"embeddable":true,"href":"https:\/\/depex.com.uy\/index.php?rest_route=\/wp\/v2\/media\/682"}],"wp:attachment":[{"href":"https:\/\/depex.com.uy\/index.php?rest_route=%2Fwp%2Fv2%2Fmedia&parent=477"}],"wp:term":[{"taxonomy":"product_brand","embeddable":true,"href":"https:\/\/depex.com.uy\/index.php?rest_route=%2Fwp%2Fv2%2Fproduct_brand&post=477"},{"taxonomy":"product_cat","embeddable":true,"href":"https:\/\/depex.com.uy\/index.php?rest_route=%2Fwp%2Fv2%2Fproduct_cat&post=477"},{"taxonomy":"product_tag","embeddable":true,"href":"https:\/\/depex.com.uy\/index.php?rest_route=%2Fwp%2Fv2%2Fproduct_tag&post=477"}],"curies":[{"name":"wp","href":"https:\/\/api.w.org\/{rel}","templated":true}]}}