{"id":550,"date":"2023-04-19T18:07:57","date_gmt":"2023-04-19T21:07:57","guid":{"rendered":"https:\/\/depex.com.uy\/?post_type=product&#038;p=550"},"modified":"2025-02-18T16:12:34","modified_gmt":"2025-02-18T19:12:34","slug":"dispensador-de-jabon-liquido-260ml-ou-tule","status":"publish","type":"product","link":"https:\/\/depex.com.uy\/?product=dispensador-de-jabon-liquido-260ml-ou-tule","title":{"rendered":"Dispensador de Jab\u00f3n L\u00edquido 260ml OU \u00abTule\u00bb (Natural)"},"content":{"rendered":"<p><strong data-redactor-tag=\"strong\">Dispensador de Jab\u00f3n L\u00edquido 260ml OU \u00abTule\u00bb<br \/>\n<\/strong><\/p>\n<p><strong data-redactor-tag=\"strong\">Caracter\u00edsticas:<\/strong><\/p>\n<p>Tu ba\u00f1o con m\u00e1s elegancia y protecci\u00f3n. El Jabonero L\u00edquido Tule de 260 ml es el art\u00edculo perfecto para quien busca combinar funcionalidad y organizaci\u00f3n para los art\u00edculos de higiene personal en el lavabo. El Jabonero L\u00edquido Tule tiene una v\u00e1lvula con un tacto suave, que permite comodidad durante su uso. Adem\u00e1s de ser multiusos, puede usarse como porta crema o alcohol en gel, as\u00ed es, un toque de cuidado que puedes adoptar en casa: exprimido, pasado, cuidado. La L\u00ednea est\u00e1 hecha de materia prima r\u00edgida y brillante (Poliestireno), adem\u00e1s de tener diversidad de colores y dise\u00f1o org\u00e1nico, trayendo armon\u00eda con los dem\u00e1s art\u00edculos de ba\u00f1o. Practicidad y dise\u00f1o org\u00e1nico son las caracter\u00edsticas de la l\u00ednea Tule, pensada para brindar organizaci\u00f3n de calidad en tu ba\u00f1o.<\/p>\n<p><strong data-redactor-tag=\"strong\">Dimensiones:\u00a0<\/strong>80x80x170mm<\/p>\n","protected":false},"excerpt":{"rendered":"<p>Dispensador de Jab\u00f3n L\u00edquido 260ml OU \u00abTule\u00bb Caracter\u00edsticas: Tu ba\u00f1o con m\u00e1s elegancia y protecci\u00f3n. El Jabonero L\u00edquido Tule de 260 ml es el art\u00edculo perfecto para quien busca combinar funcionalidad y organizaci\u00f3n para los art\u00edculos de higiene personal en el lavabo. El Jabonero L\u00edquido Tule tiene una v\u00e1lvula con un tacto suave, que permite [&#8230;]\n","protected":false},"featured_media":587,"template":"","meta":[],"product_brand":[63],"product_cat":[21,26],"product_tag":[39,44,45,43,32],"class_list":{"0":"post-550","1":"product","2":"type-product","3":"status-publish","4":"has-post-thumbnail","6":"product_brand-ou","7":"product_cat-bano","8":"product_cat-ou","9":"product_tag-bano","10":"product_tag-dispensador","11":"product_tag-jabon-liquido","12":"product_tag-jabonera","13":"product_tag-ou","15":"first","16":"instock","17":"taxable","18":"shipping-taxable","19":"purchasable","20":"product-type-simple"},"jetpack-related-posts":[],"jetpack_sharing_enabled":true,"_links":{"self":[{"href":"https:\/\/depex.com.uy\/index.php?rest_route=\/wp\/v2\/product\/550","targetHints":{"allow":["GET"]}}],"collection":[{"href":"https:\/\/depex.com.uy\/index.php?rest_route=\/wp\/v2\/product"}],"about":[{"href":"https:\/\/depex.com.uy\/index.php?rest_route=\/wp\/v2\/types\/product"}],"wp:featuredmedia":[{"embeddable":true,"href":"https:\/\/depex.com.uy\/index.php?rest_route=\/wp\/v2\/media\/587"}],"wp:attachment":[{"href":"https:\/\/depex.com.uy\/index.php?rest_route=%2Fwp%2Fv2%2Fmedia&parent=550"}],"wp:term":[{"taxonomy":"product_brand","embeddable":true,"href":"https:\/\/depex.com.uy\/index.php?rest_route=%2Fwp%2Fv2%2Fproduct_brand&post=550"},{"taxonomy":"product_cat","embeddable":true,"href":"https:\/\/depex.com.uy\/index.php?rest_route=%2Fwp%2Fv2%2Fproduct_cat&post=550"},{"taxonomy":"product_tag","embeddable":true,"href":"https:\/\/depex.com.uy\/index.php?rest_route=%2Fwp%2Fv2%2Fproduct_tag&post=550"}],"curies":[{"name":"wp","href":"https:\/\/api.w.org\/{rel}","templated":true}]}}